{"id":147,"date":"2019-01-25T20:35:02","date_gmt":"2019-01-25T20:35:02","guid":{"rendered":"https:\/\/onestore.oceanwp.org\/?page_id=147"},"modified":"2025-12-25T14:18:10","modified_gmt":"2025-12-25T06:18:10","slug":"about","status":"publish","type":"page","link":"https:\/\/www.mesolube.com\/es\/about","title":{"rendered":"Acerca de"},"content":{"rendered":"<div data-elementor-type=\"wp-post\" data-elementor-id=\"147\" class=\"elementor elementor-147\">\n\t\t\t\t\t\t<section class=\"elementor-section elementor-top-section elementor-element elementor-element-f7c2ae3 elementor-section-height-min-height elementor-section-boxed elementor-section-height-default elementor-section-items-middle\" data-id=\"f7c2ae3\" data-element_type=\"section\" data-settings=\"{&quot;background_background&quot;:&quot;classic&quot;}\">\n\t\t\t\t\t\t\t<div class=\"elementor-background-overlay\"><\/div>\n\t\t\t\t\t\t\t<div class=\"elementor-container elementor-column-gap-default\">\n\t\t\t\t\t<div class=\"elementor-column elementor-col-100 elementor-top-column elementor-element elementor-element-2013795\" data-id=\"2013795\" data-element_type=\"column\" data-settings=\"{&quot;background_background&quot;:&quot;classic&quot;}\">\n\t\t\t<div class=\"elementor-widget-wrap elementor-element-populated\">\n\t\t\t\t\t\t<div class=\"elementor-element elementor-element-44fd843 elementor-widget elementor-widget-heading\" data-id=\"44fd843\" data-element_type=\"widget\" data-widget_type=\"heading.default\">\n\t\t\t\t<div class=\"elementor-widget-container\">\n\t\t\t\t\t<h2 class=\"elementor-heading-title elementor-size-default\">Tecnolog\u00eda Mesolube<\/h2>\t\t\t\t<\/div>\n\t\t\t\t<\/div>\n\t\t\t\t<div class=\"elementor-element elementor-element-f01a4d9 elementor-widget elementor-widget-text-editor\" data-id=\"f01a4d9\" data-element_type=\"widget\" data-widget_type=\"text-editor.default\">\n\t\t\t\t<div class=\"elementor-widget-container\">\n\t\t\t\t\t\t\t\t\t<div class=\"elementor-widget-wrap\"><div class=\"elementor-element elementor-element-f01a4d9 elementor-widget elementor-widget-text-editor\" data-id=\"f01a4d9\" data-element_type=\"widget\" data-widget_type=\"text-editor.default\"><div class=\"elementor-widget-container\"><div class=\"elementor-text-editor elementor-clearfix\"><p>Mesolube cuenta con un equipo t\u00e9cnico profesional que puede dise\u00f1ar y producir bombas de lubricaci\u00f3n, dispositivos dosificadores de lubricaci\u00f3n, accesorios de lubricaci\u00f3n y otros productos, y puede proporcionar soluciones espec\u00edficas de sistemas de lubricaci\u00f3n centralizada para resolver las necesidades de lubricaci\u00f3n de diversos equipos. Nuestros productos se utilizan principalmente en varias partes clave de equipos de automatizaci\u00f3n no est\u00e1ndar, como cadenas, motores el\u00e9ctricos, cremalleras de engranajes, engranajes abiertos, cojinetes de rodillos y deslizantes, sellos de eje, gu\u00edas deslizantes, husillos, etc.<\/p><\/div><\/div><\/div><\/div>\t\t\t\t\t\t\t\t<\/div>\n\t\t\t\t<\/div>\n\t\t\t\t\t<\/div>\n\t\t<\/div>\n\t\t\t\t\t<\/div>\n\t\t<\/section>\n\t\t\t\t<section class=\"elementor-section elementor-top-section elementor-element elementor-element-f2ba47a elementor-section-full_width elementor-section-content-middle elementor-section-height-default elementor-section-height-default\" data-id=\"f2ba47a\" data-element_type=\"section\" data-settings=\"{&quot;background_background&quot;:&quot;classic&quot;}\">\n\t\t\t\t\t\t<div class=\"elementor-container elementor-column-gap-no\">\n\t\t\t\t\t<div class=\"elementor-column elementor-col-50 elementor-top-column elementor-element elementor-element-1568f12\" data-id=\"1568f12\" data-element_type=\"column\">\n\t\t\t<div class=\"elementor-widget-wrap elementor-element-populated\">\n\t\t\t\t\t\t<div class=\"elementor-element elementor-element-a9fd447 elementor-widget elementor-widget-image\" data-id=\"a9fd447\" data-element_type=\"widget\" data-widget_type=\"image.default\">\n\t\t\t\t<div class=\"elementor-widget-container\">\n\t\t\t\t\t\t\t\t\t\t\t\t\t\t\t<img fetchpriority=\"high\" decoding=\"async\" width=\"562\" height=\"337\" src=\"https:\/\/www.mesolube.com\/wp-content\/uploads\/\u5fae\u4fe1\u56fe\u7247_20220912091843.png\" class=\"attachment-full size-full wp-image-2818\" alt=\"Auto Lube Systems on a fleet of Komatsu Construction\" srcset=\"https:\/\/www.mesolube.com\/wp-content\/uploads\/\u5fae\u4fe1\u56fe\u7247_20220912091843.png 562w, https:\/\/www.mesolube.com\/wp-content\/uploads\/\u5fae\u4fe1\u56fe\u7247_20220912091843-300x180.png 300w\" sizes=\"(max-width: 562px) 100vw, 562px\" \/>\t\t\t\t\t\t\t\t\t\t\t\t\t\t\t<\/div>\n\t\t\t\t<\/div>\n\t\t\t\t\t<\/div>\n\t\t<\/div>\n\t\t\t\t<div class=\"elementor-column elementor-col-50 elementor-top-column elementor-element elementor-element-9557250\" data-id=\"9557250\" data-element_type=\"column\">\n\t\t\t<div class=\"elementor-widget-wrap elementor-element-populated\">\n\t\t\t\t\t\t<div class=\"elementor-element elementor-element-2a70ed3 elementor-widget elementor-widget-heading\" data-id=\"2a70ed3\" data-element_type=\"widget\" data-widget_type=\"heading.default\">\n\t\t\t\t<div class=\"elementor-widget-container\">\n\t\t\t\t\t<h2 class=\"elementor-heading-title elementor-size-default\">T\u00e9cnicos<\/h2>\t\t\t\t<\/div>\n\t\t\t\t<\/div>\n\t\t\t\t<div class=\"elementor-element elementor-element-82785f8 elementor-widget elementor-widget-text-editor\" data-id=\"82785f8\" data-element_type=\"widget\" data-widget_type=\"text-editor.default\">\n\t\t\t\t<div class=\"elementor-widget-container\">\n\t\t\t\t\t\t\t\t\t<p>Contamos con un equipo profesional de investigaci\u00f3n y desarrollo de sistemas de lubricaci\u00f3n, y la experiencia laboral promedio de los miembros del equipo ha alcanzado m\u00e1s de 8 a\u00f1os. Antes de la creaci\u00f3n de la empresa, los miembros de nuestro equipo t\u00e9cnico se centraban en diferentes campos relacionados con los sistemas de lubricaci\u00f3n centralizada, como la tecnolog\u00eda hidr\u00e1ulica, la investigaci\u00f3n y el desarrollo de accesorios para m\u00e1quinas herramienta y la producci\u00f3n de lubricantes. Hoy, hemos reunido a varios directores para formar este equipo profesional de I+D de sistemas de lubricaci\u00f3n. Dado que nuestro equipo est\u00e1 compuesto por profesionales en diferentes campos, las bombas de lubricaci\u00f3n que desarrollamos ahora prestan m\u00e1s atenci\u00f3n a la estabilidad y durabilidad. Adem\u00e1s, gracias a nuestro control integral del sistema de lubricaci\u00f3n, nuestros productos estar\u00e1n m\u00e1s en l\u00ednea con las necesidades del mercado, en l\u00ednea con conceptos de dise\u00f1o avanzados y podr\u00e1n seguir el ritmo de los tiempos.<\/p>\t\t\t\t\t\t\t\t<\/div>\n\t\t\t\t<\/div>\n\t\t\t\t\t<\/div>\n\t\t<\/div>\n\t\t\t\t\t<\/div>\n\t\t<\/section>\n\t\t\t\t<section class=\"elementor-section elementor-top-section elementor-element elementor-element-67d53a1 elementor-section-full_width elementor-section-content-middle elementor-section-height-default elementor-section-height-default\" data-id=\"67d53a1\" data-element_type=\"section\" data-settings=\"{&quot;background_background&quot;:&quot;classic&quot;}\">\n\t\t\t\t\t\t<div class=\"elementor-container elementor-column-gap-no\">\n\t\t\t\t\t<div class=\"elementor-column elementor-col-50 elementor-top-column elementor-element elementor-element-6bf628d\" data-id=\"6bf628d\" data-element_type=\"column\">\n\t\t\t<div class=\"elementor-widget-wrap elementor-element-populated\">\n\t\t\t\t\t\t<div class=\"elementor-element elementor-element-d9a6a4e elementor-widget elementor-widget-heading\" data-id=\"d9a6a4e\" data-element_type=\"widget\" data-widget_type=\"heading.default\">\n\t\t\t\t<div class=\"elementor-widget-container\">\n\t\t\t\t\t<h2 class=\"elementor-heading-title elementor-size-default\">Fabricaci\u00f3n<\/h2>\t\t\t\t<\/div>\n\t\t\t\t<\/div>\n\t\t\t\t<div class=\"elementor-element elementor-element-60c7bdd elementor-widget elementor-widget-text-editor\" data-id=\"60c7bdd\" data-element_type=\"widget\" data-widget_type=\"text-editor.default\">\n\t\t\t\t<div class=\"elementor-widget-container\">\n\t\t\t\t\t\t\t\t\t<p>Nuestros productos avanzan con los tiempos en conceptos de dise\u00f1o y tecnolog\u00eda y tienen buena estabilidad y durabilidad. Para garantizar que nuestros productos sean estables, duraderos, eficientes y rentables, al seleccionar los materiales de producci\u00f3n, seleccionamos y probamos repetidamente entre muchos materiales, elegimos el mejor material y luego elegimos el fabricante con el que cooperamos. Por otro lado, el dise\u00f1o de nuestros productos es muy flexible. Por ejemplo, en un componente de bomba, se puede ensamblar en un modelo de dep\u00f3sito o en un modelo de cartucho para satisfacer diferentes necesidades. Debido a este dise\u00f1o flexible, el ciclo de producci\u00f3n del producto es muy corto y, al mismo tiempo, nos permite actualizar el producto a tiempo de acuerdo con la demanda del mercado y tambi\u00e9n es adecuado para personalizar productos para los clientes.<\/p>\t\t\t\t\t\t\t\t<\/div>\n\t\t\t\t<\/div>\n\t\t\t\t\t<\/div>\n\t\t<\/div>\n\t\t\t\t<div class=\"elementor-column elementor-col-50 elementor-top-column elementor-element elementor-element-573a5f8\" data-id=\"573a5f8\" data-element_type=\"column\">\n\t\t\t<div class=\"elementor-widget-wrap elementor-element-populated\">\n\t\t\t\t\t\t<div class=\"elementor-element elementor-element-fcb761e elementor-widget elementor-widget-image\" data-id=\"fcb761e\" data-element_type=\"widget\" data-widget_type=\"image.default\">\n\t\t\t\t<div class=\"elementor-widget-container\">\n\t\t\t\t\t\t\t\t\t\t\t\t\t\t\t<img decoding=\"async\" width=\"2560\" height=\"1920\" src=\"https:\/\/www.mesolube.com\/wp-content\/uploads\/IMG20231008083040-scaled.jpg\" class=\"attachment-full size-full wp-image-3532\" alt=\"electric grease lubrication pump\" srcset=\"https:\/\/www.mesolube.com\/wp-content\/uploads\/IMG20231008083040-scaled.jpg 2560w, https:\/\/www.mesolube.com\/wp-content\/uploads\/IMG20231008083040-scaled-800x600.jpg 800w, https:\/\/www.mesolube.com\/wp-content\/uploads\/IMG20231008083040-300x225.jpg 300w, https:\/\/www.mesolube.com\/wp-content\/uploads\/IMG20231008083040-1024x768.jpg 1024w, https:\/\/www.mesolube.com\/wp-content\/uploads\/IMG20231008083040-768x576.jpg 768w, https:\/\/www.mesolube.com\/wp-content\/uploads\/IMG20231008083040-1536x1152.jpg 1536w, https:\/\/www.mesolube.com\/wp-content\/uploads\/IMG20231008083040-2048x1536.jpg 2048w, https:\/\/www.mesolube.com\/wp-content\/uploads\/IMG20231008083040-16x12.jpg 16w\" sizes=\"(max-width: 2560px) 100vw, 2560px\" \/>\t\t\t\t\t\t\t\t\t\t\t\t\t\t\t<\/div>\n\t\t\t\t<\/div>\n\t\t\t\t\t<\/div>\n\t\t<\/div>\n\t\t\t\t\t<\/div>\n\t\t<\/section>\n\t\t\t\t<section class=\"elementor-section elementor-top-section elementor-element elementor-element-f0bf80e elementor-section-full_width elementor-section-content-middle elementor-section-height-default elementor-section-height-default\" data-id=\"f0bf80e\" data-element_type=\"section\" data-settings=\"{&quot;background_background&quot;:&quot;classic&quot;}\">\n\t\t\t\t\t\t<div class=\"elementor-container elementor-column-gap-no\">\n\t\t\t\t\t<div class=\"elementor-column elementor-col-50 elementor-top-column elementor-element elementor-element-2b7b847\" data-id=\"2b7b847\" data-element_type=\"column\">\n\t\t\t<div class=\"elementor-widget-wrap elementor-element-populated\">\n\t\t\t\t\t\t<div class=\"elementor-element elementor-element-06b31db elementor-widget elementor-widget-image\" data-id=\"06b31db\" data-element_type=\"widget\" data-widget_type=\"image.default\">\n\t\t\t\t<div class=\"elementor-widget-container\">\n\t\t\t\t\t\t\t\t\t\t\t\t\t\t\t<img decoding=\"async\" width=\"560\" height=\"528\" src=\"https:\/\/www.mesolube.com\/wp-content\/uploads\/\u5fae\u4fe1\u56fe\u7247_20220912091832.png\" class=\"attachment-full size-full wp-image-2814\" alt=\"aotomatic lubrication systems\" srcset=\"https:\/\/www.mesolube.com\/wp-content\/uploads\/\u5fae\u4fe1\u56fe\u7247_20220912091832.png 560w, https:\/\/www.mesolube.com\/wp-content\/uploads\/\u5fae\u4fe1\u56fe\u7247_20220912091832-300x283.png 300w\" sizes=\"(max-width: 560px) 100vw, 560px\" \/>\t\t\t\t\t\t\t\t\t\t\t\t\t\t\t<\/div>\n\t\t\t\t<\/div>\n\t\t\t\t\t<\/div>\n\t\t<\/div>\n\t\t\t\t<div class=\"elementor-column elementor-col-50 elementor-top-column elementor-element elementor-element-d33ef9f\" data-id=\"d33ef9f\" data-element_type=\"column\">\n\t\t\t<div class=\"elementor-widget-wrap elementor-element-populated\">\n\t\t\t\t\t\t<div class=\"elementor-element elementor-element-be9e3ed elementor-widget elementor-widget-heading\" data-id=\"be9e3ed\" data-element_type=\"widget\" data-widget_type=\"heading.default\">\n\t\t\t\t<div class=\"elementor-widget-container\">\n\t\t\t\t\t<h2 class=\"elementor-heading-title elementor-size-default\">Pruebas<\/h2>\t\t\t\t<\/div>\n\t\t\t\t<\/div>\n\t\t\t\t<div class=\"elementor-element elementor-element-b0cf05b elementor-widget elementor-widget-text-editor\" data-id=\"b0cf05b\" data-element_type=\"widget\" data-widget_type=\"text-editor.default\">\n\t\t\t\t<div class=\"elementor-widget-container\">\n\t\t\t\t\t\t\t\t\t<p>El proceso de producci\u00f3n de nuestros productos se implementa de acuerdo con el proceso est\u00e1ndar del sistema de calidad internacional ISO, y cada paso de producci\u00f3n y la calidad de producci\u00f3n de cada producto se monitorean durante todo el proceso. Antes de que nuestras bombas de lubricaci\u00f3n salgan al mercado, todas ellas deben pasar pruebas estrictas. Incluyendo pruebas de alta y baja temperatura, pruebas de estanqueidad, pruebas de presi\u00f3n de aire, pruebas de corriente y voltaje, pruebas de durabilidad, etc. Nos aseguramos de que cada producto cumpla con los requisitos antes de completar el proceso de producci\u00f3n.<\/p>\t\t\t\t\t\t\t\t<\/div>\n\t\t\t\t<\/div>\n\t\t\t\t\t<\/div>\n\t\t<\/div>\n\t\t\t\t\t<\/div>\n\t\t<\/section>\n\t\t\t\t<section class=\"elementor-section elementor-top-section elementor-element elementor-element-28fed29 elementor-section-full_width elementor-section-content-middle elementor-section-height-default elementor-section-height-default\" data-id=\"28fed29\" data-element_type=\"section\" data-settings=\"{&quot;background_background&quot;:&quot;classic&quot;}\">\n\t\t\t\t\t\t<div class=\"elementor-container elementor-column-gap-no\">\n\t\t\t\t\t<div class=\"elementor-column elementor-col-50 elementor-top-column elementor-element elementor-element-b06c833\" data-id=\"b06c833\" data-element_type=\"column\">\n\t\t\t<div class=\"elementor-widget-wrap elementor-element-populated\">\n\t\t\t\t\t\t<div class=\"elementor-element elementor-element-698191e elementor-widget elementor-widget-heading\" data-id=\"698191e\" data-element_type=\"widget\" data-widget_type=\"heading.default\">\n\t\t\t\t<div class=\"elementor-widget-container\">\n\t\t\t\t\t<h2 class=\"elementor-heading-title elementor-size-default\">Env\u00edo<\/h2>\t\t\t\t<\/div>\n\t\t\t\t<\/div>\n\t\t\t\t<div class=\"elementor-element elementor-element-c4df063 elementor-widget elementor-widget-text-editor\" data-id=\"c4df063\" data-element_type=\"widget\" data-widget_type=\"text-editor.default\">\n\t\t\t\t<div class=\"elementor-widget-container\">\n\t\t\t\t\t\t\t\t\t<p>La log\u00edstica y el transporte son un v\u00ednculo importante. Siempre estamos tratando de ahorrar tiempo y costos. Hemos explorado un buen m\u00e9todo de env\u00edo, establecido un almac\u00e9n y estamos mejorando constantemente, lo que implica inventario, distribuci\u00f3n, clasificaci\u00f3n, embalaje, etc. En t\u00e9rminos de transporte, coordinamos con varias empresas para obtener canales log\u00edsticos dedicados. Los productos MESOLUBE se han vendido a m\u00e1s de 80 pa\u00edses alrededor del mundo, incluidos Estados Unidos, Espa\u00f1a, Francia, Rusia, Alemania, Italia, Australia y Sudam\u00e9rica.<\/p>\t\t\t\t\t\t\t\t<\/div>\n\t\t\t\t<\/div>\n\t\t\t\t\t<\/div>\n\t\t<\/div>\n\t\t\t\t<div class=\"elementor-column elementor-col-50 elementor-top-column elementor-element elementor-element-b86b442\" data-id=\"b86b442\" data-element_type=\"column\">\n\t\t\t<div class=\"elementor-widget-wrap elementor-element-populated\">\n\t\t\t\t\t\t<div class=\"elementor-element elementor-element-3db0708 elementor-widget elementor-widget-image\" data-id=\"3db0708\" data-element_type=\"widget\" data-widget_type=\"image.default\">\n\t\t\t\t<div class=\"elementor-widget-container\">\n\t\t\t\t\t\t\t\t\t\t\t\t\t\t\t<img loading=\"lazy\" decoding=\"async\" width=\"2560\" height=\"1920\" src=\"https:\/\/www.mesolube.com\/wp-content\/uploads\/trashed-1701247603-IMG20231030150921-scaled.jpg\" class=\"attachment-full size-full wp-image-3534\" alt=\"automatic lubrication pump\" srcset=\"https:\/\/www.mesolube.com\/wp-content\/uploads\/trashed-1701247603-IMG20231030150921-scaled.jpg 2560w, https:\/\/www.mesolube.com\/wp-content\/uploads\/trashed-1701247603-IMG20231030150921-scaled-800x600.jpg 800w, https:\/\/www.mesolube.com\/wp-content\/uploads\/trashed-1701247603-IMG20231030150921-300x225.jpg 300w, https:\/\/www.mesolube.com\/wp-content\/uploads\/trashed-1701247603-IMG20231030150921-1024x768.jpg 1024w, https:\/\/www.mesolube.com\/wp-content\/uploads\/trashed-1701247603-IMG20231030150921-768x576.jpg 768w, https:\/\/www.mesolube.com\/wp-content\/uploads\/trashed-1701247603-IMG20231030150921-1536x1152.jpg 1536w, https:\/\/www.mesolube.com\/wp-content\/uploads\/trashed-1701247603-IMG20231030150921-2048x1536.jpg 2048w, https:\/\/www.mesolube.com\/wp-content\/uploads\/trashed-1701247603-IMG20231030150921-16x12.jpg 16w\" sizes=\"(max-width: 2560px) 100vw, 2560px\" \/>\t\t\t\t\t\t\t\t\t\t\t\t\t\t\t<\/div>\n\t\t\t\t<\/div>\n\t\t\t\t\t<\/div>\n\t\t<\/div>\n\t\t\t\t\t<\/div>\n\t\t<\/section>\n\t\t\t\t<section class=\"elementor-section elementor-top-section elementor-element elementor-element-7588db5 elementor-section-full_width elementor-section-content-middle elementor-section-height-default elementor-section-height-default\" data-id=\"7588db5\" data-element_type=\"section\" data-settings=\"{&quot;background_background&quot;:&quot;classic&quot;}\">\n\t\t\t\t\t\t<div class=\"elementor-container elementor-column-gap-no\">\n\t\t\t\t\t<div class=\"elementor-column elementor-col-50 elementor-top-column elementor-element elementor-element-4696e05\" data-id=\"4696e05\" data-element_type=\"column\">\n\t\t\t<div class=\"elementor-widget-wrap elementor-element-populated\">\n\t\t\t\t\t\t<div class=\"elementor-element elementor-element-01a8426 elementor-widget elementor-widget-image\" data-id=\"01a8426\" data-element_type=\"widget\" data-widget_type=\"image.default\">\n\t\t\t\t<div class=\"elementor-widget-container\">\n\t\t\t\t\t\t\t\t\t\t\t\t\t\t\t<img loading=\"lazy\" decoding=\"async\" width=\"1000\" height=\"1249\" src=\"https:\/\/www.mesolube.com\/wp-content\/uploads\/banner-mob.jpg\" class=\"attachment-full size-full wp-image-3387\" alt=\"grease lubrication pump\" srcset=\"https:\/\/www.mesolube.com\/wp-content\/uploads\/banner-mob.jpg 1000w, https:\/\/www.mesolube.com\/wp-content\/uploads\/banner-mob-800x999.jpg 800w, https:\/\/www.mesolube.com\/wp-content\/uploads\/banner-mob-240x300.jpg 240w, https:\/\/www.mesolube.com\/wp-content\/uploads\/banner-mob-820x1024.jpg 820w, https:\/\/www.mesolube.com\/wp-content\/uploads\/banner-mob-768x959.jpg 768w\" sizes=\"(max-width: 1000px) 100vw, 1000px\" \/>\t\t\t\t\t\t\t\t\t\t\t\t\t\t\t<\/div>\n\t\t\t\t<\/div>\n\t\t\t\t\t<\/div>\n\t\t<\/div>\n\t\t\t\t<div class=\"elementor-column elementor-col-50 elementor-top-column elementor-element elementor-element-9cf1c3b\" data-id=\"9cf1c3b\" data-element_type=\"column\">\n\t\t\t<div class=\"elementor-widget-wrap elementor-element-populated\">\n\t\t\t\t\t\t<div class=\"elementor-element elementor-element-5def838 elementor-widget elementor-widget-heading\" data-id=\"5def838\" data-element_type=\"widget\" data-widget_type=\"heading.default\">\n\t\t\t\t<div class=\"elementor-widget-container\">\n\t\t\t\t\t<h2 class=\"elementor-heading-title elementor-size-default\">Servicio<\/h2>\t\t\t\t<\/div>\n\t\t\t\t<\/div>\n\t\t\t\t<div class=\"elementor-element elementor-element-1c6d75b elementor-widget elementor-widget-text-editor\" data-id=\"1c6d75b\" data-element_type=\"widget\" data-widget_type=\"text-editor.default\">\n\t\t\t\t<div class=\"elementor-widget-container\">\n\t\t\t\t\t\t\t\t\t<p>Contamos con una garant\u00eda de un a\u00f1o para los componentes principales de la bomba de lubricaci\u00f3n, brindamos servicios de consultor\u00eda las 24 horas y brindamos instrucciones de instalaci\u00f3n, puesta en marcha y mantenimiento de acuerdo a las necesidades del cliente. Para servir mejor a nuestros clientes y facilitar el uso diario de las bombas de lubricaci\u00f3n, hemos desarrollado un conjunto de sistemas de servicio posventa. Si el producto falla, puede enviarlo al sistema y podremos responder r\u00e1pidamente y brindarle servicios lo m\u00e1s r\u00e1pido posible. Tambi\u00e9n puede publicar comentarios, hacer preguntas o sugerencias de servicios y realizar un seguimiento del progreso del servicio en cualquier momento.<\/p>\t\t\t\t\t\t\t\t<\/div>\n\t\t\t\t<\/div>\n\t\t\t\t\t<\/div>\n\t\t<\/div>\n\t\t\t\t\t<\/div>\n\t\t<\/section>\n\t\t\t\t<\/div>","protected":false},"excerpt":{"rendered":"<p>Mesolube Technology cuenta con un equipo t\u00e9cnico profesional que dise\u00f1a y produce bombas de lubricaci\u00f3n, dispositivos dosificadores de lubricaci\u00f3n, accesorios de lubricaci\u00f3n y otros productos, y ofrece soluciones espec\u00edficas para sistemas de lubricaci\u00f3n centralizada que satisfacen las necesidades de lubricaci\u00f3n de diversos equipos. Nuestros productos se utilizan principalmente en diversas piezas clave de equipos de automatizaci\u00f3n no est\u00e1ndar, como cadenas, [\u2026]<\/p>","protected":false},"author":1,"featured_media":0,"parent":0,"menu_order":0,"comment_status":"closed","ping_status":"closed","template":"","meta":{"ocean_post_layout":"full-screen","ocean_both_sidebars_style":"","ocean_both_sidebars_content_width":0,"ocean_both_sidebars_sidebars_width":0,"ocean_sidebar":"0","ocean_second_sidebar":"0","ocean_disable_margins":"enable","ocean_add_body_class":"","ocean_shortcode_before_top_bar":"","ocean_shortcode_after_top_bar":"","ocean_shortcode_before_header":"","ocean_shortcode_after_header":"","ocean_has_shortcode":"","ocean_shortcode_after_title":"","ocean_shortcode_before_footer_widgets":"","ocean_shortcode_after_footer_widgets":"","ocean_shortcode_before_footer_bottom":"","ocean_shortcode_after_footer_bottom":"","ocean_display_top_bar":"default","ocean_display_header":"default","ocean_header_style":"","ocean_center_header_left_menu":"0","ocean_custom_header_template":"0","ocean_custom_logo":0,"ocean_custom_retina_logo":0,"ocean_custom_logo_max_width":0,"ocean_custom_logo_tablet_max_width":0,"ocean_custom_logo_mobile_max_width":0,"ocean_custom_logo_max_height":0,"ocean_custom_logo_tablet_max_height":0,"ocean_custom_logo_mobile_max_height":0,"ocean_header_custom_menu":"0","ocean_menu_typo_font_family":"0","ocean_menu_typo_font_subset":"","ocean_menu_typo_font_size":0,"ocean_menu_typo_font_size_tablet":0,"ocean_menu_typo_font_size_mobile":0,"ocean_menu_typo_font_size_unit":"px","ocean_menu_typo_font_weight":"","ocean_menu_typo_font_weight_tablet":"","ocean_menu_typo_font_weight_mobile":"","ocean_menu_typo_transform":"","ocean_menu_typo_transform_tablet":"","ocean_menu_typo_transform_mobile":"","ocean_menu_typo_line_height":0,"ocean_menu_typo_line_height_tablet":0,"ocean_menu_typo_line_height_mobile":0,"ocean_menu_typo_line_height_unit":"","ocean_menu_typo_spacing":0,"ocean_menu_typo_spacing_tablet":0,"ocean_menu_typo_spacing_mobile":0,"ocean_menu_typo_spacing_unit":"","ocean_menu_link_color":"","ocean_menu_link_color_hover":"","ocean_menu_link_color_active":"","ocean_menu_link_background":"","ocean_menu_link_hover_background":"","ocean_menu_link_active_background":"","ocean_menu_social_links_bg":"","ocean_menu_social_hover_links_bg":"","ocean_menu_social_links_color":"","ocean_menu_social_hover_links_color":"","ocean_disable_title":"default","ocean_disable_heading":"default","ocean_post_title":"","ocean_post_subheading":"","ocean_post_title_style":"","ocean_post_title_background_color":"","ocean_post_title_background":0,"ocean_post_title_bg_image_position":"","ocean_post_title_bg_image_attachment":"","ocean_post_title_bg_image_repeat":"","ocean_post_title_bg_image_size":"","ocean_post_title_height":0,"ocean_post_title_bg_overlay":0.5,"ocean_post_title_bg_overlay_color":"","ocean_disable_breadcrumbs":"default","ocean_breadcrumbs_color":"","ocean_breadcrumbs_separator_color":"","ocean_breadcrumbs_links_color":"","ocean_breadcrumbs_links_hover_color":"","ocean_display_footer_widgets":"default","ocean_display_footer_bottom":"default","ocean_custom_footer_template":"0","osh_disable_topbar_sticky":"default","osh_disable_header_sticky":"default","osh_sticky_header_style":"default","osh_sticky_header_effect":"","osh_custom_sticky_logo":0,"osh_custom_retina_sticky_logo":0,"osh_custom_sticky_logo_height":0,"osh_background_color":"","osh_links_color":"","osh_links_hover_color":"","osh_links_active_color":"","osh_links_bg_color":"","osh_links_hover_bg_color":"","osh_links_active_bg_color":"","osh_menu_social_links_color":"","osh_menu_social_hover_links_color":"","footnotes":""},"class_list":["post-147","page","type-page","status-publish","hentry","entry","owp-thumbs-layout-horizontal","owp-btn-normal","owp-tabs-layout-horizontal","has-no-thumbnails"],"_links":{"self":[{"href":"https:\/\/www.mesolube.com\/es\/wp-json\/wp\/v2\/pages\/147","targetHints":{"allow":["GET"]}}],"collection":[{"href":"https:\/\/www.mesolube.com\/es\/wp-json\/wp\/v2\/pages"}],"about":[{"href":"https:\/\/www.mesolube.com\/es\/wp-json\/wp\/v2\/types\/page"}],"author":[{"embeddable":true,"href":"https:\/\/www.mesolube.com\/es\/wp-json\/wp\/v2\/users\/1"}],"replies":[{"embeddable":true,"href":"https:\/\/www.mesolube.com\/es\/wp-json\/wp\/v2\/comments?post=147"}],"version-history":[{"count":60,"href":"https:\/\/www.mesolube.com\/es\/wp-json\/wp\/v2\/pages\/147\/revisions"}],"predecessor-version":[{"id":3542,"href":"https:\/\/www.mesolube.com\/es\/wp-json\/wp\/v2\/pages\/147\/revisions\/3542"}],"wp:attachment":[{"href":"https:\/\/www.mesolube.com\/es\/wp-json\/wp\/v2\/media?parent=147"}],"curies":[{"name":"wp","href":"https:\/\/api.w.org\/{rel}","templated":true}]}}