{"id":1641,"date":"2020-12-14T08:47:01","date_gmt":"2020-12-14T08:47:01","guid":{"rendered":"https:\/\/www.mesolube.com\/?page_id=1641"},"modified":"2020-12-15T09:02:15","modified_gmt":"2020-12-15T09:02:15","slug":"shipping-policy","status":"publish","type":"page","link":"https:\/\/www.mesolube.com\/es\/shipping-policy","title":{"rendered":"Politica de envios"},"content":{"rendered":"<div data-elementor-type=\"wp-page\" data-elementor-id=\"1641\" class=\"elementor elementor-1641\">\n\t\t\t\t\t\t<section class=\"elementor-section elementor-top-section elementor-element elementor-element-97497fd elementor-section-boxed elementor-section-height-default elementor-section-height-default\" data-id=\"97497fd\" data-element_type=\"section\">\n\t\t\t\t\t\t<div class=\"elementor-container elementor-column-gap-default\">\n\t\t\t\t\t<div class=\"elementor-column elementor-col-100 elementor-top-column elementor-element elementor-element-f24b23c\" data-id=\"f24b23c\" data-element_type=\"column\">\n\t\t\t<div class=\"elementor-widget-wrap elementor-element-populated\">\n\t\t\t\t\t\t<div class=\"elementor-element elementor-element-839d244 oew-info-box-left oew-info-box-mobile-left elementor-widget elementor-widget-oew-info-box\" data-id=\"839d244\" data-element_type=\"widget\" data-settings=\"{&quot;position&quot;:&quot;left&quot;,&quot;position_mobile&quot;:&quot;left&quot;}\" data-widget_type=\"oew-info-box.default\">\n\t\t\t\t<div class=\"elementor-widget-container\">\n\t\t\t\t\t\n\t\t<div class=\"oew-info-box-wrap\">\n\t\t\t<div class=\"oew-info-box\">\n\n\t\t\t\t\t\t\t\t\t<div class=\"oew-info-box-icon-wrap\">\n\t\t\t\t\t\t<span class=\"oew-info-box-icon\">\n\t\t\t\t\t\t\t<i aria-hidden=\"true\" class=\"far fa-calendar-times\"><\/i>\t\t\t\t\t\t<\/span>\n\t\t\t\t\t<\/div>\n\t\t\t\t\t\n\t\t\t\t<div class=\"oew-info-box-content\">\n\t\t\t\t\t\t\t\t\t\t\t<h3 class=\"oew-info-box-title\">\n\t\t\t\t\t\t\t\u00bfCuanto tiempo tarda la entrega?\t\t\t\t\t\t<\/h3>\n\t\t\t\t\t\t\n\t\t\t\t\t\n\t\t\t\t\t\t\t\t\t\t\t<div class=\"oew-info-box-description\">\n\t\t\t\t\t\t\tDependiendo del modo de env\u00edo, el tiempo de tr\u00e1nsito es de 5 a 30 d\u00edas h\u00e1biles.\t\t\t\t\t\t<\/div>\n\t\t\t\t\t\t\n\t\t\t\t\t\t\t\t\t<\/div>\n\n\t\t\t<\/div>\n\t\t<\/div>\n\n\t\t\t\t\t\t<\/div>\n\t\t\t\t<\/div>\n\t\t\t\t<div class=\"elementor-element elementor-element-2a04978 oew-info-box-left oew-info-box-mobile-left elementor-widget elementor-widget-oew-info-box\" data-id=\"2a04978\" data-element_type=\"widget\" data-settings=\"{&quot;position&quot;:&quot;left&quot;,&quot;position_mobile&quot;:&quot;left&quot;}\" data-widget_type=\"oew-info-box.default\">\n\t\t\t\t<div class=\"elementor-widget-container\">\n\t\t\t\t\t\n\t\t<div class=\"oew-info-box-wrap\">\n\t\t\t<div class=\"oew-info-box\">\n\n\t\t\t\t\t\t\t\t\t<div class=\"oew-info-box-icon-wrap\">\n\t\t\t\t\t\t<span class=\"oew-info-box-icon\">\n\t\t\t\t\t\t\t<i aria-hidden=\"true\" class=\"far fa-clock\"><\/i>\t\t\t\t\t\t<\/span>\n\t\t\t\t\t<\/div>\n\t\t\t\t\t\n\t\t\t\t<div class=\"oew-info-box-content\">\n\t\t\t\t\t\t\t\t\t\t\t<h3 class=\"oew-info-box-title\">\n\t\t\t\t\t\t\t\u00bfC\u00f3mo se enviar\u00e1n las mercanc\u00edas?\t\t\t\t\t\t<\/h3>\n\t\t\t\t\t\t\n\t\t\t\t\t\n\t\t\t\t\t\t\t\t\t\t\t<div class=\"oew-info-box-description\">\n\t\t\t\t\t\t\tSeg\u00fan las necesidades de nuestros clientes, las mercanc\u00edas se enviar\u00e1n por mar, aire y carretera, y el tiempo de tr\u00e1nsito y los costos de env\u00edo tambi\u00e9n son diferentes.\t\t\t\t\t\t<\/div>\n\t\t\t\t\t\t\n\t\t\t\t\t\t\t\t\t<\/div>\n\n\t\t\t<\/div>\n\t\t<\/div>\n\n\t\t\t\t\t\t<\/div>\n\t\t\t\t<\/div>\n\t\t\t\t<div class=\"elementor-element elementor-element-f8f3b4d oew-info-box-left elementor-widget elementor-widget-oew-info-box\" data-id=\"f8f3b4d\" data-element_type=\"widget\" data-settings=\"{&quot;position&quot;:&quot;left&quot;}\" data-widget_type=\"oew-info-box.default\">\n\t\t\t\t<div class=\"elementor-widget-container\">\n\t\t\t\t\t\n\t\t<div class=\"oew-info-box-wrap\">\n\t\t\t<div class=\"oew-info-box\">\n\n\t\t\t\t\t\t\t\t\t<div class=\"oew-info-box-icon-wrap\">\n\t\t\t\t\t\t<span class=\"oew-info-box-icon\">\n\t\t\t\t\t\t\t<i aria-hidden=\"true\" class=\"fas fa-box\"><\/i>\t\t\t\t\t\t<\/span>\n\t\t\t\t\t<\/div>\n\t\t\t\t\t\n\t\t\t\t<div class=\"oew-info-box-content\">\n\t\t\t\t\t\t\t\t\t\t\t<h3 class=\"oew-info-box-title\">\n\t\t\t\t\t\t\tPed\u00ed m\u00e1s de un art\u00edculo, \u00bfse entregar\u00e1n todos al mismo tiempo?\t\t\t\t\t\t<\/h3>\n\t\t\t\t\t\t\n\t\t\t\t\t\n\t\t\t\t\t\t\t\t\t\t\t<div class=\"oew-info-box-description\">\n\t\t\t\t\t\t\tSi no hay circunstancias especiales, generalmente enviaremos todos los productos juntos. Una vez que se env\u00eden los productos, recibir\u00e1 un correo electr\u00f3nico de notificaci\u00f3n de entrega.\t\t\t\t\t\t<\/div>\n\t\t\t\t\t\t\n\t\t\t\t\t\t\t\t\t<\/div>\n\n\t\t\t<\/div>\n\t\t<\/div>\n\n\t\t\t\t\t\t<\/div>\n\t\t\t\t<\/div>\n\t\t\t\t<div class=\"elementor-element elementor-element-8e31a02 oew-info-box-left elementor-widget elementor-widget-oew-info-box\" data-id=\"8e31a02\" data-element_type=\"widget\" data-settings=\"{&quot;position&quot;:&quot;left&quot;}\" data-widget_type=\"oew-info-box.default\">\n\t\t\t\t<div class=\"elementor-widget-container\">\n\t\t\t\t\t\n\t\t<div class=\"oew-info-box-wrap\">\n\t\t\t<div class=\"oew-info-box\">\n\n\t\t\t\t\t\t\t\t\t<div class=\"oew-info-box-icon-wrap\">\n\t\t\t\t\t\t<span class=\"oew-info-box-icon\">\n\t\t\t\t\t\t\t<i aria-hidden=\"true\" class=\"fas fa-info-circle\"><\/i>\t\t\t\t\t\t<\/span>\n\t\t\t\t\t<\/div>\n\t\t\t\t\t\n\t\t\t\t<div class=\"oew-info-box-content\">\n\t\t\t\t\t\t\t\t\t\t\t<h3 class=\"oew-info-box-title\">\n\t\t\t\t\t\t\t\u00bfQu\u00e9 tipo de informaci\u00f3n de recepci\u00f3n debo proporcionar?\t\t\t\t\t\t<\/h3>\n\t\t\t\t\t\t\n\t\t\t\t\t\n\t\t\t\t\t\t\t\t\t\t\t<div class=\"oew-info-box-description\">\n\t\t\t\t\t\t\tLos canales comerciales de env\u00edo r\u00e1pido, como UPS, FedEx, DHL y TNT, no pueden enviar direcciones de apartado postal o APO\/FPO. Para los env\u00edos de mercanc\u00edas por canales de env\u00edo r\u00e1pido, se debe proporcionar la direcci\u00f3n detallada del destinatario, la calle del paquete, el c\u00f3digo postal, la ciudad, el pa\u00eds, el nombre completo del destinatario, un n\u00famero de contacto v\u00e1lido y una direcci\u00f3n de correo electr\u00f3nico.\t\t\t\t\t\t<\/div>\n\t\t\t\t\t\t\n\t\t\t\t\t\t\t\t\t<\/div>\n\n\t\t\t<\/div>\n\t\t<\/div>\n\n\t\t\t\t\t\t<\/div>\n\t\t\t\t<\/div>\n\t\t\t\t<div class=\"elementor-element elementor-element-cd706b5 oew-info-box-left elementor-widget elementor-widget-oew-info-box\" data-id=\"cd706b5\" data-element_type=\"widget\" data-settings=\"{&quot;position&quot;:&quot;left&quot;}\" data-widget_type=\"oew-info-box.default\">\n\t\t\t\t<div class=\"elementor-widget-container\">\n\t\t\t\t\t\n\t\t<div class=\"oew-info-box-wrap\">\n\t\t\t<div class=\"oew-info-box\">\n\n\t\t\t\t\t\t\t\t\t<div class=\"oew-info-box-icon-wrap\">\n\t\t\t\t\t\t<span class=\"oew-info-box-icon\">\n\t\t\t\t\t\t\t<i aria-hidden=\"true\" class=\"fas fa-headphones\"><\/i>\t\t\t\t\t\t<\/span>\n\t\t\t\t\t<\/div>\n\t\t\t\t\t\n\t\t\t\t<div class=\"oew-info-box-content\">\n\t\t\t\t\t\t\t\t\t\t\t<h3 class=\"oew-info-box-title\">\n\t\t\t\t\t\t\t\u00bfQu\u00e9 debo hacer cuando los productos que recib\u00ed son diferentes a los que compr\u00e9?\t\t\t\t\t\t<\/h3>\n\t\t\t\t\t\t\n\t\t\t\t\t\n\t\t\t\t\t\t\t\t\t\t\t<div class=\"oew-info-box-description\">\n\t\t\t\t\t\t\tSi tiene alg\u00fan problema con el env\u00edo de su paquete, comun\u00edquese con nuestro servicio de atenci\u00f3n al cliente a tiempo, https:\/\/www.mesolube.com\/contact.<span style=\"font-size: 15px;\"><\/span>\t\t\t\t\t\t<\/div>\n\t\t\t\t\t\t\n\t\t\t\t\t\t\t\t\t<\/div>\n\n\t\t\t<\/div>\n\t\t<\/div>\n\n\t\t\t\t\t\t<\/div>\n\t\t\t\t<\/div>\n\t\t\t\t<div class=\"elementor-element elementor-element-d9542e8 oew-info-box-left oew-info-box-mobile-left elementor-widget elementor-widget-oew-info-box\" data-id=\"d9542e8\" data-element_type=\"widget\" data-settings=\"{&quot;position&quot;:&quot;left&quot;,&quot;position_mobile&quot;:&quot;left&quot;}\" data-widget_type=\"oew-info-box.default\">\n\t\t\t\t<div class=\"elementor-widget-container\">\n\t\t\t\t\t\n\t\t<div class=\"oew-info-box-wrap\">\n\t\t\t<div class=\"oew-info-box\">\n\n\t\t\t\t\t\t\t\t\t<div class=\"oew-info-box-icon-wrap\">\n\t\t\t\t\t\t<span class=\"oew-info-box-icon\">\n\t\t\t\t\t\t\t<i aria-hidden=\"true\" class=\"far fa-question-circle\"><\/i>\t\t\t\t\t\t<\/span>\n\t\t\t\t\t<\/div>\n\t\t\t\t\t\n\t\t\t\t<div class=\"oew-info-box-content\">\n\t\t\t\t\t\t\t\t\t\t\t<h3 class=\"oew-info-box-title\">\n\t\t\t\t\t\t\tPreguntas m\u00e1s frecuentes\t\t\t\t\t\t<\/h3>\n\t\t\t\t\t\t\n\t\t\t\t\t\n\t\t\t\t\t\t\t\t\t\t\t<div class=\"oew-info-box-description\">\n\t\t\t\t\t\t\tPara obtener m\u00e1s informaci\u00f3n, haga clic en el siguiente enlace: https:\/\/mesolube.com\/faq\/\t\t\t\t\t\t<\/div>\n\t\t\t\t\t\t\n\t\t\t\t\t\t\t\t\t<\/div>\n\n\t\t\t<\/div>\n\t\t<\/div>\n\n\t\t\t\t\t\t<\/div>\n\t\t\t\t<\/div>\n\t\t\t\t\t<\/div>\n\t\t<\/div>\n\t\t\t\t\t<\/div>\n\t\t<\/section>\n\t\t\t\t<\/div>","protected":false},"excerpt":{"rendered":"<p>How long does delivery take? Depending on the mode of shipment, the transit time is 5-30 working days. How will the goods be shipped? According to the needs of our customers, the goods will be shipped by sea, air and road, and the transit time and shipping costs are also different. I ordered more than [&hellip;]<\/p>","protected":false},"author":1,"featured_media":0,"parent":0,"menu_order":0,"comment_status":"closed","ping_status":"closed","template":"","meta":{"ocean_post_layout":"","ocean_both_sidebars_style":"","ocean_both_sidebars_content_width":0,"ocean_both_sidebars_sidebars_width":0,"ocean_sidebar":"","ocean_second_sidebar":"","ocean_disable_margins":"enable","ocean_add_body_class":"","ocean_shortcode_before_top_bar":"","ocean_shortcode_after_top_bar":"","ocean_shortcode_before_header":"","ocean_shortcode_after_header":"","ocean_has_shortcode":"","ocean_shortcode_after_title":"","ocean_shortcode_before_footer_widgets":"","ocean_shortcode_after_footer_widgets":"","ocean_shortcode_before_footer_bottom":"","ocean_shortcode_after_footer_bottom":"","ocean_display_top_bar":"default","ocean_display_header":"default","ocean_header_style":"","ocean_center_header_left_menu":"","ocean_custom_header_template":"","ocean_custom_logo":0,"ocean_custom_retina_logo":0,"ocean_custom_logo_max_width":0,"ocean_custom_logo_tablet_max_width":0,"ocean_custom_logo_mobile_max_width":0,"ocean_custom_logo_max_height":0,"ocean_custom_logo_tablet_max_height":0,"ocean_custom_logo_mobile_max_height":0,"ocean_header_custom_menu":"","ocean_menu_typo_font_family":"","ocean_menu_typo_font_subset":"","ocean_menu_typo_font_size":0,"ocean_menu_typo_font_size_tablet":0,"ocean_menu_typo_font_size_mobile":0,"ocean_menu_typo_font_size_unit":"px","ocean_menu_typo_font_weight":"","ocean_menu_typo_font_weight_tablet":"","ocean_menu_typo_font_weight_mobile":"","ocean_menu_typo_transform":"","ocean_menu_typo_transform_tablet":"","ocean_menu_typo_transform_mobile":"","ocean_menu_typo_line_height":0,"ocean_menu_typo_line_height_tablet":0,"ocean_menu_typo_line_height_mobile":0,"ocean_menu_typo_line_height_unit":"","ocean_menu_typo_spacing":0,"ocean_menu_typo_spacing_tablet":0,"ocean_menu_typo_spacing_mobile":0,"ocean_menu_typo_spacing_unit":"","ocean_menu_link_color":"","ocean_menu_link_color_hover":"","ocean_menu_link_color_active":"","ocean_menu_link_background":"","ocean_menu_link_hover_background":"","ocean_menu_link_active_background":"","ocean_menu_social_links_bg":"","ocean_menu_social_hover_links_bg":"","ocean_menu_social_links_color":"","ocean_menu_social_hover_links_color":"","ocean_disable_title":"default","ocean_disable_heading":"default","ocean_post_title":"","ocean_post_subheading":"","ocean_post_title_style":"","ocean_post_title_background_color":"","ocean_post_title_background":0,"ocean_post_title_bg_image_position":"","ocean_post_title_bg_image_attachment":"","ocean_post_title_bg_image_repeat":"","ocean_post_title_bg_image_size":"","ocean_post_title_height":0,"ocean_post_title_bg_overlay":0.5,"ocean_post_title_bg_overlay_color":"","ocean_disable_breadcrumbs":"default","ocean_breadcrumbs_color":"","ocean_breadcrumbs_separator_color":"","ocean_breadcrumbs_links_color":"","ocean_breadcrumbs_links_hover_color":"","ocean_display_footer_widgets":"default","ocean_display_footer_bottom":"default","ocean_custom_footer_template":"","osh_disable_topbar_sticky":"default","osh_disable_header_sticky":"default","osh_sticky_header_style":"default","osh_sticky_header_effect":"","osh_custom_sticky_logo":0,"osh_custom_retina_sticky_logo":0,"osh_custom_sticky_logo_height":0,"osh_background_color":"","osh_links_color":"","osh_links_hover_color":"","osh_links_active_color":"","osh_links_bg_color":"","osh_links_hover_bg_color":"","osh_links_active_bg_color":"","osh_menu_social_links_color":"","osh_menu_social_hover_links_color":"","footnotes":""},"class_list":["post-1641","page","type-page","status-publish","hentry","entry","owp-thumbs-layout-horizontal","owp-btn-normal","owp-tabs-layout-horizontal","has-no-thumbnails"],"_links":{"self":[{"href":"https:\/\/www.mesolube.com\/es\/wp-json\/wp\/v2\/pages\/1641","targetHints":{"allow":["GET"]}}],"collection":[{"href":"https:\/\/www.mesolube.com\/es\/wp-json\/wp\/v2\/pages"}],"about":[{"href":"https:\/\/www.mesolube.com\/es\/wp-json\/wp\/v2\/types\/page"}],"author":[{"embeddable":true,"href":"https:\/\/www.mesolube.com\/es\/wp-json\/wp\/v2\/users\/1"}],"replies":[{"embeddable":true,"href":"https:\/\/www.mesolube.com\/es\/wp-json\/wp\/v2\/comments?post=1641"}],"version-history":[{"count":15,"href":"https:\/\/www.mesolube.com\/es\/wp-json\/wp\/v2\/pages\/1641\/revisions"}],"predecessor-version":[{"id":1776,"href":"https:\/\/www.mesolube.com\/es\/wp-json\/wp\/v2\/pages\/1641\/revisions\/1776"}],"wp:attachment":[{"href":"https:\/\/www.mesolube.com\/es\/wp-json\/wp\/v2\/media?parent=1641"}],"curies":[{"name":"wp","href":"https:\/\/api.w.org\/{rel}","templated":true}]}}