{"id":1260,"date":"2020-12-03T09:03:34","date_gmt":"2020-12-03T09:03:34","guid":{"rendered":"https:\/\/www.mesolube.com\/?post_type=product&#038;p=1260"},"modified":"2020-12-16T07:12:54","modified_gmt":"2020-12-16T07:12:54","slug":"p100-07c2410-electric-grease-lubrication-pump","status":"publish","type":"product","link":"https:\/\/www.mesolube.com\/es\/producto\/p100-07c2410-electric-grease-lubrication-pump","title":{"rendered":"Bomba el\u00e9ctrica de lubricaci\u00f3n con grasa P100-07C2410"},"content":{"rendered":"<p>El sistema de bomba de la serie P100 puede lubricar hasta 100 puntos de lubricaci\u00f3n y la l\u00ednea principal puede tener hasta 15 metros de largo.<br \/>\nTiene una v\u00e1lvula de alivio de presi\u00f3n para que sea adecuado para su uso en el sistema de lubricaci\u00f3n de un distribuidor presurizado de l\u00ednea \u00fanica.<br \/>\nDos versiones de la serie P100, versi\u00f3n de dep\u00f3sito y de cartucho.<\/p>\n<p><strong>Dep\u00f3sito de pl\u00e1stico transparente<\/strong><br \/>\nCapacidad: 0,3L, 0,5L, 1L, 1,2L, 1,7L, etc., incluidos filtros est\u00e1ndar.<br \/>\nVentajas<br \/>\n1. Flexible y f\u00e1cil de inyectar<br \/>\n2. Con diferente capacidad<br \/>\n3. Ampliar el tiempo de mantenimiento<br \/>\n4. Escape solo cuando el sistema est\u00e9 iniciado.<\/p>\n<p><strong>Cartucho precargado<\/strong><br \/>\nCon interruptor de nivel de l\u00edquido, se puede llenar con varias grasas NLGI000~2<br \/>\nVentajas<br \/>\n1. Evite el uso de lubricantes incorrectos o contaminados<br \/>\n2. Reducir la contaminaci\u00f3n por grasas al medio ambiente.<br \/>\n3. Puede simplificar la gesti\u00f3n de inventario<br \/>\n4. Reemplace el paquete de aceite de forma segura y limpia.<\/p>","protected":false},"excerpt":{"rendered":"<p>El sistema de bomba de la serie P100 puede lubricar hasta 100 puntos de lubricaci\u00f3n y la l\u00ednea principal puede tener hasta 15 metros. Tiene una v\u00e1lvula de alivio de presi\u00f3n para que sea adecuado para su uso en el sistema de lubricaci\u00f3n de l\u00ednea \u00fanica. Dos versiones de la serie P100, versi\u00f3n con dep\u00f3sito y versi\u00f3n con cartucho.<\/p>","protected":false},"featured_media":1261,"template":"","meta":{"ocean_post_layout":"","ocean_both_sidebars_style":"","ocean_both_sidebars_content_width":0,"ocean_both_sidebars_sidebars_width":0,"ocean_sidebar":"0","ocean_second_sidebar":"0","ocean_disable_margins":"enable","ocean_add_body_class":"","ocean_shortcode_before_top_bar":"","ocean_shortcode_after_top_bar":"","ocean_shortcode_before_header":"","ocean_shortcode_after_header":"","ocean_has_shortcode":"","ocean_shortcode_after_title":"","ocean_shortcode_before_footer_widgets":"","ocean_shortcode_after_footer_widgets":"","ocean_shortcode_before_footer_bottom":"","ocean_shortcode_after_footer_bottom":"","ocean_display_top_bar":"default","ocean_display_header":"default","ocean_header_style":"","ocean_center_header_left_menu":"0","ocean_custom_header_template":"0","ocean_custom_logo":0,"ocean_custom_retina_logo":0,"ocean_custom_logo_max_width":0,"ocean_custom_logo_tablet_max_width":0,"ocean_custom_logo_mobile_max_width":0,"ocean_custom_logo_max_height":0,"ocean_custom_logo_tablet_max_height":0,"ocean_custom_logo_mobile_max_height":0,"ocean_header_custom_menu":"0","ocean_menu_typo_font_family":"0","ocean_menu_typo_font_subset":"","ocean_menu_typo_font_size":0,"ocean_menu_typo_font_size_tablet":0,"ocean_menu_typo_font_size_mobile":0,"ocean_menu_typo_font_size_unit":"px","ocean_menu_typo_font_weight":"","ocean_menu_typo_font_weight_tablet":"","ocean_menu_typo_font_weight_mobile":"","ocean_menu_typo_transform":"","ocean_menu_typo_transform_tablet":"","ocean_menu_typo_transform_mobile":"","ocean_menu_typo_line_height":0,"ocean_menu_typo_line_height_tablet":0,"ocean_menu_typo_line_height_mobile":0,"ocean_menu_typo_line_height_unit":"","ocean_menu_typo_spacing":0,"ocean_menu_typo_spacing_tablet":0,"ocean_menu_typo_spacing_mobile":0,"ocean_menu_typo_spacing_unit":"","ocean_menu_link_color":"","ocean_menu_link_color_hover":"","ocean_menu_link_color_active":"","ocean_menu_link_background":"","ocean_menu_link_hover_background":"","ocean_menu_link_active_background":"","ocean_menu_social_links_bg":"","ocean_menu_social_hover_links_bg":"","ocean_menu_social_links_color":"","ocean_menu_social_hover_links_color":"","ocean_disable_title":"default","ocean_disable_heading":"default","ocean_post_title":"","ocean_post_subheading":"","ocean_post_title_style":"","ocean_post_title_background_color":"","ocean_post_title_background":0,"ocean_post_title_bg_image_position":"","ocean_post_title_bg_image_attachment":"","ocean_post_title_bg_image_repeat":"","ocean_post_title_bg_image_size":"","ocean_post_title_height":0,"ocean_post_title_bg_overlay":0.5,"ocean_post_title_bg_overlay_color":"","ocean_disable_breadcrumbs":"default","ocean_breadcrumbs_color":"","ocean_breadcrumbs_separator_color":"","ocean_breadcrumbs_links_color":"","ocean_breadcrumbs_links_hover_color":"","ocean_display_footer_widgets":"default","ocean_display_footer_bottom":"default","ocean_custom_footer_template":"0","osh_disable_topbar_sticky":"default","osh_disable_header_sticky":"default","osh_sticky_header_style":"default","osh_sticky_header_effect":"","osh_custom_sticky_logo":0,"osh_custom_retina_sticky_logo":0,"osh_custom_sticky_logo_height":0,"osh_background_color":"","osh_links_color":"","osh_links_hover_color":"","osh_links_active_color":"","osh_links_bg_color":"","osh_links_hover_bg_color":"","osh_links_active_bg_color":"","osh_menu_social_links_color":"","osh_menu_social_hover_links_color":""},"product_brand":[],"product_cat":[42],"product_tag":[51,50,54],"class_list":{"0":"post-1260","1":"product","2":"type-product","3":"status-publish","4":"has-post-thumbnail","6":"product_cat-electric-grease-pumps","7":"product_tag-automatic-pump","8":"product_tag-electric-pump","9":"product_tag-pressure-relief","11":"entry","12":"has-media","14":"first","15":"instock","16":"featured","17":"shipping-taxable","18":"product-type-external","19":"col","20":"span_1_of_3","21":"owp-content-left","22":"owp-thumbs-layout-horizontal","23":"owp-btn-normal","24":"owp-tabs-layout-horizontal"},"_links":{"self":[{"href":"https:\/\/www.mesolube.com\/es\/wp-json\/wp\/v2\/product\/1260","targetHints":{"allow":["GET"]}}],"collection":[{"href":"https:\/\/www.mesolube.com\/es\/wp-json\/wp\/v2\/product"}],"about":[{"href":"https:\/\/www.mesolube.com\/es\/wp-json\/wp\/v2\/types\/product"}],"wp:featuredmedia":[{"embeddable":true,"href":"https:\/\/www.mesolube.com\/es\/wp-json\/wp\/v2\/media\/1261"}],"wp:attachment":[{"href":"https:\/\/www.mesolube.com\/es\/wp-json\/wp\/v2\/media?parent=1260"}],"wp:term":[{"taxonomy":"product_brand","embeddable":true,"href":"https:\/\/www.mesolube.com\/es\/wp-json\/wp\/v2\/product_brand?post=1260"},{"taxonomy":"product_cat","embeddable":true,"href":"https:\/\/www.mesolube.com\/es\/wp-json\/wp\/v2\/product_cat?post=1260"},{"taxonomy":"product_tag","embeddable":true,"href":"https:\/\/www.mesolube.com\/es\/wp-json\/wp\/v2\/product_tag?post=1260"}],"curies":[{"name":"wp","href":"https:\/\/api.w.org\/{rel}","templated":true}]}}