{"id":1330,"date":"2020-12-04T02:57:13","date_gmt":"2020-12-04T02:57:13","guid":{"rendered":"https:\/\/www.mesolube.com\/?post_type=product&#038;p=1330"},"modified":"2021-04-17T13:05:49","modified_gmt":"2021-04-17T13:05:49","slug":"p100-152410-electric-lubrication-grease-pump","status":"publish","type":"product","link":"https:\/\/www.mesolube.com\/es\/producto\/p100-152410-electric-lubrication-grease-pump","title":{"rendered":"Bomba de grasa de lubricaci\u00f3n el\u00e9ctrica P100-152410"},"content":{"rendered":"<p>El sistema de bomba de la serie P100 puede lubricar hasta 100 puntos de lubricaci\u00f3n y la l\u00ednea principal puede tener hasta 15 metros de largo.<br \/>\nTiene una v\u00e1lvula de alivio de presi\u00f3n para que sea adecuado para su uso en el sistema de lubricaci\u00f3n de un distribuidor presurizado de l\u00ednea \u00fanica.<br \/>\nDos versiones de la serie P100, versi\u00f3n de dep\u00f3sito y de cartucho.<\/p>\n<p>Caracter\u00edsticas de la serie<br \/>\n1. Dos versiones con dep\u00f3sito o cartucho<br \/>\n2. Hasta 2 salidas de lubricante<br \/>\n3. Con funci\u00f3n de monitoreo de nivel de l\u00edquido<br \/>\n4. Voltaje 12\/24 VCC, 110\/220 VCA<br \/>\n5. Presi\u00f3n m\u00e1xima de funcionamiento 8MPa<br \/>\n6. Controlado por PLC externo o con controlador<br \/>\n7. Seis orificios de montaje opcionales ofrecen una variedad de posibilidades de instalaci\u00f3n<br \/>\n8. Bot\u00f3n de lubricaci\u00f3n manual para facilitar el arranque o escape del sistema.<br \/>\n9. Tornillo de ventilaci\u00f3n para una ventilaci\u00f3n sencilla durante el inicio del sistema o despu\u00e9s del cambio de cartucho<br \/>\n10. Uso en interiores<\/p>\n<p>Ventajas de la serie<br \/>\n1. Operaci\u00f3n simple, rentable, estable y confiable<br \/>\n2. Lubricaci\u00f3n eficaz, que prolonga la vida \u00fatil del equipo.<br \/>\n3. Rendimiento del sistema preciso y estable<br \/>\n4. Se puede ampliar a m\u00e1s puntos de lubricaci\u00f3n.<\/p>","protected":false},"excerpt":{"rendered":"<p>El sistema de bomba de la serie P100 puede lubricar hasta 100 puntos de lubricaci\u00f3n y la l\u00ednea principal puede tener hasta 15 metros. Tiene una v\u00e1lvula de alivio de presi\u00f3n para que sea adecuado para su uso en el sistema de lubricaci\u00f3n de un distribuidor presurizado de l\u00ednea \u00fanica.<\/p>","protected":false},"featured_media":1335,"template":"","meta":{"ocean_post_layout":"","ocean_both_sidebars_style":"","ocean_both_sidebars_content_width":0,"ocean_both_sidebars_sidebars_width":0,"ocean_sidebar":"0","ocean_second_sidebar":"0","ocean_disable_margins":"enable","ocean_add_body_class":"","ocean_shortcode_before_top_bar":"","ocean_shortcode_after_top_bar":"","ocean_shortcode_before_header":"","ocean_shortcode_after_header":"","ocean_has_shortcode":"","ocean_shortcode_after_title":"","ocean_shortcode_before_footer_widgets":"","ocean_shortcode_after_footer_widgets":"","ocean_shortcode_before_footer_bottom":"","ocean_shortcode_after_footer_bottom":"","ocean_display_top_bar":"default","ocean_display_header":"default","ocean_header_style":"","ocean_center_header_left_menu":"0","ocean_custom_header_template":"0","ocean_custom_logo":0,"ocean_custom_retina_logo":0,"ocean_custom_logo_max_width":0,"ocean_custom_logo_tablet_max_width":0,"ocean_custom_logo_mobile_max_width":0,"ocean_custom_logo_max_height":0,"ocean_custom_logo_tablet_max_height":0,"ocean_custom_logo_mobile_max_height":0,"ocean_header_custom_menu":"0","ocean_menu_typo_font_family":"0","ocean_menu_typo_font_subset":"","ocean_menu_typo_font_size":0,"ocean_menu_typo_font_size_tablet":0,"ocean_menu_typo_font_size_mobile":0,"ocean_menu_typo_font_size_unit":"px","ocean_menu_typo_font_weight":"","ocean_menu_typo_font_weight_tablet":"","ocean_menu_typo_font_weight_mobile":"","ocean_menu_typo_transform":"","ocean_menu_typo_transform_tablet":"","ocean_menu_typo_transform_mobile":"","ocean_menu_typo_line_height":0,"ocean_menu_typo_line_height_tablet":0,"ocean_menu_typo_line_height_mobile":0,"ocean_menu_typo_line_height_unit":"","ocean_menu_typo_spacing":0,"ocean_menu_typo_spacing_tablet":0,"ocean_menu_typo_spacing_mobile":0,"ocean_menu_typo_spacing_unit":"","ocean_menu_link_color":"","ocean_menu_link_color_hover":"","ocean_menu_link_color_active":"","ocean_menu_link_background":"","ocean_menu_link_hover_background":"","ocean_menu_link_active_background":"","ocean_menu_social_links_bg":"","ocean_menu_social_hover_links_bg":"","ocean_menu_social_links_color":"","ocean_menu_social_hover_links_color":"","ocean_disable_title":"default","ocean_disable_heading":"default","ocean_post_title":"","ocean_post_subheading":"","ocean_post_title_style":"","ocean_post_title_background_color":"","ocean_post_title_background":0,"ocean_post_title_bg_image_position":"","ocean_post_title_bg_image_attachment":"","ocean_post_title_bg_image_repeat":"","ocean_post_title_bg_image_size":"","ocean_post_title_height":0,"ocean_post_title_bg_overlay":0.5,"ocean_post_title_bg_overlay_color":"","ocean_disable_breadcrumbs":"default","ocean_breadcrumbs_color":"","ocean_breadcrumbs_separator_color":"","ocean_breadcrumbs_links_color":"","ocean_breadcrumbs_links_hover_color":"","ocean_display_footer_widgets":"default","ocean_display_footer_bottom":"default","ocean_custom_footer_template":"0","osh_disable_topbar_sticky":"default","osh_disable_header_sticky":"default","osh_sticky_header_style":"default","osh_sticky_header_effect":"","osh_custom_sticky_logo":0,"osh_custom_retina_sticky_logo":0,"osh_custom_sticky_logo_height":0,"osh_background_color":"","osh_links_color":"","osh_links_hover_color":"","osh_links_active_color":"","osh_links_bg_color":"","osh_links_hover_bg_color":"","osh_links_active_bg_color":"","osh_menu_social_links_color":"","osh_menu_social_hover_links_color":""},"product_brand":[],"product_cat":[42],"product_tag":[49,58,57],"class_list":{"0":"post-1330","1":"product","2":"type-product","3":"status-publish","4":"has-post-thumbnail","6":"product_cat-electric-grease-pumps","7":"product_tag-grease-pump","8":"product_tag-lubricant-pump","9":"product_tag-reservoir-version","11":"entry","12":"has-media","14":"first","15":"instock","16":"shipping-taxable","17":"product-type-external","18":"col","19":"span_1_of_3","20":"owp-content-left","21":"owp-thumbs-layout-horizontal","22":"owp-btn-normal","23":"owp-tabs-layout-horizontal"},"_links":{"self":[{"href":"https:\/\/www.mesolube.com\/es\/wp-json\/wp\/v2\/product\/1330","targetHints":{"allow":["GET"]}}],"collection":[{"href":"https:\/\/www.mesolube.com\/es\/wp-json\/wp\/v2\/product"}],"about":[{"href":"https:\/\/www.mesolube.com\/es\/wp-json\/wp\/v2\/types\/product"}],"wp:featuredmedia":[{"embeddable":true,"href":"https:\/\/www.mesolube.com\/es\/wp-json\/wp\/v2\/media\/1335"}],"wp:attachment":[{"href":"https:\/\/www.mesolube.com\/es\/wp-json\/wp\/v2\/media?parent=1330"}],"wp:term":[{"taxonomy":"product_brand","embeddable":true,"href":"https:\/\/www.mesolube.com\/es\/wp-json\/wp\/v2\/product_brand?post=1330"},{"taxonomy":"product_cat","embeddable":true,"href":"https:\/\/www.mesolube.com\/es\/wp-json\/wp\/v2\/product_cat?post=1330"},{"taxonomy":"product_tag","embeddable":true,"href":"https:\/\/www.mesolube.com\/es\/wp-json\/wp\/v2\/product_tag?post=1330"}],"curies":[{"name":"wp","href":"https:\/\/api.w.org\/{rel}","templated":true}]}}