{"id":2100,"date":"2021-04-17T12:43:10","date_gmt":"2021-04-17T12:43:10","guid":{"rendered":"https:\/\/www.mesolube.com\/?post_type=product&#038;p=2100"},"modified":"2022-10-06T02:54:48","modified_gmt":"2022-10-06T02:54:48","slug":"mql-2041-minimum-quantity-lubrication-system","status":"publish","type":"product","link":"https:\/\/www.mesolube.com\/es\/producto\/mql-2041-minimum-quantity-lubrication-system","title":{"rendered":"Sistema de lubricaci\u00f3n de cantidad m\u00ednima MQL-2041"},"content":{"rendered":"<p class=\"responsive-video-wrap clr\"><iframe title=\"Dispositivo MQL en l\u00ednea de productos\" width=\"1200\" height=\"675\" src=\"https:\/\/www.youtube.com\/embed\/SXr3AW_-Rzw?feature=oembed\" frameborder=\"0\" allow=\"accelerometer; autoplay; clipboard-write; encrypted-media; gyroscope; picture-in-picture\" allowfullscreen><\/iframe><\/p>\n<p>Introducci\u00f3n al sistema<\/p>\n<p>El sistema de lubricaci\u00f3n de cantidad m\u00ednima utiliza una bomba de desplazamiento positivo para proporcionar una pulverizaci\u00f3n continua de fluido a una velocidad precisa. El sistema ofrece flexibilidad manteniendo la simplicidad y puede funcionar utilizando \u00fanicamente aire comprimido.<\/p>\n<p>El MQL proporciona una lubricaci\u00f3n sencilla y precisa. Hay dos tipos de bombas disponibles: bombas atomizadoras que proporcionan una mezcla de aire y aceite, y bombas de solo aceite. Estas bombas de desplazamiento positivo ajustables est\u00e1n probadas con un historial de consistencia y confiabilidad. Su dise\u00f1o modular permite apilar varias bombas juntas cuando se requiere m\u00e1s de una salida, de modo que cada sistema se puede adaptar espec\u00edficamente para la aplicaci\u00f3n. Cada pila de bombas incluye un ajuste de carrera para la salida de la bomba y un generador de impulsos para controlar la velocidad del ciclo de la bomba.<\/p>\n<p>Las bombas atomizadoras tambi\u00e9n tienen un tornillo dosificador de aire para regular el flujo de aire de salida. La combinaci\u00f3n de estos ajustes brinda un control total de la salida de pulverizaci\u00f3n. Nuestras bombas atomizadoras est\u00e1n dise\u00f1adas para brindar a\u00f1os de servicio en entornos industriales dif\u00edciles, y cada sistema se prueba minuciosamente antes de llegar al mercado.<\/p>","protected":false},"excerpt":{"rendered":"<p>El sistema de lubricaci\u00f3n de cantidad m\u00ednima utiliza una bomba de desplazamiento positivo para proporcionar una pulverizaci\u00f3n continua de fluido a una velocidad precisa. El sistema ofrece flexibilidad manteniendo la simplicidad y puede funcionar utilizando \u00fanicamente aire comprimido.<\/p>","protected":false},"featured_media":2101,"template":"","meta":{"ocean_post_layout":"","ocean_both_sidebars_style":"","ocean_both_sidebars_content_width":0,"ocean_both_sidebars_sidebars_width":0,"ocean_sidebar":"0","ocean_second_sidebar":"0","ocean_disable_margins":"enable","ocean_add_body_class":"","ocean_shortcode_before_top_bar":"","ocean_shortcode_after_top_bar":"","ocean_shortcode_before_header":"","ocean_shortcode_after_header":"","ocean_has_shortcode":"","ocean_shortcode_after_title":"","ocean_shortcode_before_footer_widgets":"","ocean_shortcode_after_footer_widgets":"","ocean_shortcode_before_footer_bottom":"","ocean_shortcode_after_footer_bottom":"","ocean_display_top_bar":"default","ocean_display_header":"default","ocean_header_style":"","ocean_center_header_left_menu":"0","ocean_custom_header_template":"0","ocean_custom_logo":0,"ocean_custom_retina_logo":0,"ocean_custom_logo_max_width":0,"ocean_custom_logo_tablet_max_width":0,"ocean_custom_logo_mobile_max_width":0,"ocean_custom_logo_max_height":0,"ocean_custom_logo_tablet_max_height":0,"ocean_custom_logo_mobile_max_height":0,"ocean_header_custom_menu":"0","ocean_menu_typo_font_family":"0","ocean_menu_typo_font_subset":"","ocean_menu_typo_font_size":0,"ocean_menu_typo_font_size_tablet":0,"ocean_menu_typo_font_size_mobile":0,"ocean_menu_typo_font_size_unit":"px","ocean_menu_typo_font_weight":"","ocean_menu_typo_font_weight_tablet":"","ocean_menu_typo_font_weight_mobile":"","ocean_menu_typo_transform":"","ocean_menu_typo_transform_tablet":"","ocean_menu_typo_transform_mobile":"","ocean_menu_typo_line_height":0,"ocean_menu_typo_line_height_tablet":0,"ocean_menu_typo_line_height_mobile":0,"ocean_menu_typo_line_height_unit":"","ocean_menu_typo_spacing":0,"ocean_menu_typo_spacing_tablet":0,"ocean_menu_typo_spacing_mobile":0,"ocean_menu_typo_spacing_unit":"","ocean_menu_link_color":"","ocean_menu_link_color_hover":"","ocean_menu_link_color_active":"","ocean_menu_link_background":"","ocean_menu_link_hover_background":"","ocean_menu_link_active_background":"","ocean_menu_social_links_bg":"","ocean_menu_social_hover_links_bg":"","ocean_menu_social_links_color":"","ocean_menu_social_hover_links_color":"","ocean_disable_title":"default","ocean_disable_heading":"default","ocean_post_title":"","ocean_post_subheading":"","ocean_post_title_style":"","ocean_post_title_background_color":"","ocean_post_title_background":0,"ocean_post_title_bg_image_position":"","ocean_post_title_bg_image_attachment":"","ocean_post_title_bg_image_repeat":"","ocean_post_title_bg_image_size":"","ocean_post_title_height":0,"ocean_post_title_bg_overlay":0.5,"ocean_post_title_bg_overlay_color":"","ocean_disable_breadcrumbs":"default","ocean_breadcrumbs_color":"","ocean_breadcrumbs_separator_color":"","ocean_breadcrumbs_links_color":"","ocean_breadcrumbs_links_hover_color":"","ocean_display_footer_widgets":"default","ocean_display_footer_bottom":"default","ocean_custom_footer_template":"0","osh_disable_topbar_sticky":"default","osh_disable_header_sticky":"default","osh_sticky_header_style":"default","osh_sticky_header_effect":"","osh_custom_sticky_logo":0,"osh_custom_retina_sticky_logo":0,"osh_custom_sticky_logo_height":0,"osh_background_color":"","osh_links_color":"","osh_links_hover_color":"","osh_links_active_color":"","osh_links_bg_color":"","osh_links_hover_bg_color":"","osh_links_active_bg_color":"","osh_menu_social_links_color":"","osh_menu_social_hover_links_color":""},"product_brand":[],"product_cat":[46],"product_tag":[101,79,102],"class_list":{"0":"post-2100","1":"product","2":"type-product","3":"status-publish","4":"has-post-thumbnail","6":"product_cat-minimal-quantity-lubrication-pumps","7":"product_tag-minimal-quantity-lubrication-system","8":"product_tag-mql","9":"product_tag-pneumatic-lubrication-pump","11":"entry","12":"has-media","14":"first","15":"instock","16":"shipping-taxable","17":"product-type-external","18":"col","19":"span_1_of_3","20":"owp-content-left","21":"owp-thumbs-layout-horizontal","22":"owp-btn-normal","23":"owp-tabs-layout-horizontal"},"_links":{"self":[{"href":"https:\/\/www.mesolube.com\/es\/wp-json\/wp\/v2\/product\/2100","targetHints":{"allow":["GET"]}}],"collection":[{"href":"https:\/\/www.mesolube.com\/es\/wp-json\/wp\/v2\/product"}],"about":[{"href":"https:\/\/www.mesolube.com\/es\/wp-json\/wp\/v2\/types\/product"}],"wp:featuredmedia":[{"embeddable":true,"href":"https:\/\/www.mesolube.com\/es\/wp-json\/wp\/v2\/media\/2101"}],"wp:attachment":[{"href":"https:\/\/www.mesolube.com\/es\/wp-json\/wp\/v2\/media?parent=2100"}],"wp:term":[{"taxonomy":"product_brand","embeddable":true,"href":"https:\/\/www.mesolube.com\/es\/wp-json\/wp\/v2\/product_brand?post=2100"},{"taxonomy":"product_cat","embeddable":true,"href":"https:\/\/www.mesolube.com\/es\/wp-json\/wp\/v2\/product_cat?post=2100"},{"taxonomy":"product_tag","embeddable":true,"href":"https:\/\/www.mesolube.com\/es\/wp-json\/wp\/v2\/product_tag?post=2100"}],"curies":[{"name":"wp","href":"https:\/\/api.w.org\/{rel}","templated":true}]}}