{"id":2976,"date":"2023-02-14T02:03:27","date_gmt":"2023-02-14T02:03:27","guid":{"rendered":"https:\/\/www.mesolube.com\/?post_type=product&#038;p=2976"},"modified":"2023-02-14T03:11:38","modified_gmt":"2023-02-14T03:11:38","slug":"d400-metering-devices-single-line-lubrication-systems","status":"publish","type":"product","link":"https:\/\/www.mesolube.com\/es\/producto\/d400-metering-devices-single-line-lubrication-systems","title":{"rendered":"Dispositivos dosificadores D400 - sistemas de lubricaci\u00f3n de una sola l\u00ednea"},"content":{"rendered":"<p class=\"responsive-video-wrap clr\"><iframe title=\"dispositivos medidores para sistema de lubricaci\u00f3n de l\u00ednea \u00fanica,\" width=\"1200\" height=\"675\" src=\"https:\/\/www.youtube.com\/embed\/13WlhpjQNXI?feature=oembed\" frameborder=\"0\" allow=\"accelerometer; autoplay; clipboard-write; encrypted-media; gyroscope; picture-in-picture; web-share\" allowfullscreen><\/iframe><\/p>\n<p>El dispositivo dosificador de la serie D400 es adecuado para todos los sistemas de lubricaci\u00f3n centralizada de una sola l\u00ednea.<\/p>\n<p><strong>Caracter\u00edsticas<\/strong><br \/>\nPrincipio de funcionamientodispositivo dosificador de prelubricaci\u00f3n<\/p>\n<p>Salidas 1-10<\/p>\n<p>Cantidad de dosificaci\u00f3n, ajustable0,016-1,31 cm\u00b3<em>0,001-0,08 pulgadas\u00b3<\/em><\/p>\n<p>Lubricanteaceite mineral y sint\u00e9ticoTemperatura de funcionamiento-26 a +93 \u00b0C<em>-15 a +200 \u00b0F<\/em><\/p>\n<p>Resistente al calor m\u00e1x. +176\u00b0C<em>+350 \u00b0F<\/em>Presi\u00f3n de funcionamiento m\u00edn. 52 barras<br \/>\nm\u00e1x. 70 barras<em>m\u00edn. 750 psi<br \/>\nm\u00e1x. 1000 psi<\/em>Presi\u00f3n de alivio 10 bar<em>150 psi<\/em><\/p>\n<p>Materialacero al carbono,<br \/>\nConexi\u00f3n l\u00ednea principal3\/8 NPTF (F)Conexi\u00f3n salida1\/8 NPTF (F)Dimensiones m\u00edn. 63\u00d7179,4\u00d752,4mm<br \/>\nm\u00e1x. 171 \u00d7 179,4 \u00d7 52,4 mil\u00edmetros<em>m\u00edn. 2,5 \u00d7 7,1 \u00d7 2,1 pulgadas<br \/>\nm\u00e1x. 6,75 \u00d7 7,1 \u00d7 2,1 pulgadas<br \/>\n<\/em>Posici\u00f3n de montajecualquiera<\/p>\n<p>&nbsp;<\/p>","protected":false},"excerpt":{"rendered":"<p>Para sistema de lubricaci\u00f3n central de l\u00ednea \u00fanica.<\/p>\n<p>Para dispensar lubricantes l\u00edquidos o semil\u00edquidos<\/p>\n<p>La salida es ajustable externamente.<\/p>\n<p>El v\u00e1stago indicador permite la verificaci\u00f3n visual del funcionamiento del inyector.<\/p>","protected":false},"featured_media":2977,"template":"","meta":{"ocean_post_layout":"","ocean_both_sidebars_style":"","ocean_both_sidebars_content_width":0,"ocean_both_sidebars_sidebars_width":0,"ocean_sidebar":"0","ocean_second_sidebar":"0","ocean_disable_margins":"enable","ocean_add_body_class":"","ocean_shortcode_before_top_bar":"","ocean_shortcode_after_top_bar":"","ocean_shortcode_before_header":"","ocean_shortcode_after_header":"","ocean_has_shortcode":"","ocean_shortcode_after_title":"","ocean_shortcode_before_footer_widgets":"","ocean_shortcode_after_footer_widgets":"","ocean_shortcode_before_footer_bottom":"","ocean_shortcode_after_footer_bottom":"","ocean_display_top_bar":"default","ocean_display_header":"default","ocean_header_style":"","ocean_center_header_left_menu":"0","ocean_custom_header_template":"0","ocean_custom_logo":0,"ocean_custom_retina_logo":0,"ocean_custom_logo_max_width":0,"ocean_custom_logo_tablet_max_width":0,"ocean_custom_logo_mobile_max_width":0,"ocean_custom_logo_max_height":0,"ocean_custom_logo_tablet_max_height":0,"ocean_custom_logo_mobile_max_height":0,"ocean_header_custom_menu":"0","ocean_menu_typo_font_family":"0","ocean_menu_typo_font_subset":"","ocean_menu_typo_font_size":0,"ocean_menu_typo_font_size_tablet":0,"ocean_menu_typo_font_size_mobile":0,"ocean_menu_typo_font_size_unit":"px","ocean_menu_typo_font_weight":"","ocean_menu_typo_font_weight_tablet":"","ocean_menu_typo_font_weight_mobile":"","ocean_menu_typo_transform":"","ocean_menu_typo_transform_tablet":"","ocean_menu_typo_transform_mobile":"","ocean_menu_typo_line_height":0,"ocean_menu_typo_line_height_tablet":0,"ocean_menu_typo_line_height_mobile":0,"ocean_menu_typo_line_height_unit":"","ocean_menu_typo_spacing":0,"ocean_menu_typo_spacing_tablet":0,"ocean_menu_typo_spacing_mobile":0,"ocean_menu_typo_spacing_unit":"","ocean_menu_link_color":"","ocean_menu_link_color_hover":"","ocean_menu_link_color_active":"","ocean_menu_link_background":"","ocean_menu_link_hover_background":"","ocean_menu_link_active_background":"","ocean_menu_social_links_bg":"","ocean_menu_social_hover_links_bg":"","ocean_menu_social_links_color":"","ocean_menu_social_hover_links_color":"","ocean_disable_title":"default","ocean_disable_heading":"default","ocean_post_title":"","ocean_post_subheading":"","ocean_post_title_style":"","ocean_post_title_background_color":"","ocean_post_title_background":0,"ocean_post_title_bg_image_position":"","ocean_post_title_bg_image_attachment":"","ocean_post_title_bg_image_repeat":"","ocean_post_title_bg_image_size":"","ocean_post_title_height":0,"ocean_post_title_bg_overlay":0.5,"ocean_post_title_bg_overlay_color":"","ocean_disable_breadcrumbs":"default","ocean_breadcrumbs_color":"","ocean_breadcrumbs_separator_color":"","ocean_breadcrumbs_links_color":"","ocean_breadcrumbs_links_hover_color":"","ocean_display_footer_widgets":"default","ocean_display_footer_bottom":"default","ocean_custom_footer_template":"0","osh_disable_topbar_sticky":"default","osh_disable_header_sticky":"default","osh_sticky_header_style":"default","osh_sticky_header_effect":"","osh_custom_sticky_logo":0,"osh_custom_retina_sticky_logo":0,"osh_custom_sticky_logo_height":0,"osh_background_color":"","osh_links_color":"","osh_links_hover_color":"","osh_links_active_color":"","osh_links_bg_color":"","osh_links_hover_bg_color":"","osh_links_active_bg_color":"","osh_menu_social_links_color":"","osh_menu_social_hover_links_color":""},"product_brand":[],"product_cat":[47],"product_tag":[146,60,62,63],"class_list":{"0":"post-2976","1":"product","2":"type-product","3":"status-publish","4":"has-post-thumbnail","6":"product_cat-lubrication-metering-devices","7":"product_tag-automatic-lubircation-system","8":"product_tag-distributor","9":"product_tag-lubrication-metering","10":"product_tag-metering-device","12":"entry","13":"has-media","15":"first","16":"instock","17":"shipping-taxable","18":"product-type-external","19":"col","20":"span_1_of_3","21":"owp-content-left","22":"owp-thumbs-layout-horizontal","23":"owp-btn-normal","24":"owp-tabs-layout-horizontal"},"_links":{"self":[{"href":"https:\/\/www.mesolube.com\/es\/wp-json\/wp\/v2\/product\/2976","targetHints":{"allow":["GET"]}}],"collection":[{"href":"https:\/\/www.mesolube.com\/es\/wp-json\/wp\/v2\/product"}],"about":[{"href":"https:\/\/www.mesolube.com\/es\/wp-json\/wp\/v2\/types\/product"}],"wp:featuredmedia":[{"embeddable":true,"href":"https:\/\/www.mesolube.com\/es\/wp-json\/wp\/v2\/media\/2977"}],"wp:attachment":[{"href":"https:\/\/www.mesolube.com\/es\/wp-json\/wp\/v2\/media?parent=2976"}],"wp:term":[{"taxonomy":"product_brand","embeddable":true,"href":"https:\/\/www.mesolube.com\/es\/wp-json\/wp\/v2\/product_brand?post=2976"},{"taxonomy":"product_cat","embeddable":true,"href":"https:\/\/www.mesolube.com\/es\/wp-json\/wp\/v2\/product_cat?post=2976"},{"taxonomy":"product_tag","embeddable":true,"href":"https:\/\/www.mesolube.com\/es\/wp-json\/wp\/v2\/product_tag?post=2976"}],"curies":[{"name":"wp","href":"https:\/\/api.w.org\/{rel}","templated":true}]}}