{"id":3671,"date":"2024-04-12T04:23:52","date_gmt":"2024-04-12T04:23:52","guid":{"rendered":"https:\/\/www.mesolube.com\/?post_type=product&#038;p=3671"},"modified":"2024-04-12T04:53:47","modified_gmt":"2024-04-12T04:53:47","slug":"p300-4l-electrical-grease-lubrication-pump-with-controller-in-automatic-lubricaton-sytem","status":"publish","type":"product","link":"https:\/\/www.mesolube.com\/es\/producto\/p300-4l-electrical-grease-lubrication-pump-with-controller-in-automatic-lubricaton-sytem","title":{"rendered":"Bomba el\u00e9ctrica de lubricaci\u00f3n con grasa P300-4L con controlador en sistema de lubricaci\u00f3n autom\u00e1tica"},"content":{"rendered":"<p class=\"responsive-video-wrap clr\"><iframe title=\"Bomba de grasa el\u00e9ctrica\" width=\"1200\" height=\"675\" src=\"https:\/\/www.youtube.com\/embed\/2VDVAEYrEVU?feature=oembed\" frameborder=\"0\" allow=\"accelerometer; autoplay; clipboard-write; encrypted-media; gyroscope; picture-in-picture; web-share\" referrerpolicy=\"strict-origin-when-cross-origin\" allowfullscreen><\/iframe><\/p>\n<p>Para sistemas de lubricaci\u00f3n progresiva<br \/>\nLa bomba de lubricaci\u00f3n P300 es vers\u00e1til, compacta y econ\u00f3mica. Dependiendo de la longitud de la tuber\u00eda, se pueden prever hasta 150 puntos de lubricaci\u00f3n. Consta de una carcasa con motor integrado, un tanque de almacenamiento de l\u00edquido con paleta agitadora, un elemento de bomba con v\u00e1lvula reductora de presi\u00f3n, una boquilla de inyecci\u00f3n de aceite y piezas de conexi\u00f3n el\u00e9ctrica. Esta potente bomba puede impulsar hasta tres elementos de bomba y puede equiparse con una bomba el\u00e9ctrica de lubricaci\u00f3n con grasa de control de bajo nivel que se utiliza en equipos de excavadoras.<strong>Bombas de lubricaci\u00f3n<\/strong>\u00a0Alimente el lubricante desde el dep\u00f3sito de lubricante al sistema de tuber\u00edas del sistema autom\u00e1tico centralizado.\u00a0<strong>sistema de lubricaci\u00f3n<\/strong>. La presi\u00f3n manom\u00e9trica debe ser lo suficientemente alta para compensar las ca\u00eddas de presi\u00f3n en las tuber\u00edas, componentes (filtros, v\u00e1lvulas, distribuidores) y puntos de fricci\u00f3n.<\/p>","protected":false},"excerpt":{"rendered":"<p>Cuando se trata de\u00a0<strong>bombas de grasa el\u00e9ctricas<\/strong>\u00a0En el caso de las excavadoras, estos dispositivos desempe\u00f1an un papel fundamental para garantizar una lubricaci\u00f3n eficiente y automatizada de la maquinaria y el equipo. Exploremos algunos detalles sobre las bombas de grasa el\u00e9ctricas que se utilizan habitualmente en las excavadoras:<\/p>","protected":false},"featured_media":3674,"template":"","meta":{"ocean_post_layout":"","ocean_both_sidebars_style":"","ocean_both_sidebars_content_width":0,"ocean_both_sidebars_sidebars_width":0,"ocean_sidebar":"0","ocean_second_sidebar":"0","ocean_disable_margins":"enable","ocean_add_body_class":"","ocean_shortcode_before_top_bar":"","ocean_shortcode_after_top_bar":"","ocean_shortcode_before_header":"","ocean_shortcode_after_header":"","ocean_has_shortcode":"","ocean_shortcode_after_title":"","ocean_shortcode_before_footer_widgets":"","ocean_shortcode_after_footer_widgets":"","ocean_shortcode_before_footer_bottom":"","ocean_shortcode_after_footer_bottom":"","ocean_display_top_bar":"default","ocean_display_header":"default","ocean_header_style":"","ocean_center_header_left_menu":"0","ocean_custom_header_template":"0","ocean_custom_logo":0,"ocean_custom_retina_logo":0,"ocean_custom_logo_max_width":0,"ocean_custom_logo_tablet_max_width":0,"ocean_custom_logo_mobile_max_width":0,"ocean_custom_logo_max_height":0,"ocean_custom_logo_tablet_max_height":0,"ocean_custom_logo_mobile_max_height":0,"ocean_header_custom_menu":"0","ocean_menu_typo_font_family":"0","ocean_menu_typo_font_subset":"","ocean_menu_typo_font_size":0,"ocean_menu_typo_font_size_tablet":0,"ocean_menu_typo_font_size_mobile":0,"ocean_menu_typo_font_size_unit":"px","ocean_menu_typo_font_weight":"","ocean_menu_typo_font_weight_tablet":"","ocean_menu_typo_font_weight_mobile":"","ocean_menu_typo_transform":"","ocean_menu_typo_transform_tablet":"","ocean_menu_typo_transform_mobile":"","ocean_menu_typo_line_height":0,"ocean_menu_typo_line_height_tablet":0,"ocean_menu_typo_line_height_mobile":0,"ocean_menu_typo_line_height_unit":"","ocean_menu_typo_spacing":0,"ocean_menu_typo_spacing_tablet":0,"ocean_menu_typo_spacing_mobile":0,"ocean_menu_typo_spacing_unit":"","ocean_menu_link_color":"","ocean_menu_link_color_hover":"","ocean_menu_link_color_active":"","ocean_menu_link_background":"","ocean_menu_link_hover_background":"","ocean_menu_link_active_background":"","ocean_menu_social_links_bg":"","ocean_menu_social_hover_links_bg":"","ocean_menu_social_links_color":"","ocean_menu_social_hover_links_color":"","ocean_disable_title":"default","ocean_disable_heading":"default","ocean_post_title":"","ocean_post_subheading":"","ocean_post_title_style":"","ocean_post_title_background_color":"","ocean_post_title_background":0,"ocean_post_title_bg_image_position":"","ocean_post_title_bg_image_attachment":"","ocean_post_title_bg_image_repeat":"","ocean_post_title_bg_image_size":"","ocean_post_title_height":0,"ocean_post_title_bg_overlay":0.5,"ocean_post_title_bg_overlay_color":"","ocean_disable_breadcrumbs":"default","ocean_breadcrumbs_color":"","ocean_breadcrumbs_separator_color":"","ocean_breadcrumbs_links_color":"","ocean_breadcrumbs_links_hover_color":"","ocean_display_footer_widgets":"default","ocean_display_footer_bottom":"default","ocean_custom_footer_template":"0","osh_disable_topbar_sticky":"default","osh_disable_header_sticky":"default","osh_sticky_header_style":"default","osh_sticky_header_effect":"","osh_custom_sticky_logo":0,"osh_custom_retina_sticky_logo":0,"osh_custom_sticky_logo_height":0,"osh_background_color":"","osh_links_color":"","osh_links_hover_color":"","osh_links_active_color":"","osh_links_bg_color":"","osh_links_hover_bg_color":"","osh_links_active_bg_color":"","osh_menu_social_links_color":"","osh_menu_social_hover_links_color":""},"product_brand":[],"product_cat":[42],"product_tag":[138,50,52,140,139],"class_list":{"0":"post-3671","1":"product","2":"type-product","3":"status-publish","4":"has-post-thumbnail","6":"product_cat-electric-grease-pumps","7":"product_tag-centralized-lubrication-pump","8":"product_tag-electric-pump","9":"product_tag-lubrication-pump","10":"product_tag-lubrication-pumps","11":"product_tag-p203-grease-pump","13":"entry","14":"has-media","16":"first","17":"instock","18":"featured","19":"shipping-taxable","20":"product-type-external","21":"col","22":"span_1_of_3","23":"owp-content-left","24":"owp-thumbs-layout-horizontal","25":"owp-btn-normal","26":"owp-tabs-layout-horizontal"},"_links":{"self":[{"href":"https:\/\/www.mesolube.com\/es\/wp-json\/wp\/v2\/product\/3671","targetHints":{"allow":["GET"]}}],"collection":[{"href":"https:\/\/www.mesolube.com\/es\/wp-json\/wp\/v2\/product"}],"about":[{"href":"https:\/\/www.mesolube.com\/es\/wp-json\/wp\/v2\/types\/product"}],"wp:featuredmedia":[{"embeddable":true,"href":"https:\/\/www.mesolube.com\/es\/wp-json\/wp\/v2\/media\/3674"}],"wp:attachment":[{"href":"https:\/\/www.mesolube.com\/es\/wp-json\/wp\/v2\/media?parent=3671"}],"wp:term":[{"taxonomy":"product_brand","embeddable":true,"href":"https:\/\/www.mesolube.com\/es\/wp-json\/wp\/v2\/product_brand?post=3671"},{"taxonomy":"product_cat","embeddable":true,"href":"https:\/\/www.mesolube.com\/es\/wp-json\/wp\/v2\/product_cat?post=3671"},{"taxonomy":"product_tag","embeddable":true,"href":"https:\/\/www.mesolube.com\/es\/wp-json\/wp\/v2\/product_tag?post=3671"}],"curies":[{"name":"wp","href":"https:\/\/api.w.org\/{rel}","templated":true}]}}