{"id":3736,"date":"2024-08-08T09:36:06","date_gmt":"2024-08-08T09:36:06","guid":{"rendered":"https:\/\/www.mesolube.com\/?post_type=product&#038;p=3736"},"modified":"2024-08-08T09:47:02","modified_gmt":"2024-08-08T09:47:02","slug":"d100-ssv6-progressive-distributor-for-construction-machinery","status":"publish","type":"product","link":"https:\/\/www.mesolube.com\/es\/producto\/d100-ssv6-progressive-distributor-for-construction-machinery","title":{"rendered":"Distribuidor progresivo D100-SSV6 para maquinaria de construcci\u00f3n"},"content":{"rendered":"<p class=\"responsive-video-wrap clr\"><iframe title=\"dispositivos de dosificaci\u00f3n progresiva 6-20oulet\" width=\"1200\" height=\"675\" src=\"https:\/\/www.youtube.com\/embed\/yDzqlxOZhJs?feature=oembed\" frameborder=\"0\" allow=\"accelerometer; autoplay; clipboard-write; encrypted-media; gyroscope; picture-in-picture; web-share\" referrerpolicy=\"strict-origin-when-cross-origin\" allowfullscreen><\/iframe><\/p>\n<p>El dispositivo dosificador de la serie D100 es adecuado para todos los sistemas de lubricaci\u00f3n centralizada progresiva.<\/p>\n<p><strong>Caracter\u00edsticas<\/strong><br \/>\nEl dispositivo dosificador de la serie D100 es de tipo \u00e9mbolo.<br \/>\nDistribuye autom\u00e1ticamente el lubricante desde la bomba a los puntos de lubricaci\u00f3n conectados.<br \/>\nLa cantidad dosificada de cada salida es de 0,2 ml por ciclo.<br \/>\nCuando una o m\u00e1s salidas est\u00e1n cerradas, la cantidad medida de cada salida cambia en m\u00faltiplos.<br \/>\nSe puede seleccionar un dispositivo dosificador con 6-12 salidas, hasta 22 salidas.<br \/>\nLubricante utilizado: Grasa mineral superior a \u221240 mm\u00b2\/s(cS) o grasa inferior a NLGI2.<\/p>\n<p><strong>Montaje<\/strong><br \/>\nInstale el dispositivo dosificador en el lugar apropiado seg\u00fan el diagrama de lubricaci\u00f3n.<br \/>\nSe recomienda que al montar el dispositivo medidor, no permita que la salida est\u00e9 demasiado cerca de la placa inferior de la instalaci\u00f3n, de lo contrario no ser\u00e1 f\u00e1cil solucionar el problema cuando el sistema est\u00e9 bloqueado.<br \/>\nAl montar una v\u00e1lvula dosificadora con indicador, se debe garantizar que su indicador sea f\u00e1cil de observar visualmente.<br \/>\nCuando utilice conectores r\u00e1pidos, preste atenci\u00f3n a los siguientes problemas:<br \/>\nEn la entrada del dispositivo dosificador solo se puede utilizar un conector r\u00e1pido con hebillas reforzadas y anillos de sellado.<br \/>\nPara mangueras de alta presi\u00f3n (\u03a68,6\u00d72,3 mm), se debe utilizar un conector r\u00e1pido con hebillas reforzadas y anillos de sellado; para mangueras de pl\u00e1stico (\u03a66\u00d71,5 mm), se deben utilizar acoplamientos r\u00e1pidos con hebillas roscadas de aceite.<br \/>\nNota: Para maquinaria de construcci\u00f3n y maquinaria agr\u00edcola, se deben utilizar mangueras de alta presi\u00f3n para la l\u00ednea de lubricaci\u00f3n. En este caso, tanto el dispositivo dosificador del segundo nivel como las uniones de tuber\u00edas en el punto de lubricaci\u00f3n pueden adoptar uniones r\u00e1pidas con anillos de estanqueidad reforzados.<br \/>\nUtilice \u00fanicamente la tuber\u00eda de lubricaci\u00f3n designada por nuestra empresa y cumpla con los requisitos de presi\u00f3n del sistema especificados.<\/p>","protected":false},"excerpt":{"rendered":"<p>La cantidad dosificada de cada salida es de 0,2 ml por ciclo. Cuando una o m\u00e1s salidas est\u00e1n cerradas, la descarga cambia en m\u00faltiplos. Se puede seleccionar un dispositivo dosificador con 6-12 salidas, hasta 22 salidas. Lubricante utilizado: Grasa mineral por debajo de NLGI2.<\/p>","protected":false},"featured_media":3737,"template":"","meta":{"ocean_post_layout":"","ocean_both_sidebars_style":"","ocean_both_sidebars_content_width":0,"ocean_both_sidebars_sidebars_width":0,"ocean_sidebar":"0","ocean_second_sidebar":"0","ocean_disable_margins":"enable","ocean_add_body_class":"","ocean_shortcode_before_top_bar":"","ocean_shortcode_after_top_bar":"","ocean_shortcode_before_header":"","ocean_shortcode_after_header":"","ocean_has_shortcode":"","ocean_shortcode_after_title":"","ocean_shortcode_before_footer_widgets":"","ocean_shortcode_after_footer_widgets":"","ocean_shortcode_before_footer_bottom":"","ocean_shortcode_after_footer_bottom":"","ocean_display_top_bar":"default","ocean_display_header":"default","ocean_header_style":"","ocean_center_header_left_menu":"0","ocean_custom_header_template":"0","ocean_custom_logo":0,"ocean_custom_retina_logo":0,"ocean_custom_logo_max_width":0,"ocean_custom_logo_tablet_max_width":0,"ocean_custom_logo_mobile_max_width":0,"ocean_custom_logo_max_height":0,"ocean_custom_logo_tablet_max_height":0,"ocean_custom_logo_mobile_max_height":0,"ocean_header_custom_menu":"0","ocean_menu_typo_font_family":"0","ocean_menu_typo_font_subset":"","ocean_menu_typo_font_size":0,"ocean_menu_typo_font_size_tablet":0,"ocean_menu_typo_font_size_mobile":0,"ocean_menu_typo_font_size_unit":"px","ocean_menu_typo_font_weight":"","ocean_menu_typo_font_weight_tablet":"","ocean_menu_typo_font_weight_mobile":"","ocean_menu_typo_transform":"","ocean_menu_typo_transform_tablet":"","ocean_menu_typo_transform_mobile":"","ocean_menu_typo_line_height":0,"ocean_menu_typo_line_height_tablet":0,"ocean_menu_typo_line_height_mobile":0,"ocean_menu_typo_line_height_unit":"","ocean_menu_typo_spacing":0,"ocean_menu_typo_spacing_tablet":0,"ocean_menu_typo_spacing_mobile":0,"ocean_menu_typo_spacing_unit":"","ocean_menu_link_color":"","ocean_menu_link_color_hover":"","ocean_menu_link_color_active":"","ocean_menu_link_background":"","ocean_menu_link_hover_background":"","ocean_menu_link_active_background":"","ocean_menu_social_links_bg":"","ocean_menu_social_hover_links_bg":"","ocean_menu_social_links_color":"","ocean_menu_social_hover_links_color":"","ocean_disable_title":"default","ocean_disable_heading":"default","ocean_post_title":"","ocean_post_subheading":"","ocean_post_title_style":"","ocean_post_title_background_color":"","ocean_post_title_background":0,"ocean_post_title_bg_image_position":"","ocean_post_title_bg_image_attachment":"","ocean_post_title_bg_image_repeat":"","ocean_post_title_bg_image_size":"","ocean_post_title_height":0,"ocean_post_title_bg_overlay":0.5,"ocean_post_title_bg_overlay_color":"","ocean_disable_breadcrumbs":"default","ocean_breadcrumbs_color":"","ocean_breadcrumbs_separator_color":"","ocean_breadcrumbs_links_color":"","ocean_breadcrumbs_links_hover_color":"","ocean_display_footer_widgets":"default","ocean_display_footer_bottom":"default","ocean_custom_footer_template":"0","osh_disable_topbar_sticky":"default","osh_disable_header_sticky":"default","osh_sticky_header_style":"default","osh_sticky_header_effect":"","osh_custom_sticky_logo":0,"osh_custom_retina_sticky_logo":0,"osh_custom_sticky_logo_height":0,"osh_background_color":"","osh_links_color":"","osh_links_hover_color":"","osh_links_active_color":"","osh_links_bg_color":"","osh_links_hover_bg_color":"","osh_links_active_bg_color":"","osh_menu_social_links_color":"","osh_menu_social_hover_links_color":""},"product_brand":[],"product_cat":[47],"product_tag":[143,60,62,63,142],"class_list":{"0":"post-3736","1":"product","2":"type-product","3":"status-publish","4":"has-post-thumbnail","6":"product_cat-lubrication-metering-devices","7":"product_tag-automaci-lubrication","8":"product_tag-distributor","9":"product_tag-lubrication-metering","10":"product_tag-metering-device","11":"product_tag-progressive-lubrication-system","13":"entry","14":"has-media","16":"first","17":"instock","18":"shipping-taxable","19":"product-type-external","20":"col","21":"span_1_of_3","22":"owp-content-left","23":"owp-thumbs-layout-horizontal","24":"owp-btn-normal","25":"owp-tabs-layout-horizontal"},"_links":{"self":[{"href":"https:\/\/www.mesolube.com\/es\/wp-json\/wp\/v2\/product\/3736","targetHints":{"allow":["GET"]}}],"collection":[{"href":"https:\/\/www.mesolube.com\/es\/wp-json\/wp\/v2\/product"}],"about":[{"href":"https:\/\/www.mesolube.com\/es\/wp-json\/wp\/v2\/types\/product"}],"wp:featuredmedia":[{"embeddable":true,"href":"https:\/\/www.mesolube.com\/es\/wp-json\/wp\/v2\/media\/3737"}],"wp:attachment":[{"href":"https:\/\/www.mesolube.com\/es\/wp-json\/wp\/v2\/media?parent=3736"}],"wp:term":[{"taxonomy":"product_brand","embeddable":true,"href":"https:\/\/www.mesolube.com\/es\/wp-json\/wp\/v2\/product_brand?post=3736"},{"taxonomy":"product_cat","embeddable":true,"href":"https:\/\/www.mesolube.com\/es\/wp-json\/wp\/v2\/product_cat?post=3736"},{"taxonomy":"product_tag","embeddable":true,"href":"https:\/\/www.mesolube.com\/es\/wp-json\/wp\/v2\/product_tag?post=3736"}],"curies":[{"name":"wp","href":"https:\/\/api.w.org\/{rel}","templated":true}]}}