{"id":3883,"date":"2024-09-05T09:59:41","date_gmt":"2024-09-05T09:59:41","guid":{"rendered":"https:\/\/www.mesolube.com\/?post_type=product&#038;p=3883"},"modified":"2024-10-18T09:13:25","modified_gmt":"2024-10-18T09:13:25","slug":"closure-pluge-for-mesolube-lubrication-parts","status":"publish","type":"product","link":"https:\/\/www.mesolube.com\/es\/producto\/closure-pluge-for-mesolube-lubrication-parts","title":{"rendered":"Tap\u00f3n de cierre para piezas de lubricaci\u00f3n mesolube en dispositivo de medici\u00f3n SSV"},"content":{"rendered":"<p>1 tap\u00f3n de cierre para piezas de lubricaci\u00f3n centralizada\/sistema de lubricaci\u00f3n<\/p>\n<p>2. Sistema de lubricaci\u00f3n progresiva mesolube<\/p>\n<p>3. Equipos de lubricaci\u00f3n de m\u00e1quinas.<\/p>\n<p><b>Accesorio mesolube para sistema de lubricaci\u00f3n centralizada<\/b><\/p>\n<p>mesolube<\/p>\n<p>Tap\u00f3n de cierre para sistema de lubricaci\u00f3n para m\u00e1quina de lubricaci\u00f3n.<\/p>\n<figure id=\"attachment_3885\" aria-describedby=\"caption-attachment-3885\" style=\"width: 994px\" class=\"wp-caption alignnone\"><img fetchpriority=\"high\" decoding=\"async\" class=\"wp-image-3885 size-full\" src=\"https:\/\/www.mesolube.com\/wp-content\/uploads\/\u5fae\u4fe1\u622a\u56fe_20240905180158-1.jpg\" alt=\"Closure Plug SSV, SSV M, SSV D\" width=\"994\" height=\"407\" srcset=\"https:\/\/www.mesolube.com\/wp-content\/uploads\/\u5fae\u4fe1\u622a\u56fe_20240905180158-1.jpg 994w, https:\/\/www.mesolube.com\/wp-content\/uploads\/\u5fae\u4fe1\u622a\u56fe_20240905180158-1-800x328.jpg 800w, https:\/\/www.mesolube.com\/wp-content\/uploads\/\u5fae\u4fe1\u622a\u56fe_20240905180158-1-300x123.jpg 300w, https:\/\/www.mesolube.com\/wp-content\/uploads\/\u5fae\u4fe1\u622a\u56fe_20240905180158-1-768x314.jpg 768w, https:\/\/www.mesolube.com\/wp-content\/uploads\/\u5fae\u4fe1\u622a\u56fe_20240905180158-1-18x7.jpg 18w\" sizes=\"(max-width: 994px) 100vw, 994px\" \/><figcaption id=\"caption-attachment-3885\" class=\"wp-caption-text\">Tap\u00f3n de cierre SSV, SSV M, SSV D<\/figcaption><\/figure>\n<p>4. Bomba de lubricaci\u00f3n de grasa el\u00e9ctrica \/ Bomba de grasa autom\u00e1tica \/ Sistemas de lubricaci\u00f3n<\/p>","protected":false},"excerpt":{"rendered":"<p>1 tap\u00f3n de cierre para piezas de lubricaci\u00f3n centralizada\/sistema de lubricaci\u00f3n<\/p>\n<p>2. Sistema de lubricaci\u00f3n progresiva mesolube<\/p>\n<p>3. Equipos de lubricaci\u00f3n de m\u00e1quinas.<\/p>\n<p><b>Tap\u00f3n de cierre Mesolub para sistema de lubricaci\u00f3n centralizada<\/b><\/p>\n<p>mesolube<\/p>\n<p>Tap\u00f3n de cierre para sistema de lubricaci\u00f3n para m\u00e1quina de lubricaci\u00f3n.<\/p>\n<p>&nbsp;<\/p>\n<p>4. Bomba de lubricaci\u00f3n de grasa el\u00e9ctrica \/ bomba de grasa autom\u00e1tica \/ sistema de lubricaci\u00f3n<\/p>\n<p>&nbsp;<\/p>","protected":false},"featured_media":3886,"template":"","meta":{"ocean_post_layout":"","ocean_both_sidebars_style":"","ocean_both_sidebars_content_width":0,"ocean_both_sidebars_sidebars_width":0,"ocean_sidebar":"0","ocean_second_sidebar":"0","ocean_disable_margins":"enable","ocean_add_body_class":"","ocean_shortcode_before_top_bar":"","ocean_shortcode_after_top_bar":"","ocean_shortcode_before_header":"","ocean_shortcode_after_header":"","ocean_has_shortcode":"","ocean_shortcode_after_title":"","ocean_shortcode_before_footer_widgets":"","ocean_shortcode_after_footer_widgets":"","ocean_shortcode_before_footer_bottom":"","ocean_shortcode_after_footer_bottom":"","ocean_display_top_bar":"default","ocean_display_header":"default","ocean_header_style":"","ocean_center_header_left_menu":"0","ocean_custom_header_template":"0","ocean_custom_logo":0,"ocean_custom_retina_logo":0,"ocean_custom_logo_max_width":0,"ocean_custom_logo_tablet_max_width":0,"ocean_custom_logo_mobile_max_width":0,"ocean_custom_logo_max_height":0,"ocean_custom_logo_tablet_max_height":0,"ocean_custom_logo_mobile_max_height":0,"ocean_header_custom_menu":"0","ocean_menu_typo_font_family":"0","ocean_menu_typo_font_subset":"","ocean_menu_typo_font_size":0,"ocean_menu_typo_font_size_tablet":0,"ocean_menu_typo_font_size_mobile":0,"ocean_menu_typo_font_size_unit":"px","ocean_menu_typo_font_weight":"","ocean_menu_typo_font_weight_tablet":"","ocean_menu_typo_font_weight_mobile":"","ocean_menu_typo_transform":"","ocean_menu_typo_transform_tablet":"","ocean_menu_typo_transform_mobile":"","ocean_menu_typo_line_height":0,"ocean_menu_typo_line_height_tablet":0,"ocean_menu_typo_line_height_mobile":0,"ocean_menu_typo_line_height_unit":"","ocean_menu_typo_spacing":0,"ocean_menu_typo_spacing_tablet":0,"ocean_menu_typo_spacing_mobile":0,"ocean_menu_typo_spacing_unit":"","ocean_menu_link_color":"","ocean_menu_link_color_hover":"","ocean_menu_link_color_active":"","ocean_menu_link_background":"","ocean_menu_link_hover_background":"","ocean_menu_link_active_background":"","ocean_menu_social_links_bg":"","ocean_menu_social_hover_links_bg":"","ocean_menu_social_links_color":"","ocean_menu_social_hover_links_color":"","ocean_disable_title":"default","ocean_disable_heading":"default","ocean_post_title":"","ocean_post_subheading":"","ocean_post_title_style":"","ocean_post_title_background_color":"","ocean_post_title_background":0,"ocean_post_title_bg_image_position":"","ocean_post_title_bg_image_attachment":"","ocean_post_title_bg_image_repeat":"","ocean_post_title_bg_image_size":"","ocean_post_title_height":0,"ocean_post_title_bg_overlay":0.5,"ocean_post_title_bg_overlay_color":"","ocean_disable_breadcrumbs":"default","ocean_breadcrumbs_color":"","ocean_breadcrumbs_separator_color":"","ocean_breadcrumbs_links_color":"","ocean_breadcrumbs_links_hover_color":"","ocean_display_footer_widgets":"default","ocean_display_footer_bottom":"default","ocean_custom_footer_template":"0","osh_disable_topbar_sticky":"default","osh_disable_header_sticky":"default","osh_sticky_header_style":"default","osh_sticky_header_effect":"","osh_custom_sticky_logo":0,"osh_custom_retina_sticky_logo":0,"osh_custom_sticky_logo_height":0,"osh_background_color":"","osh_links_color":"","osh_links_hover_color":"","osh_links_active_color":"","osh_links_bg_color":"","osh_links_hover_bg_color":"","osh_links_active_bg_color":"","osh_menu_social_links_color":"","osh_menu_social_hover_links_color":""},"product_brand":[],"product_cat":[48],"product_tag":[196,180,75,76,181,52,56,74],"class_list":{"0":"post-3883","1":"product","2":"type-product","3":"status-publish","4":"has-post-thumbnail","6":"product_cat-lubrication-system-accessories","7":"product_tag-closure-pluge","8":"product_tag-electirc-grease-pump","9":"product_tag-hydraulic-hose","10":"product_tag-lubricant-hose","11":"product_tag-lubrication-fittings","12":"product_tag-lubrication-pump","13":"product_tag-lubrication-system","14":"product_tag-resin-hose","16":"entry","17":"has-media","19":"first","20":"instock","21":"shipping-taxable","22":"product-type-external","23":"col","24":"span_1_of_3","25":"owp-content-left","26":"owp-thumbs-layout-horizontal","27":"owp-btn-normal","28":"owp-tabs-layout-horizontal"},"_links":{"self":[{"href":"https:\/\/www.mesolube.com\/es\/wp-json\/wp\/v2\/product\/3883","targetHints":{"allow":["GET"]}}],"collection":[{"href":"https:\/\/www.mesolube.com\/es\/wp-json\/wp\/v2\/product"}],"about":[{"href":"https:\/\/www.mesolube.com\/es\/wp-json\/wp\/v2\/types\/product"}],"wp:featuredmedia":[{"embeddable":true,"href":"https:\/\/www.mesolube.com\/es\/wp-json\/wp\/v2\/media\/3886"}],"wp:attachment":[{"href":"https:\/\/www.mesolube.com\/es\/wp-json\/wp\/v2\/media?parent=3883"}],"wp:term":[{"taxonomy":"product_brand","embeddable":true,"href":"https:\/\/www.mesolube.com\/es\/wp-json\/wp\/v2\/product_brand?post=3883"},{"taxonomy":"product_cat","embeddable":true,"href":"https:\/\/www.mesolube.com\/es\/wp-json\/wp\/v2\/product_cat?post=3883"},{"taxonomy":"product_tag","embeddable":true,"href":"https:\/\/www.mesolube.com\/es\/wp-json\/wp\/v2\/product_tag?post=3883"}],"curies":[{"name":"wp","href":"https:\/\/api.w.org\/{rel}","templated":true}]}}