{"id":3986,"date":"2024-09-15T01:25:45","date_gmt":"2024-09-15T01:25:45","guid":{"rendered":"https:\/\/www.mesolube.com\/?post_type=product&#038;p=3986"},"modified":"2024-10-18T09:11:01","modified_gmt":"2024-10-18T09:11:01","slug":"p100-0-4reservoir-centralized-lubrication-pump-for-gear-and-slider","status":"publish","type":"product","link":"https:\/\/www.mesolube.com\/es\/producto\/p100-0-4reservoir-centralized-lubrication-pump-for-gear-and-slider","title":{"rendered":"Bomba de lubricaci\u00f3n centralizada con dep\u00f3sito P100-0.4 para engranajes y correderas"},"content":{"rendered":"<p>Caracter\u00edsticas de la serie<br \/>\n1. Dos versiones con dep\u00f3sito o cartucho<br \/>\n2. Hasta 2 salidas de lubricante<br \/>\n3. Con funci\u00f3n de monitoreo de nivel de l\u00edquido<br \/>\n4. Voltaje 12\/24 VCC,<br \/>\n5. Presi\u00f3n m\u00e1xima de funcionamiento 8MPa<br \/>\n6. Controlado por PLC externo o con controlador<br \/>\n7. Seis orificios de montaje opcionales ofrecen una variedad de posibilidades de instalaci\u00f3n<br \/>\n8. Bot\u00f3n de lubricaci\u00f3n manual para facilitar el arranque o escape del sistema.<br \/>\n9. Tornillo de ventilaci\u00f3n para una ventilaci\u00f3n sencilla durante el inicio del sistema o despu\u00e9s del cambio de cartucho<br \/>\n10. Uso en interiores<\/p>\n<p>Caracter\u00edsticas del sistema progresivo<br \/>\nLa longitud m\u00e1xima de la tuber\u00eda de lubricaci\u00f3n del sistema progresivo puede alcanzar los 14 metros.<br \/>\nCuando el sistema falla y el distribuidor est\u00e1 bloqueado, el sistema emitir\u00e1 una alarma.<br \/>\nEl lubricante se puede distribuir a cada punto de lubricaci\u00f3n en una proporci\u00f3n predeterminada.<br \/>\nCon control visual o funci\u00f3n de control el\u00e9ctrico<br \/>\nSi el sistema est\u00e1 bloqueado, se puede ver desde la v\u00e1lvula de seguridad que hay un desbordamiento de grasa.<\/p>","protected":false},"excerpt":{"rendered":"<p>La bomba se puede conectar a un distribuidor presurizado para formar un sistema de l\u00ednea \u00fanica, y a un distribuidor progresivo para formar un sistema progresivo. La l\u00ednea principal del sistema puede tener hasta 15 metros de largo y puede lubricar hasta 100 puntos.<\/p>","protected":false},"featured_media":4053,"template":"","meta":{"ocean_post_layout":"","ocean_both_sidebars_style":"","ocean_both_sidebars_content_width":0,"ocean_both_sidebars_sidebars_width":0,"ocean_sidebar":"0","ocean_second_sidebar":"0","ocean_disable_margins":"enable","ocean_add_body_class":"","ocean_shortcode_before_top_bar":"","ocean_shortcode_after_top_bar":"","ocean_shortcode_before_header":"","ocean_shortcode_after_header":"","ocean_has_shortcode":"","ocean_shortcode_after_title":"","ocean_shortcode_before_footer_widgets":"","ocean_shortcode_after_footer_widgets":"","ocean_shortcode_before_footer_bottom":"","ocean_shortcode_after_footer_bottom":"","ocean_display_top_bar":"default","ocean_display_header":"default","ocean_header_style":"","ocean_center_header_left_menu":"0","ocean_custom_header_template":"0","ocean_custom_logo":0,"ocean_custom_retina_logo":0,"ocean_custom_logo_max_width":0,"ocean_custom_logo_tablet_max_width":0,"ocean_custom_logo_mobile_max_width":0,"ocean_custom_logo_max_height":0,"ocean_custom_logo_tablet_max_height":0,"ocean_custom_logo_mobile_max_height":0,"ocean_header_custom_menu":"0","ocean_menu_typo_font_family":"0","ocean_menu_typo_font_subset":"","ocean_menu_typo_font_size":0,"ocean_menu_typo_font_size_tablet":0,"ocean_menu_typo_font_size_mobile":0,"ocean_menu_typo_font_size_unit":"px","ocean_menu_typo_font_weight":"","ocean_menu_typo_font_weight_tablet":"","ocean_menu_typo_font_weight_mobile":"","ocean_menu_typo_transform":"","ocean_menu_typo_transform_tablet":"","ocean_menu_typo_transform_mobile":"","ocean_menu_typo_line_height":0,"ocean_menu_typo_line_height_tablet":0,"ocean_menu_typo_line_height_mobile":0,"ocean_menu_typo_line_height_unit":"","ocean_menu_typo_spacing":0,"ocean_menu_typo_spacing_tablet":0,"ocean_menu_typo_spacing_mobile":0,"ocean_menu_typo_spacing_unit":"","ocean_menu_link_color":"","ocean_menu_link_color_hover":"","ocean_menu_link_color_active":"","ocean_menu_link_background":"","ocean_menu_link_hover_background":"","ocean_menu_link_active_background":"","ocean_menu_social_links_bg":"","ocean_menu_social_hover_links_bg":"","ocean_menu_social_links_color":"","ocean_menu_social_hover_links_color":"","ocean_disable_title":"default","ocean_disable_heading":"default","ocean_post_title":"","ocean_post_subheading":"","ocean_post_title_style":"","ocean_post_title_background_color":"","ocean_post_title_background":0,"ocean_post_title_bg_image_position":"","ocean_post_title_bg_image_attachment":"","ocean_post_title_bg_image_repeat":"","ocean_post_title_bg_image_size":"","ocean_post_title_height":0,"ocean_post_title_bg_overlay":0.5,"ocean_post_title_bg_overlay_color":"","ocean_disable_breadcrumbs":"default","ocean_breadcrumbs_color":"","ocean_breadcrumbs_separator_color":"","ocean_breadcrumbs_links_color":"","ocean_breadcrumbs_links_hover_color":"","ocean_display_footer_widgets":"default","ocean_display_footer_bottom":"default","ocean_custom_footer_template":"0","osh_disable_topbar_sticky":"default","osh_disable_header_sticky":"default","osh_sticky_header_style":"default","osh_sticky_header_effect":"","osh_custom_sticky_logo":0,"osh_custom_retina_sticky_logo":0,"osh_custom_sticky_logo_height":0,"osh_background_color":"","osh_links_color":"","osh_links_hover_color":"","osh_links_active_color":"","osh_links_bg_color":"","osh_links_hover_bg_color":"","osh_links_active_bg_color":"","osh_menu_social_links_color":"","osh_menu_social_hover_links_color":""},"product_brand":[],"product_cat":[42],"product_tag":[145,157,103,159,107,158],"class_list":{"0":"post-3986","1":"product","2":"type-product","3":"status-publish","4":"has-post-thumbnail","6":"product_cat-electric-grease-pumps","7":"product_tag-automatic-lubrication-system","8":"product_tag-eletric-grease-pump","9":"product_tag-grease-lubrication-pump","10":"product_tag-grease-pump-made-in-china","11":"product_tag-lube-lubrication-pump","12":"product_tag-lubrication-pump-manufactruer","14":"entry","15":"has-media","17":"first","18":"instock","19":"shipping-taxable","20":"product-type-external","21":"col","22":"span_1_of_3","23":"owp-content-left","24":"owp-thumbs-layout-horizontal","25":"owp-btn-normal","26":"owp-tabs-layout-horizontal"},"_links":{"self":[{"href":"https:\/\/www.mesolube.com\/es\/wp-json\/wp\/v2\/product\/3986","targetHints":{"allow":["GET"]}}],"collection":[{"href":"https:\/\/www.mesolube.com\/es\/wp-json\/wp\/v2\/product"}],"about":[{"href":"https:\/\/www.mesolube.com\/es\/wp-json\/wp\/v2\/types\/product"}],"wp:featuredmedia":[{"embeddable":true,"href":"https:\/\/www.mesolube.com\/es\/wp-json\/wp\/v2\/media\/4053"}],"wp:attachment":[{"href":"https:\/\/www.mesolube.com\/es\/wp-json\/wp\/v2\/media?parent=3986"}],"wp:term":[{"taxonomy":"product_brand","embeddable":true,"href":"https:\/\/www.mesolube.com\/es\/wp-json\/wp\/v2\/product_brand?post=3986"},{"taxonomy":"product_cat","embeddable":true,"href":"https:\/\/www.mesolube.com\/es\/wp-json\/wp\/v2\/product_cat?post=3986"},{"taxonomy":"product_tag","embeddable":true,"href":"https:\/\/www.mesolube.com\/es\/wp-json\/wp\/v2\/product_tag?post=3986"}],"curies":[{"name":"wp","href":"https:\/\/api.w.org\/{rel}","templated":true}]}}