{"id":4037,"date":"2025-12-25T12:40:34","date_gmt":"2025-12-25T04:40:34","guid":{"rendered":"https:\/\/www.mesolube.com\/?post_type=product&#038;p=4037"},"modified":"2025-12-25T12:56:57","modified_gmt":"2025-12-25T04:56:57","slug":"p300-2l-auto-grease-lubrication-pump-for-automaticlly-progessive-lubrication-system-in-excavator-industury","status":"publish","type":"product","link":"https:\/\/www.mesolube.com\/es\/producto\/p300-2l-auto-grease-lubrication-pump-for-automaticlly-progessive-lubrication-system-in-excavator-industury","title":{"rendered":"Bomba de lubricaci\u00f3n con grasa para autom\u00f3viles P300-2L para sistemas de lubricaci\u00f3n progresiva"},"content":{"rendered":"<p class=\"responsive-video-wrap clr\"><iframe title=\"Bomba de lubricaci\u00f3n el\u00e9ctrica mesolube con placa de control\" width=\"1200\" height=\"675\" src=\"https:\/\/www.youtube.com\/embed\/tV3vJITW8gs?feature=oembed\" frameborder=\"0\" allow=\"accelerometer; autoplay; clipboard-write; encrypted-media; gyroscope; picture-in-picture; web-share\" referrerpolicy=\"strict-origin-when-cross-origin\" allowfullscreen><\/iframe><\/p>\n<p>Para sistemas de lubricaci\u00f3n progresiva<br \/>\nLa bomba de lubricaci\u00f3n P301 es vers\u00e1til, compacta y econ\u00f3mica. Dependiendo de la longitud de la tuber\u00eda, se pueden proporcionar hasta 150 puntos de lubricaci\u00f3n. Consta de una carcasa con un motor integrado, un tanque de almacenamiento de l\u00edquido con una paleta agitadora, un elemento de bomba con una v\u00e1lvula reductora de presi\u00f3n, una boquilla de inyecci\u00f3n de aceite y piezas de conexi\u00f3n el\u00e9ctrica. Esta potente bomba puede accionar hasta tres elementos de bomba y puede equiparse con un control de nivel bajo. La bomba de lubricaci\u00f3n con grasa el\u00e9ctrica se utiliza en equipos de excavadoras.<strong>Bombas de lubricaci\u00f3n<\/strong>\u00a0Alimente el lubricante desde el dep\u00f3sito de lubricante al sistema de tuber\u00edas del sistema autom\u00e1tico centralizado.\u00a0<strong>sistema de lubricaci\u00f3n<\/strong>. La presi\u00f3n manom\u00e9trica debe ser lo suficientemente alta para compensar las ca\u00eddas de presi\u00f3n en las tuber\u00edas, componentes (filtros, v\u00e1lvulas, distribuidores) y puntos de fricci\u00f3n.<\/p>","protected":false},"excerpt":{"rendered":"<p><strong>Tipos de sistemas de lubricaci\u00f3n<\/strong>:<\/p>\n<ul>\n<li style=\"list-style-type: none;\">\n<ul>\n<li><strong>Sistema de lubricaci\u00f3n progresiva autom\u00e1tica<\/strong>:Este sistema distribuye gradualmente el lubricante a varios puntos de la excavadora. Utiliza bloques divisores progresivos para distribuir la grasa o el aceite. Estos sistemas son confiables y adecuados para maquinaria pesada como las excavadoras.<\/li>\n<li><strong>Sistema de lubricaci\u00f3n autom\u00e1tica centralizada<\/strong>:Un sistema centralizado suministra lubricante a varios puntos simult\u00e1neamente. Garantiza una lubricaci\u00f3n uniforme y reduce el esfuerzo manual.<\/li>\n<\/ul>\n<\/li>\n<\/ul>","protected":false},"featured_media":4050,"template":"","meta":{"ocean_post_layout":"","ocean_both_sidebars_style":"","ocean_both_sidebars_content_width":0,"ocean_both_sidebars_sidebars_width":0,"ocean_sidebar":"0","ocean_second_sidebar":"0","ocean_disable_margins":"enable","ocean_add_body_class":"","ocean_shortcode_before_top_bar":"","ocean_shortcode_after_top_bar":"","ocean_shortcode_before_header":"","ocean_shortcode_after_header":"","ocean_has_shortcode":"","ocean_shortcode_after_title":"","ocean_shortcode_before_footer_widgets":"","ocean_shortcode_after_footer_widgets":"","ocean_shortcode_before_footer_bottom":"","ocean_shortcode_after_footer_bottom":"","ocean_display_top_bar":"default","ocean_display_header":"default","ocean_header_style":"","ocean_center_header_left_menu":"0","ocean_custom_header_template":"0","ocean_custom_logo":0,"ocean_custom_retina_logo":0,"ocean_custom_logo_max_width":0,"ocean_custom_logo_tablet_max_width":0,"ocean_custom_logo_mobile_max_width":0,"ocean_custom_logo_max_height":0,"ocean_custom_logo_tablet_max_height":0,"ocean_custom_logo_mobile_max_height":0,"ocean_header_custom_menu":"0","ocean_menu_typo_font_family":"0","ocean_menu_typo_font_subset":"","ocean_menu_typo_font_size":0,"ocean_menu_typo_font_size_tablet":0,"ocean_menu_typo_font_size_mobile":0,"ocean_menu_typo_font_size_unit":"px","ocean_menu_typo_font_weight":"","ocean_menu_typo_font_weight_tablet":"","ocean_menu_typo_font_weight_mobile":"","ocean_menu_typo_transform":"","ocean_menu_typo_transform_tablet":"","ocean_menu_typo_transform_mobile":"","ocean_menu_typo_line_height":0,"ocean_menu_typo_line_height_tablet":0,"ocean_menu_typo_line_height_mobile":0,"ocean_menu_typo_line_height_unit":"","ocean_menu_typo_spacing":0,"ocean_menu_typo_spacing_tablet":0,"ocean_menu_typo_spacing_mobile":0,"ocean_menu_typo_spacing_unit":"","ocean_menu_link_color":"","ocean_menu_link_color_hover":"","ocean_menu_link_color_active":"","ocean_menu_link_background":"","ocean_menu_link_hover_background":"","ocean_menu_link_active_background":"","ocean_menu_social_links_bg":"","ocean_menu_social_hover_links_bg":"","ocean_menu_social_links_color":"","ocean_menu_social_hover_links_color":"","ocean_disable_title":"default","ocean_disable_heading":"default","ocean_post_title":"","ocean_post_subheading":"","ocean_post_title_style":"","ocean_post_title_background_color":"","ocean_post_title_background":0,"ocean_post_title_bg_image_position":"","ocean_post_title_bg_image_attachment":"","ocean_post_title_bg_image_repeat":"","ocean_post_title_bg_image_size":"","ocean_post_title_height":0,"ocean_post_title_bg_overlay":0.5,"ocean_post_title_bg_overlay_color":"","ocean_disable_breadcrumbs":"default","ocean_breadcrumbs_color":"","ocean_breadcrumbs_separator_color":"","ocean_breadcrumbs_links_color":"","ocean_breadcrumbs_links_hover_color":"","ocean_display_footer_widgets":"default","ocean_display_footer_bottom":"default","ocean_custom_footer_template":"0","osh_disable_topbar_sticky":"default","osh_disable_header_sticky":"default","osh_sticky_header_style":"default","osh_sticky_header_effect":"","osh_custom_sticky_logo":0,"osh_custom_retina_sticky_logo":0,"osh_custom_sticky_logo_height":0,"osh_background_color":"","osh_links_color":"","osh_links_hover_color":"","osh_links_active_color":"","osh_links_bg_color":"","osh_links_hover_bg_color":"","osh_links_active_bg_color":"","osh_menu_social_links_color":"","osh_menu_social_hover_links_color":""},"product_brand":[],"product_cat":[42],"product_tag":[138,50,52,140,139],"class_list":{"0":"post-4037","1":"product","2":"type-product","3":"status-publish","4":"has-post-thumbnail","6":"product_cat-electric-grease-pumps","7":"product_tag-centralized-lubrication-pump","8":"product_tag-electric-pump","9":"product_tag-lubrication-pump","10":"product_tag-lubrication-pumps","11":"product_tag-p203-grease-pump","13":"entry","14":"has-media","16":"first","17":"instock","18":"featured","19":"shipping-taxable","20":"product-type-external","21":"col","22":"span_1_of_3","23":"owp-content-left","24":"owp-thumbs-layout-horizontal","25":"owp-btn-normal","26":"owp-tabs-layout-horizontal"},"_links":{"self":[{"href":"https:\/\/www.mesolube.com\/es\/wp-json\/wp\/v2\/product\/4037","targetHints":{"allow":["GET"]}}],"collection":[{"href":"https:\/\/www.mesolube.com\/es\/wp-json\/wp\/v2\/product"}],"about":[{"href":"https:\/\/www.mesolube.com\/es\/wp-json\/wp\/v2\/types\/product"}],"wp:featuredmedia":[{"embeddable":true,"href":"https:\/\/www.mesolube.com\/es\/wp-json\/wp\/v2\/media\/4050"}],"wp:attachment":[{"href":"https:\/\/www.mesolube.com\/es\/wp-json\/wp\/v2\/media?parent=4037"}],"wp:term":[{"taxonomy":"product_brand","embeddable":true,"href":"https:\/\/www.mesolube.com\/es\/wp-json\/wp\/v2\/product_brand?post=4037"},{"taxonomy":"product_cat","embeddable":true,"href":"https:\/\/www.mesolube.com\/es\/wp-json\/wp\/v2\/product_cat?post=4037"},{"taxonomy":"product_tag","embeddable":true,"href":"https:\/\/www.mesolube.com\/es\/wp-json\/wp\/v2\/product_tag?post=4037"}],"curies":[{"name":"wp","href":"https:\/\/api.w.org\/{rel}","templated":true}]}}