{"id":1651,"date":"2020-12-14T09:03:18","date_gmt":"2020-12-14T09:03:18","guid":{"rendered":"https:\/\/www.mesolube.com\/?page_id=1651"},"modified":"2020-12-14T09:06:28","modified_gmt":"2020-12-14T09:06:28","slug":"warranty-info","status":"publish","type":"page","link":"https:\/\/www.mesolube.com\/fr\/warranty-info","title":{"rendered":"Informations sur la garantie"},"content":{"rendered":"<div data-elementor-type=\"wp-page\" data-elementor-id=\"1651\" class=\"elementor elementor-1651\">\n\t\t\t\t\t\t<section class=\"elementor-section elementor-top-section elementor-element elementor-element-5299cc5 elementor-section-boxed elementor-section-height-default elementor-section-height-default\" data-id=\"5299cc5\" data-element_type=\"section\">\n\t\t\t\t\t\t<div class=\"elementor-container elementor-column-gap-default\">\n\t\t\t\t\t<div class=\"elementor-column elementor-col-100 elementor-top-column elementor-element elementor-element-8f49de6\" data-id=\"8f49de6\" data-element_type=\"column\">\n\t\t\t<div class=\"elementor-widget-wrap elementor-element-populated\">\n\t\t\t\t\t\t<div class=\"elementor-element elementor-element-2485a9f elementor-widget elementor-widget-heading\" data-id=\"2485a9f\" data-element_type=\"widget\" data-widget_type=\"heading.default\">\n\t\t\t\t<div class=\"elementor-widget-container\">\n\t\t\t\t\t<h2 class=\"elementor-heading-title elementor-size-default\">P\u00e9riode de garantie<\/h2>\t\t\t\t<\/div>\n\t\t\t\t<\/div>\n\t\t\t\t<div class=\"elementor-element elementor-element-c53216d elementor-widget elementor-widget-text-editor\" data-id=\"c53216d\" data-element_type=\"widget\" data-widget_type=\"text-editor.default\">\n\t\t\t\t<div class=\"elementor-widget-container\">\n\t\t\t\t\t\t\t\t\t<p>La p\u00e9riode de garantie de ce produit est d&#039;un an \u00e0 compter de la date de livraison du produit \u00e0 l&#039;adresse indiqu\u00e9e par le client.<\/p>\t\t\t\t\t\t\t\t<\/div>\n\t\t\t\t<\/div>\n\t\t\t\t\t<\/div>\n\t\t<\/div>\n\t\t\t\t\t<\/div>\n\t\t<\/section>\n\t\t\t\t<section class=\"elementor-section elementor-top-section elementor-element elementor-element-bbffa19 elementor-section-boxed elementor-section-height-default elementor-section-height-default\" data-id=\"bbffa19\" data-element_type=\"section\">\n\t\t\t\t\t\t<div class=\"elementor-container elementor-column-gap-default\">\n\t\t\t\t\t<div class=\"elementor-column elementor-col-100 elementor-top-column elementor-element elementor-element-d946e37\" data-id=\"d946e37\" data-element_type=\"column\">\n\t\t\t<div class=\"elementor-widget-wrap elementor-element-populated\">\n\t\t\t\t\t\t<div class=\"elementor-element elementor-element-fdedb93 elementor-widget elementor-widget-heading\" data-id=\"fdedb93\" data-element_type=\"widget\" data-widget_type=\"heading.default\">\n\t\t\t\t<div class=\"elementor-widget-container\">\n\t\t\t\t\t<h2 class=\"elementor-heading-title elementor-size-default\">Port\u00e9e de la garantie<\/h2>\t\t\t\t<\/div>\n\t\t\t\t<\/div>\n\t\t\t\t<div class=\"elementor-element elementor-element-6c37749 elementor-widget elementor-widget-text-editor\" data-id=\"6c37749\" data-element_type=\"widget\" data-widget_type=\"text-editor.default\">\n\t\t\t\t<div class=\"elementor-widget-container\">\n\t\t\t\t\t\t\t\t\t<p>(1) Si le produit ne fonctionne pas pendant la p\u00e9riode de garantie, nous le remplacerons gratuitement, mais cela ne s&#039;applique pas aux situations suivantes\u00a0:<br \/>\u2460 D\u00e9faillance caus\u00e9e par des conditions inappropri\u00e9es, une pollution de l&#039;environnement ou des utilisations non d\u00e9crites dans le manuel d&#039;instructions, le manuel rapide ou les sp\u00e9cifications convenues s\u00e9par\u00e9ment.<br \/>\u2461 D\u00e9faillance caus\u00e9e par l&#039;\u00e9quipement du client, les logiciels ou tout autre produit non fabriqu\u00e9 par notre soci\u00e9t\u00e9.<br \/>\u2462 D\u00e9faillance caus\u00e9e par une modification ou une r\u00e9paration non effectu\u00e9e par nos soins.<br \/>\u2463 Si les pi\u00e8ces consommables sp\u00e9cifi\u00e9es dans le manuel ou le manuel rapide sont correctement entretenues ou remplac\u00e9es, la panne doit \u00eatre \u00e9vit\u00e9e.<br \/>\u2464 D\u00e9faillance caus\u00e9e par des probl\u00e8mes techniquement impr\u00e9visibles lors de la livraison de ce produit.<br \/>\u2465 Pannes caus\u00e9es par des catastrophes telles que des incendies ou des inondations, ou toute autre cause externe qui ne nous est pas imputable, comme une tension instable.<\/p><p>(2) Cette garantie couvre la port\u00e9e limit\u00e9e des questions mentionn\u00e9es dans la section (1) ci-dessus et n&#039;inclut pas les dommages secondaires (dommages mat\u00e9riels, perte d&#039;opportunit\u00e9 ou perte de revenus) caus\u00e9s par nos produits aux clients, ni tout autre type de dommage. .<\/p>\t\t\t\t\t\t\t\t<\/div>\n\t\t\t\t<\/div>\n\t\t\t\t\t<\/div>\n\t\t<\/div>\n\t\t\t\t\t<\/div>\n\t\t<\/section>\n\t\t\t\t<section class=\"elementor-section elementor-top-section elementor-element elementor-element-7c0f90b elementor-section-boxed elementor-section-height-default elementor-section-height-default\" data-id=\"7c0f90b\" data-element_type=\"section\">\n\t\t\t\t\t\t<div class=\"elementor-container elementor-column-gap-default\">\n\t\t\t\t\t<div class=\"elementor-column elementor-col-100 elementor-top-column elementor-element elementor-element-42ff12e\" data-id=\"42ff12e\" data-element_type=\"column\">\n\t\t\t<div class=\"elementor-widget-wrap elementor-element-populated\">\n\t\t\t\t\t\t<div class=\"elementor-element elementor-element-12dadc5 elementor-widget elementor-widget-heading\" data-id=\"12dadc5\" data-element_type=\"widget\" data-widget_type=\"heading.default\">\n\t\t\t\t<div class=\"elementor-widget-container\">\n\t\t\t\t\t<h2 class=\"elementor-heading-title elementor-size-default\">Applications<\/h2>\t\t\t\t<\/div>\n\t\t\t\t<\/div>\n\t\t\t\t<div class=\"elementor-element elementor-element-f7b9474 elementor-widget elementor-widget-text-editor\" data-id=\"f7b9474\" data-element_type=\"widget\" data-widget_type=\"text-editor.default\">\n\t\t\t\t<div class=\"elementor-widget-container\">\n\t\t\t\t\t\t\t\t\t<p>Nos produits sont con\u00e7us et fabriqu\u00e9s comme des produits d\u2019usage g\u00e9n\u00e9ral destin\u00e9s \u00e0 un usage industriel g\u00e9n\u00e9ral. Ne convient pas aux applications d\u00e9crites ci-dessous.<br \/>\u2460 \u00c9quipements ayant un impact potentiellement significatif sur la vie humaine et les biens, tels que les g\u00e9n\u00e9rateurs nucl\u00e9aires, les avions, le mat\u00e9riel ferroviaire, les navires et les \u00e9quipements m\u00e9dicaux.<br \/>\u2461 Installations publiques telles que l&#039;approvisionnement en \u00e9lectricit\u00e9, en gaz et en eau potable.<br \/>\u2462 Utiliser \u00e0 l&#039;ext\u00e9rieur ou dans des conditions environnementales similaires.<br \/>Toutefois, si le client nous consulte au pr\u00e9alable, confirme les sp\u00e9cifications du produit, accepte les exigences techniques et prend les mesures de s\u00e9curit\u00e9 requises, cette garantie peut \u00eatre utilis\u00e9e. Dans ce cas, la couverture de la garantie est la m\u00eame que ci-dessus.<\/p>\t\t\t\t\t\t\t\t<\/div>\n\t\t\t\t<\/div>\n\t\t\t\t\t<\/div>\n\t\t<\/div>\n\t\t\t\t\t<\/div>\n\t\t<\/section>\n\t\t\t\t<\/div>","protected":false},"excerpt":{"rendered":"<p>P\u00e9riode de garantie\u00a0: La p\u00e9riode de garantie de ce produit est d\u2019un an \u00e0 compter de la date de livraison \u00e0 l\u2019adresse indiqu\u00e9e par le client. \u00c9tendue de la garantie\u00a0: (1) Si le produit ne fonctionne pas pendant la p\u00e9riode de garantie, nous le remplacerons gratuitement. Cette clause ne s\u2019applique toutefois pas aux situations suivantes\u00a0: 1. D\u00e9faillance caus\u00e9e par [\u2026]<\/p>","protected":false},"author":1,"featured_media":0,"parent":0,"menu_order":0,"comment_status":"closed","ping_status":"closed","template":"","meta":{"ocean_post_layout":"","ocean_both_sidebars_style":"","ocean_both_sidebars_content_width":0,"ocean_both_sidebars_sidebars_width":0,"ocean_sidebar":"0","ocean_second_sidebar":"0","ocean_disable_margins":"enable","ocean_add_body_class":"","ocean_shortcode_before_top_bar":"","ocean_shortcode_after_top_bar":"","ocean_shortcode_before_header":"","ocean_shortcode_after_header":"","ocean_has_shortcode":"","ocean_shortcode_after_title":"","ocean_shortcode_before_footer_widgets":"","ocean_shortcode_after_footer_widgets":"","ocean_shortcode_before_footer_bottom":"","ocean_shortcode_after_footer_bottom":"","ocean_display_top_bar":"default","ocean_display_header":"default","ocean_header_style":"","ocean_center_header_left_menu":"0","ocean_custom_header_template":"0","ocean_custom_logo":0,"ocean_custom_retina_logo":0,"ocean_custom_logo_max_width":0,"ocean_custom_logo_tablet_max_width":0,"ocean_custom_logo_mobile_max_width":0,"ocean_custom_logo_max_height":0,"ocean_custom_logo_tablet_max_height":0,"ocean_custom_logo_mobile_max_height":0,"ocean_header_custom_menu":"0","ocean_menu_typo_font_family":"0","ocean_menu_typo_font_subset":"","ocean_menu_typo_font_size":0,"ocean_menu_typo_font_size_tablet":0,"ocean_menu_typo_font_size_mobile":0,"ocean_menu_typo_font_size_unit":"px","ocean_menu_typo_font_weight":"","ocean_menu_typo_font_weight_tablet":"","ocean_menu_typo_font_weight_mobile":"","ocean_menu_typo_transform":"","ocean_menu_typo_transform_tablet":"","ocean_menu_typo_transform_mobile":"","ocean_menu_typo_line_height":0,"ocean_menu_typo_line_height_tablet":0,"ocean_menu_typo_line_height_mobile":0,"ocean_menu_typo_line_height_unit":"","ocean_menu_typo_spacing":0,"ocean_menu_typo_spacing_tablet":0,"ocean_menu_typo_spacing_mobile":0,"ocean_menu_typo_spacing_unit":"","ocean_menu_link_color":"","ocean_menu_link_color_hover":"","ocean_menu_link_color_active":"","ocean_menu_link_background":"","ocean_menu_link_hover_background":"","ocean_menu_link_active_background":"","ocean_menu_social_links_bg":"","ocean_menu_social_hover_links_bg":"","ocean_menu_social_links_color":"","ocean_menu_social_hover_links_color":"","ocean_disable_title":"default","ocean_disable_heading":"default","ocean_post_title":"","ocean_post_subheading":"","ocean_post_title_style":"","ocean_post_title_background_color":"","ocean_post_title_background":0,"ocean_post_title_bg_image_position":"","ocean_post_title_bg_image_attachment":"","ocean_post_title_bg_image_repeat":"","ocean_post_title_bg_image_size":"","ocean_post_title_height":0,"ocean_post_title_bg_overlay":0.5,"ocean_post_title_bg_overlay_color":"","ocean_disable_breadcrumbs":"default","ocean_breadcrumbs_color":"","ocean_breadcrumbs_separator_color":"","ocean_breadcrumbs_links_color":"","ocean_breadcrumbs_links_hover_color":"","ocean_display_footer_widgets":"default","ocean_display_footer_bottom":"default","ocean_custom_footer_template":"0","osh_disable_topbar_sticky":"default","osh_disable_header_sticky":"default","osh_sticky_header_style":"default","osh_sticky_header_effect":"","osh_custom_sticky_logo":0,"osh_custom_retina_sticky_logo":0,"osh_custom_sticky_logo_height":0,"osh_background_color":"","osh_links_color":"","osh_links_hover_color":"","osh_links_active_color":"","osh_links_bg_color":"","osh_links_hover_bg_color":"","osh_links_active_bg_color":"","osh_menu_social_links_color":"","osh_menu_social_hover_links_color":"","footnotes":""},"class_list":["post-1651","page","type-page","status-publish","hentry","entry","owp-thumbs-layout-horizontal","owp-btn-normal","owp-tabs-layout-horizontal","has-no-thumbnails"],"_links":{"self":[{"href":"https:\/\/www.mesolube.com\/fr\/wp-json\/wp\/v2\/pages\/1651","targetHints":{"allow":["GET"]}}],"collection":[{"href":"https:\/\/www.mesolube.com\/fr\/wp-json\/wp\/v2\/pages"}],"about":[{"href":"https:\/\/www.mesolube.com\/fr\/wp-json\/wp\/v2\/types\/page"}],"author":[{"embeddable":true,"href":"https:\/\/www.mesolube.com\/fr\/wp-json\/wp\/v2\/users\/1"}],"replies":[{"embeddable":true,"href":"https:\/\/www.mesolube.com\/fr\/wp-json\/wp\/v2\/comments?post=1651"}],"version-history":[{"count":5,"href":"https:\/\/www.mesolube.com\/fr\/wp-json\/wp\/v2\/pages\/1651\/revisions"}],"predecessor-version":[{"id":1657,"href":"https:\/\/www.mesolube.com\/fr\/wp-json\/wp\/v2\/pages\/1651\/revisions\/1657"}],"wp:attachment":[{"href":"https:\/\/www.mesolube.com\/fr\/wp-json\/wp\/v2\/media?parent=1651"}],"curies":[{"name":"wp","href":"https:\/\/api.w.org\/{rel}","templated":true}]}}