{"id":1517,"date":"2020-12-07T08:28:38","date_gmt":"2020-12-07T08:28:38","guid":{"rendered":"https:\/\/www.mesolube.com\/?post_type=product&#038;p=1517"},"modified":"2020-12-16T07:17:51","modified_gmt":"2020-12-16T07:17:51","slug":"d200-416161616-grease-pressurized-distributor","status":"publish","type":"product","link":"https:\/\/www.mesolube.com\/fr\/produit\/d200-416161616-grease-pressurized-distributor","title":{"rendered":"D200-416161616 Distributeur de graisse sous pression"},"content":{"rendered":"<p>1. La graisse envoy\u00e9e par la pompe p\u00e9n\u00e8tre dans le distributeur, de sorte que la valve parapluie du distributeur commence \u00e0 pousser vers le haut ;<br \/>\n2. Une fois que la valve parapluie ferme le trou central de la tige centrale, elle force le piston \u00e0 surmonter la force du ressort et \u00e0 commencer \u00e0 monter pour \u00e9vacuer la graisse stock\u00e9e dans la cavit\u00e9 sup\u00e9rieure\u00a0;<br \/>\n3. Lorsque le piston se d\u00e9place vers le sommet de la cavit\u00e9 sup\u00e9rieure, la d\u00e9charge de graisse est termin\u00e9e en m\u00eame temps\u00a0;<br \/>\n4. Lorsque la pompe cesse de fournir de la graisse, sa soupape de d\u00e9charge s&#039;ouvre automatiquement et, sous l&#039;effet de la pression dans la conduite principale, la soupape de d\u00e9charge restitue la graisse. \u00c0 ce moment, la pression du syst\u00e8me chute et le piston du distributeur commence \u00e0 se redresser sous l&#039;action du ressort. Lorsque la soupape parapluie referme l&#039;entr\u00e9e du distributeur, le piston presse la graisse stock\u00e9e dans la cavit\u00e9 inf\u00e9rieure vers la cavit\u00e9 sup\u00e9rieure par le petit trou de la tige centrale, ce qui compl\u00e8te le stockage de la graisse.<\/p>","protected":false},"excerpt":{"rendered":"<p>Cette s\u00e9rie de dispositifs de dosage de lubrifiant sous pression peut \u00eatre combin\u00e9e avec diverses pompes de lubrification avec soupapes de d\u00e9charge de pression pour former un syst\u00e8me de lubrification \u00e0 ligne unique, la pression du syst\u00e8me doit atteindre la pression de fonctionnement des distributeurs.<\/p>","protected":false},"featured_media":1522,"template":"","meta":{"ocean_post_layout":"","ocean_both_sidebars_style":"","ocean_both_sidebars_content_width":0,"ocean_both_sidebars_sidebars_width":0,"ocean_sidebar":"0","ocean_second_sidebar":"0","ocean_disable_margins":"enable","ocean_add_body_class":"","ocean_shortcode_before_top_bar":"","ocean_shortcode_after_top_bar":"","ocean_shortcode_before_header":"","ocean_shortcode_after_header":"","ocean_has_shortcode":"","ocean_shortcode_after_title":"","ocean_shortcode_before_footer_widgets":"","ocean_shortcode_after_footer_widgets":"","ocean_shortcode_before_footer_bottom":"","ocean_shortcode_after_footer_bottom":"","ocean_display_top_bar":"default","ocean_display_header":"default","ocean_header_style":"","ocean_center_header_left_menu":"0","ocean_custom_header_template":"0","ocean_custom_logo":0,"ocean_custom_retina_logo":0,"ocean_custom_logo_max_width":0,"ocean_custom_logo_tablet_max_width":0,"ocean_custom_logo_mobile_max_width":0,"ocean_custom_logo_max_height":0,"ocean_custom_logo_tablet_max_height":0,"ocean_custom_logo_mobile_max_height":0,"ocean_header_custom_menu":"0","ocean_menu_typo_font_family":"0","ocean_menu_typo_font_subset":"","ocean_menu_typo_font_size":0,"ocean_menu_typo_font_size_tablet":0,"ocean_menu_typo_font_size_mobile":0,"ocean_menu_typo_font_size_unit":"px","ocean_menu_typo_font_weight":"","ocean_menu_typo_font_weight_tablet":"","ocean_menu_typo_font_weight_mobile":"","ocean_menu_typo_transform":"","ocean_menu_typo_transform_tablet":"","ocean_menu_typo_transform_mobile":"","ocean_menu_typo_line_height":0,"ocean_menu_typo_line_height_tablet":0,"ocean_menu_typo_line_height_mobile":0,"ocean_menu_typo_line_height_unit":"","ocean_menu_typo_spacing":0,"ocean_menu_typo_spacing_tablet":0,"ocean_menu_typo_spacing_mobile":0,"ocean_menu_typo_spacing_unit":"","ocean_menu_link_color":"","ocean_menu_link_color_hover":"","ocean_menu_link_color_active":"","ocean_menu_link_background":"","ocean_menu_link_hover_background":"","ocean_menu_link_active_background":"","ocean_menu_social_links_bg":"","ocean_menu_social_hover_links_bg":"","ocean_menu_social_links_color":"","ocean_menu_social_hover_links_color":"","ocean_disable_title":"default","ocean_disable_heading":"default","ocean_post_title":"","ocean_post_subheading":"","ocean_post_title_style":"","ocean_post_title_background_color":"","ocean_post_title_background":0,"ocean_post_title_bg_image_position":"","ocean_post_title_bg_image_attachment":"","ocean_post_title_bg_image_repeat":"","ocean_post_title_bg_image_size":"","ocean_post_title_height":0,"ocean_post_title_bg_overlay":0.5,"ocean_post_title_bg_overlay_color":"","ocean_disable_breadcrumbs":"default","ocean_breadcrumbs_color":"","ocean_breadcrumbs_separator_color":"","ocean_breadcrumbs_links_color":"","ocean_breadcrumbs_links_hover_color":"","ocean_display_footer_widgets":"default","ocean_display_footer_bottom":"default","ocean_custom_footer_template":"0","osh_disable_topbar_sticky":"default","osh_disable_header_sticky":"default","osh_sticky_header_style":"default","osh_sticky_header_effect":"","osh_custom_sticky_logo":0,"osh_custom_retina_sticky_logo":0,"osh_custom_sticky_logo_height":0,"osh_background_color":"","osh_links_color":"","osh_links_hover_color":"","osh_links_active_color":"","osh_links_bg_color":"","osh_links_hover_bg_color":"","osh_links_active_bg_color":"","osh_menu_social_links_color":"","osh_menu_social_hover_links_color":""},"product_brand":[],"product_cat":[47],"product_tag":[67,66,63],"class_list":{"0":"post-1517","1":"product","2":"type-product","3":"status-publish","4":"has-post-thumbnail","6":"product_cat-lubrication-metering-devices","7":"product_tag-grease-distributor","8":"product_tag-lubricant-distributor","9":"product_tag-metering-device","11":"entry","12":"has-media","14":"first","15":"instock","16":"shipping-taxable","17":"product-type-external","18":"col","19":"span_1_of_3","20":"owp-content-left","21":"owp-thumbs-layout-horizontal","22":"owp-btn-normal","23":"owp-tabs-layout-horizontal"},"_links":{"self":[{"href":"https:\/\/www.mesolube.com\/fr\/wp-json\/wp\/v2\/product\/1517","targetHints":{"allow":["GET"]}}],"collection":[{"href":"https:\/\/www.mesolube.com\/fr\/wp-json\/wp\/v2\/product"}],"about":[{"href":"https:\/\/www.mesolube.com\/fr\/wp-json\/wp\/v2\/types\/product"}],"wp:featuredmedia":[{"embeddable":true,"href":"https:\/\/www.mesolube.com\/fr\/wp-json\/wp\/v2\/media\/1522"}],"wp:attachment":[{"href":"https:\/\/www.mesolube.com\/fr\/wp-json\/wp\/v2\/media?parent=1517"}],"wp:term":[{"taxonomy":"product_brand","embeddable":true,"href":"https:\/\/www.mesolube.com\/fr\/wp-json\/wp\/v2\/product_brand?post=1517"},{"taxonomy":"product_cat","embeddable":true,"href":"https:\/\/www.mesolube.com\/fr\/wp-json\/wp\/v2\/product_cat?post=1517"},{"taxonomy":"product_tag","embeddable":true,"href":"https:\/\/www.mesolube.com\/fr\/wp-json\/wp\/v2\/product_tag?post=1517"}],"curies":[{"name":"wp","href":"https:\/\/api.w.org\/{rel}","templated":true}]}}