{"id":1540,"date":"2020-12-07T12:39:59","date_gmt":"2020-12-07T12:39:59","guid":{"rendered":"https:\/\/www.mesolube.com\/?post_type=product&#038;p=1540"},"modified":"2024-01-08T06:43:14","modified_gmt":"2024-01-08T06:43:14","slug":"s200-series-electric-single-point-lubricator","status":"publish","type":"product","link":"https:\/\/www.mesolube.com\/fr\/produit\/s200-series-electric-single-point-lubricator","title":{"rendered":"Lubrificateur \u00e9lectrique monopoint s\u00e9rie S100"},"content":{"rendered":"<p>\u2666 Le temps de lubrification 0,5, 1, 3, 6, 9, 12 mois peut \u00eatre r\u00e9gl\u00e9<br \/>\nUtilisation simple, r\u00e9glages pr\u00e9cis<br \/>\nLes param\u00e8tres peuvent \u00eatre modifi\u00e9s \u00e0 tout moment<br \/>\nPeut \u00eatre \u00e9teint pendant les temps d&#039;arr\u00eat de l&#039;\u00e9quipement<\/p>\n<p>\u2666 Moteurs aliment\u00e9s par batterie<br \/>\nD\u00e9charge pr\u00e9cise, non affect\u00e9e par la temp\u00e9rature et la contre-pression<br \/>\nLes moteurs aliment\u00e9s par batterie peuvent \u00eatre r\u00e9utilis\u00e9s pour r\u00e9duire les co\u00fbts<br \/>\nIl y aura un signal en cas d&#039;erreur dans l&#039;\u00e9quipement du syst\u00e8me, ce qui r\u00e9duit le co\u00fbt<\/p>\n<p>\u2666 Pression jusqu&#039;\u00e0 12 bars, montage d\u00e9port\u00e9 jusqu&#039;\u00e0 5 m\u00e8tres<br \/>\nZone dangereuse et montage d\u00e9port\u00e9 am\u00e9liorent la s\u00e9curit\u00e9 du lieu de travail et font gagner du temps Haute disponibilit\u00e9, remplacement en cours de fonctionnement<br \/>\nLe point de lubrification peut \u00eatre d\u00e9gag\u00e9 pour \u00e9liminer le blocage<\/p>","protected":false},"excerpt":{"rendered":"<p>Le temps de lubrification 0,5, 1, 3, 6, 9, 12 mois peut \u00eatre r\u00e9gl\u00e9<br \/>\nUtilisation simple, r\u00e9glages pr\u00e9cis<br \/>\nLes param\u00e8tres peuvent \u00eatre modifi\u00e9s \u00e0 tout moment<br \/>\nPeut \u00eatre \u00e9teint pendant les temps d&#039;arr\u00eat de l&#039;\u00e9quipement<\/p>","protected":false},"featured_media":1543,"template":"","meta":{"ocean_post_layout":"","ocean_both_sidebars_style":"","ocean_both_sidebars_content_width":0,"ocean_both_sidebars_sidebars_width":0,"ocean_sidebar":"0","ocean_second_sidebar":"0","ocean_disable_margins":"enable","ocean_add_body_class":"","ocean_shortcode_before_top_bar":"","ocean_shortcode_after_top_bar":"","ocean_shortcode_before_header":"","ocean_shortcode_after_header":"","ocean_has_shortcode":"","ocean_shortcode_after_title":"","ocean_shortcode_before_footer_widgets":"","ocean_shortcode_after_footer_widgets":"","ocean_shortcode_before_footer_bottom":"","ocean_shortcode_after_footer_bottom":"","ocean_display_top_bar":"default","ocean_display_header":"default","ocean_header_style":"","ocean_center_header_left_menu":"0","ocean_custom_header_template":"0","ocean_custom_logo":0,"ocean_custom_retina_logo":0,"ocean_custom_logo_max_width":0,"ocean_custom_logo_tablet_max_width":0,"ocean_custom_logo_mobile_max_width":0,"ocean_custom_logo_max_height":0,"ocean_custom_logo_tablet_max_height":0,"ocean_custom_logo_mobile_max_height":0,"ocean_header_custom_menu":"0","ocean_menu_typo_font_family":"0","ocean_menu_typo_font_subset":"","ocean_menu_typo_font_size":0,"ocean_menu_typo_font_size_tablet":0,"ocean_menu_typo_font_size_mobile":0,"ocean_menu_typo_font_size_unit":"px","ocean_menu_typo_font_weight":"","ocean_menu_typo_font_weight_tablet":"","ocean_menu_typo_font_weight_mobile":"","ocean_menu_typo_transform":"","ocean_menu_typo_transform_tablet":"","ocean_menu_typo_transform_mobile":"","ocean_menu_typo_line_height":0,"ocean_menu_typo_line_height_tablet":0,"ocean_menu_typo_line_height_mobile":0,"ocean_menu_typo_line_height_unit":"","ocean_menu_typo_spacing":0,"ocean_menu_typo_spacing_tablet":0,"ocean_menu_typo_spacing_mobile":0,"ocean_menu_typo_spacing_unit":"","ocean_menu_link_color":"","ocean_menu_link_color_hover":"","ocean_menu_link_color_active":"","ocean_menu_link_background":"","ocean_menu_link_hover_background":"","ocean_menu_link_active_background":"","ocean_menu_social_links_bg":"","ocean_menu_social_hover_links_bg":"","ocean_menu_social_links_color":"","ocean_menu_social_hover_links_color":"","ocean_disable_title":"default","ocean_disable_heading":"default","ocean_post_title":"","ocean_post_subheading":"","ocean_post_title_style":"","ocean_post_title_background_color":"","ocean_post_title_background":0,"ocean_post_title_bg_image_position":"","ocean_post_title_bg_image_attachment":"","ocean_post_title_bg_image_repeat":"","ocean_post_title_bg_image_size":"","ocean_post_title_height":0,"ocean_post_title_bg_overlay":0.5,"ocean_post_title_bg_overlay_color":"","ocean_disable_breadcrumbs":"default","ocean_breadcrumbs_color":"","ocean_breadcrumbs_separator_color":"","ocean_breadcrumbs_links_color":"","ocean_breadcrumbs_links_hover_color":"","ocean_display_footer_widgets":"default","ocean_display_footer_bottom":"default","ocean_custom_footer_template":"0","osh_disable_topbar_sticky":"default","osh_disable_header_sticky":"default","osh_sticky_header_style":"default","osh_sticky_header_effect":"","osh_custom_sticky_logo":0,"osh_custom_retina_sticky_logo":0,"osh_custom_sticky_logo_height":0,"osh_background_color":"","osh_links_color":"","osh_links_hover_color":"","osh_links_active_color":"","osh_links_bg_color":"","osh_links_hover_bg_color":"","osh_links_active_bg_color":"","osh_menu_social_links_color":"","osh_menu_social_hover_links_color":""},"product_brand":[],"product_cat":[44],"product_tag":[70,69,68],"class_list":{"0":"post-1540","1":"product","2":"type-product","3":"status-publish","4":"has-post-thumbnail","6":"product_cat-single-point-lubricators","7":"product_tag-electric-lubricator","8":"product_tag-lubricator","9":"product_tag-single-ponit-lubricator","11":"entry","12":"has-media","14":"first","15":"instock","16":"shipping-taxable","17":"product-type-external","18":"col","19":"span_1_of_3","20":"owp-content-left","21":"owp-thumbs-layout-horizontal","22":"owp-btn-normal","23":"owp-tabs-layout-horizontal"},"_links":{"self":[{"href":"https:\/\/www.mesolube.com\/fr\/wp-json\/wp\/v2\/product\/1540","targetHints":{"allow":["GET"]}}],"collection":[{"href":"https:\/\/www.mesolube.com\/fr\/wp-json\/wp\/v2\/product"}],"about":[{"href":"https:\/\/www.mesolube.com\/fr\/wp-json\/wp\/v2\/types\/product"}],"wp:featuredmedia":[{"embeddable":true,"href":"https:\/\/www.mesolube.com\/fr\/wp-json\/wp\/v2\/media\/1543"}],"wp:attachment":[{"href":"https:\/\/www.mesolube.com\/fr\/wp-json\/wp\/v2\/media?parent=1540"}],"wp:term":[{"taxonomy":"product_brand","embeddable":true,"href":"https:\/\/www.mesolube.com\/fr\/wp-json\/wp\/v2\/product_brand?post=1540"},{"taxonomy":"product_cat","embeddable":true,"href":"https:\/\/www.mesolube.com\/fr\/wp-json\/wp\/v2\/product_cat?post=1540"},{"taxonomy":"product_tag","embeddable":true,"href":"https:\/\/www.mesolube.com\/fr\/wp-json\/wp\/v2\/product_tag?post=1540"}],"curies":[{"name":"wp","href":"https:\/\/api.w.org\/{rel}","templated":true}]}}