{"id":1570,"date":"2020-12-08T01:12:26","date_gmt":"2020-12-08T01:12:26","guid":{"rendered":"https:\/\/www.mesolube.com\/?post_type=product&#038;p=1570"},"modified":"2020-12-16T07:18:59","modified_gmt":"2020-12-16T07:18:59","slug":"p100-07c2400-electrically-operated-grease-pump","status":"publish","type":"product","link":"https:\/\/www.mesolube.com\/fr\/produit\/p100-07c2400-electrically-operated-grease-pump","title":{"rendered":"Pompe \u00e0 graisse \u00e9lectrique P100-07C2400"},"content":{"rendered":"<p>Caract\u00e9ristiques de la s\u00e9rie<br \/>\n1. Deux versions avec r\u00e9servoir ou cartouche.<br \/>\n2. Jusqu&#039;\u00e0 2 sorties de lubrifiant.<br \/>\n3. Avec fonction de surveillance du niveau de liquide.<br \/>\n4. Tension 12\/24 VCC, 110\/220 VCA.<br \/>\n5. Pression de fonctionnement maximale 8MPa.<br \/>\n6. Contr\u00f4l\u00e9 par un PLC externe ou avec un contr\u00f4leur.<br \/>\n7. Six al\u00e9sages de montage en option offrent une vari\u00e9t\u00e9 de possibilit\u00e9s d&#039;installation.<br \/>\n8. Bouton de lubrification manuelle pour faciliter le d\u00e9marrage ou l&#039;\u00e9chappement du syst\u00e8me.<br \/>\n9. Vis de ventilation pour une ventilation simple lors du d\u00e9marrage du syst\u00e8me ou apr\u00e8s le remplacement de la cartouche.<br \/>\n10. Utilisation int\u00e9rieure.<\/p>\n<p>Avantages de la s\u00e9rie<br \/>\n1. Op\u00e9ration rentable, stable et fiable et simple.<br \/>\n2. Lubrification efficace, prolongeant la dur\u00e9e de vie de l&#039;\u00e9quipement.<br \/>\n3. Performances du syst\u00e8me pr\u00e9cises et stables.<br \/>\n4. Il peut \u00eatre \u00e9tendu \u00e0 davantage de points de lubrification.<\/p>","protected":false},"excerpt":{"rendered":"<p>La pompe de la s\u00e9rie P100 est tr\u00e8s efficace et facile \u00e0 utiliser. Il est utilis\u00e9 dans les machines de petite et moyenne taille et peut former un syst\u00e8me de lubrification centralis\u00e9 \u00e0 ligne unique et un syst\u00e8me de lubrification progressive bas\u00e9 sur diff\u00e9rentes configurations.<\/p>","protected":false},"featured_media":1262,"template":"","meta":{"ocean_post_layout":"","ocean_both_sidebars_style":"","ocean_both_sidebars_content_width":0,"ocean_both_sidebars_sidebars_width":0,"ocean_sidebar":"0","ocean_second_sidebar":"0","ocean_disable_margins":"enable","ocean_add_body_class":"","ocean_shortcode_before_top_bar":"","ocean_shortcode_after_top_bar":"","ocean_shortcode_before_header":"","ocean_shortcode_after_header":"","ocean_has_shortcode":"","ocean_shortcode_after_title":"","ocean_shortcode_before_footer_widgets":"","ocean_shortcode_after_footer_widgets":"","ocean_shortcode_before_footer_bottom":"","ocean_shortcode_after_footer_bottom":"","ocean_display_top_bar":"default","ocean_display_header":"default","ocean_header_style":"","ocean_center_header_left_menu":"0","ocean_custom_header_template":"0","ocean_custom_logo":0,"ocean_custom_retina_logo":0,"ocean_custom_logo_max_width":0,"ocean_custom_logo_tablet_max_width":0,"ocean_custom_logo_mobile_max_width":0,"ocean_custom_logo_max_height":0,"ocean_custom_logo_tablet_max_height":0,"ocean_custom_logo_mobile_max_height":0,"ocean_header_custom_menu":"0","ocean_menu_typo_font_family":"0","ocean_menu_typo_font_subset":"","ocean_menu_typo_font_size":0,"ocean_menu_typo_font_size_tablet":0,"ocean_menu_typo_font_size_mobile":0,"ocean_menu_typo_font_size_unit":"px","ocean_menu_typo_font_weight":"","ocean_menu_typo_font_weight_tablet":"","ocean_menu_typo_font_weight_mobile":"","ocean_menu_typo_transform":"","ocean_menu_typo_transform_tablet":"","ocean_menu_typo_transform_mobile":"","ocean_menu_typo_line_height":0,"ocean_menu_typo_line_height_tablet":0,"ocean_menu_typo_line_height_mobile":0,"ocean_menu_typo_line_height_unit":"","ocean_menu_typo_spacing":0,"ocean_menu_typo_spacing_tablet":0,"ocean_menu_typo_spacing_mobile":0,"ocean_menu_typo_spacing_unit":"","ocean_menu_link_color":"","ocean_menu_link_color_hover":"","ocean_menu_link_color_active":"","ocean_menu_link_background":"","ocean_menu_link_hover_background":"","ocean_menu_link_active_background":"","ocean_menu_social_links_bg":"","ocean_menu_social_hover_links_bg":"","ocean_menu_social_links_color":"","ocean_menu_social_hover_links_color":"","ocean_disable_title":"default","ocean_disable_heading":"default","ocean_post_title":"","ocean_post_subheading":"","ocean_post_title_style":"","ocean_post_title_background_color":"","ocean_post_title_background":0,"ocean_post_title_bg_image_position":"","ocean_post_title_bg_image_attachment":"","ocean_post_title_bg_image_repeat":"","ocean_post_title_bg_image_size":"","ocean_post_title_height":0,"ocean_post_title_bg_overlay":0.5,"ocean_post_title_bg_overlay_color":"","ocean_disable_breadcrumbs":"default","ocean_breadcrumbs_color":"","ocean_breadcrumbs_separator_color":"","ocean_breadcrumbs_links_color":"","ocean_breadcrumbs_links_hover_color":"","ocean_display_footer_widgets":"default","ocean_display_footer_bottom":"default","ocean_custom_footer_template":"0","osh_disable_topbar_sticky":"default","osh_disable_header_sticky":"default","osh_sticky_header_style":"default","osh_sticky_header_effect":"","osh_custom_sticky_logo":0,"osh_custom_retina_sticky_logo":0,"osh_custom_sticky_logo_height":0,"osh_background_color":"","osh_links_color":"","osh_links_hover_color":"","osh_links_active_color":"","osh_links_bg_color":"","osh_links_hover_bg_color":"","osh_links_active_bg_color":"","osh_menu_social_links_color":"","osh_menu_social_hover_links_color":""},"product_brand":[],"product_cat":[42],"product_tag":[51,50,49],"class_list":{"0":"post-1570","1":"product","2":"type-product","3":"status-publish","4":"has-post-thumbnail","6":"product_cat-electric-grease-pumps","7":"product_tag-automatic-pump","8":"product_tag-electric-pump","9":"product_tag-grease-pump","11":"entry","12":"has-media","14":"first","15":"instock","16":"shipping-taxable","17":"product-type-external","18":"col","19":"span_1_of_3","20":"owp-content-left","21":"owp-thumbs-layout-horizontal","22":"owp-btn-normal","23":"owp-tabs-layout-horizontal"},"_links":{"self":[{"href":"https:\/\/www.mesolube.com\/fr\/wp-json\/wp\/v2\/product\/1570","targetHints":{"allow":["GET"]}}],"collection":[{"href":"https:\/\/www.mesolube.com\/fr\/wp-json\/wp\/v2\/product"}],"about":[{"href":"https:\/\/www.mesolube.com\/fr\/wp-json\/wp\/v2\/types\/product"}],"wp:featuredmedia":[{"embeddable":true,"href":"https:\/\/www.mesolube.com\/fr\/wp-json\/wp\/v2\/media\/1262"}],"wp:attachment":[{"href":"https:\/\/www.mesolube.com\/fr\/wp-json\/wp\/v2\/media?parent=1570"}],"wp:term":[{"taxonomy":"product_brand","embeddable":true,"href":"https:\/\/www.mesolube.com\/fr\/wp-json\/wp\/v2\/product_brand?post=1570"},{"taxonomy":"product_cat","embeddable":true,"href":"https:\/\/www.mesolube.com\/fr\/wp-json\/wp\/v2\/product_cat?post=1570"},{"taxonomy":"product_tag","embeddable":true,"href":"https:\/\/www.mesolube.com\/fr\/wp-json\/wp\/v2\/product_tag?post=1570"}],"curies":[{"name":"wp","href":"https:\/\/api.w.org\/{rel}","templated":true}]}}