{"id":1573,"date":"2020-12-08T01:32:32","date_gmt":"2020-12-08T01:32:32","guid":{"rendered":"https:\/\/www.mesolube.com\/?post_type=product&#038;p=1573"},"modified":"2020-12-16T11:55:56","modified_gmt":"2020-12-16T11:55:56","slug":"p100-052410-lubrication-grease-pump-unit","status":"publish","type":"product","link":"https:\/\/www.mesolube.com\/fr\/produit\/p100-052410-lubrication-grease-pump-unit","title":{"rendered":"P100-052410 Unit\u00e9 de pompe \u00e0 graisse de lubrification"},"content":{"rendered":"<p>Le syst\u00e8me de pompe de la s\u00e9rie P100 peut lubrifier jusqu&#039;\u00e0 100 points de lubrification et la conduite principale peut mesurer jusqu&#039;\u00e0 15 m\u00e8tres de long.<br \/>\nIl dispose d&#039;une soupape de surpression qui le rend adapt\u00e9 \u00e0 une utilisation dans le syst\u00e8me de lubrification d&#039;un distributeur pressuris\u00e9 simple ligne.<br \/>\nDeux versions de la s\u00e9rie P100, version r\u00e9servoir et cartouche.<\/p>\n<p><strong>R\u00e9servoir en plastique transparent<\/strong><br \/>\nCapacit\u00e9 : 0,3 L, 0,5 L, 1 L, 1,2 L, 1,7 L, etc., y compris les filtres standards.<br \/>\nAvantages<br \/>\n1. Flexible et facile \u00e0 injecter<br \/>\n2. Avec une capacit\u00e9 diff\u00e9rente<br \/>\n3. Prolonger le temps de maintenance<br \/>\n4. \u00c9chappez uniquement au d\u00e9marrage du syst\u00e8me<\/p>\n<p><strong>Cartouche pr\u00e9remplie<\/strong><br \/>\nAvec interrupteur de niveau de liquide, il peut \u00eatre rempli de diverses graisses NLGI000~2<br \/>\nAvantages<br \/>\n1. \u00c9vitez d&#039;utiliser des lubrifiants inappropri\u00e9s ou contamin\u00e9s<br \/>\n2. R\u00e9duire la pollution par les graisses dans l&#039;environnement<br \/>\n3. Cela peut simplifier la gestion des stocks<br \/>\n4. Remplacez le paquet d&#039;huile en toute s\u00e9curit\u00e9 et proprement.<\/p>","protected":false},"excerpt":{"rendered":"<p>La pompe est principalement utilis\u00e9e pour la lubrification des \u00e9quipements int\u00e9rieurs de petite et moyenne taille. Cette version ne dispose pas de soupape de surpression et peut \u00eatre associ\u00e9e \u00e0 un distributeur progressif pour former un syst\u00e8me de lubrification progressive.<\/p>","protected":false},"featured_media":1325,"template":"","meta":{"ocean_post_layout":"","ocean_both_sidebars_style":"","ocean_both_sidebars_content_width":0,"ocean_both_sidebars_sidebars_width":0,"ocean_sidebar":"0","ocean_second_sidebar":"0","ocean_disable_margins":"enable","ocean_add_body_class":"","ocean_shortcode_before_top_bar":"","ocean_shortcode_after_top_bar":"","ocean_shortcode_before_header":"","ocean_shortcode_after_header":"","ocean_has_shortcode":"","ocean_shortcode_after_title":"","ocean_shortcode_before_footer_widgets":"","ocean_shortcode_after_footer_widgets":"","ocean_shortcode_before_footer_bottom":"","ocean_shortcode_after_footer_bottom":"","ocean_display_top_bar":"default","ocean_display_header":"default","ocean_header_style":"","ocean_center_header_left_menu":"0","ocean_custom_header_template":"0","ocean_custom_logo":0,"ocean_custom_retina_logo":0,"ocean_custom_logo_max_width":0,"ocean_custom_logo_tablet_max_width":0,"ocean_custom_logo_mobile_max_width":0,"ocean_custom_logo_max_height":0,"ocean_custom_logo_tablet_max_height":0,"ocean_custom_logo_mobile_max_height":0,"ocean_header_custom_menu":"0","ocean_menu_typo_font_family":"0","ocean_menu_typo_font_subset":"","ocean_menu_typo_font_size":0,"ocean_menu_typo_font_size_tablet":0,"ocean_menu_typo_font_size_mobile":0,"ocean_menu_typo_font_size_unit":"px","ocean_menu_typo_font_weight":"","ocean_menu_typo_font_weight_tablet":"","ocean_menu_typo_font_weight_mobile":"","ocean_menu_typo_transform":"","ocean_menu_typo_transform_tablet":"","ocean_menu_typo_transform_mobile":"","ocean_menu_typo_line_height":0,"ocean_menu_typo_line_height_tablet":0,"ocean_menu_typo_line_height_mobile":0,"ocean_menu_typo_line_height_unit":"","ocean_menu_typo_spacing":0,"ocean_menu_typo_spacing_tablet":0,"ocean_menu_typo_spacing_mobile":0,"ocean_menu_typo_spacing_unit":"","ocean_menu_link_color":"","ocean_menu_link_color_hover":"","ocean_menu_link_color_active":"","ocean_menu_link_background":"","ocean_menu_link_hover_background":"","ocean_menu_link_active_background":"","ocean_menu_social_links_bg":"","ocean_menu_social_hover_links_bg":"","ocean_menu_social_links_color":"","ocean_menu_social_hover_links_color":"","ocean_disable_title":"default","ocean_disable_heading":"default","ocean_post_title":"","ocean_post_subheading":"","ocean_post_title_style":"","ocean_post_title_background_color":"","ocean_post_title_background":0,"ocean_post_title_bg_image_position":"","ocean_post_title_bg_image_attachment":"","ocean_post_title_bg_image_repeat":"","ocean_post_title_bg_image_size":"","ocean_post_title_height":0,"ocean_post_title_bg_overlay":0.5,"ocean_post_title_bg_overlay_color":"","ocean_disable_breadcrumbs":"default","ocean_breadcrumbs_color":"","ocean_breadcrumbs_separator_color":"","ocean_breadcrumbs_links_color":"","ocean_breadcrumbs_links_hover_color":"","ocean_display_footer_widgets":"default","ocean_display_footer_bottom":"default","ocean_custom_footer_template":"0","osh_disable_topbar_sticky":"default","osh_disable_header_sticky":"default","osh_sticky_header_style":"default","osh_sticky_header_effect":"","osh_custom_sticky_logo":0,"osh_custom_retina_sticky_logo":0,"osh_custom_sticky_logo_height":0,"osh_background_color":"","osh_links_color":"","osh_links_hover_color":"","osh_links_active_color":"","osh_links_bg_color":"","osh_links_hover_bg_color":"","osh_links_active_bg_color":"","osh_menu_social_links_color":"","osh_menu_social_hover_links_color":""},"product_brand":[],"product_cat":[42],"product_tag":[50,52,72],"class_list":{"0":"post-1573","1":"product","2":"type-product","3":"status-publish","4":"has-post-thumbnail","6":"product_cat-electric-grease-pumps","7":"product_tag-electric-pump","8":"product_tag-lubrication-pump","9":"product_tag-progressive-pump","11":"entry","12":"has-media","14":"first","15":"instock","16":"shipping-taxable","17":"product-type-external","18":"col","19":"span_1_of_3","20":"owp-content-left","21":"owp-thumbs-layout-horizontal","22":"owp-btn-normal","23":"owp-tabs-layout-horizontal"},"_links":{"self":[{"href":"https:\/\/www.mesolube.com\/fr\/wp-json\/wp\/v2\/product\/1573","targetHints":{"allow":["GET"]}}],"collection":[{"href":"https:\/\/www.mesolube.com\/fr\/wp-json\/wp\/v2\/product"}],"about":[{"href":"https:\/\/www.mesolube.com\/fr\/wp-json\/wp\/v2\/types\/product"}],"wp:featuredmedia":[{"embeddable":true,"href":"https:\/\/www.mesolube.com\/fr\/wp-json\/wp\/v2\/media\/1325"}],"wp:attachment":[{"href":"https:\/\/www.mesolube.com\/fr\/wp-json\/wp\/v2\/media?parent=1573"}],"wp:term":[{"taxonomy":"product_brand","embeddable":true,"href":"https:\/\/www.mesolube.com\/fr\/wp-json\/wp\/v2\/product_brand?post=1573"},{"taxonomy":"product_cat","embeddable":true,"href":"https:\/\/www.mesolube.com\/fr\/wp-json\/wp\/v2\/product_cat?post=1573"},{"taxonomy":"product_tag","embeddable":true,"href":"https:\/\/www.mesolube.com\/fr\/wp-json\/wp\/v2\/product_tag?post=1573"}],"curies":[{"name":"wp","href":"https:\/\/api.w.org\/{rel}","templated":true}]}}