{"id":1575,"date":"2020-12-08T01:44:40","date_gmt":"2020-12-08T01:44:40","guid":{"rendered":"https:\/\/www.mesolube.com\/?post_type=product&#038;p=1575"},"modified":"2020-12-16T07:19:50","modified_gmt":"2020-12-16T07:19:50","slug":"p200-032451-cartridge-lubrication-grease-pump-2","status":"publish","type":"product","link":"https:\/\/www.mesolube.com\/fr\/produit\/p200-032451-cartridge-lubrication-grease-pump-2","title":{"rendered":"Pompe \u00e0 graisse de lubrification \u00e0 cartouche P200-032450"},"content":{"rendered":"<p>Avantages<br \/>\nCette pompe de lubrification est utilis\u00e9e en conjonction avec des dispositifs de dosage de lubrification. Le d\u00e9placement pr\u00e9cis peut rendre chaque point de l&#039;\u00e9quipement lubrifi\u00e9 enti\u00e8rement lubrifi\u00e9. La pompe est de petite taille et l\u00e9g\u00e8re. Elle utilise une cartouche de lubrifiant, facile \u00e0 installer et largement utilis\u00e9e.<\/p>\n<p>Remplissage<br \/>\nAssurez-vous que la graisse soit compl\u00e8tement consomm\u00e9e avant de changer la cartouche.<br \/>\nNe pas mettre l&#039;appareil sous tension sans cartouche, sinon la pompe aspirera de l&#039;air ou des corps \u00e9trangers et provoquera sa panne.<br \/>\nLors du remplacement de la cartouche, n&#039;essuyez pas l&#039;orifice d&#039;entr\u00e9e de la pompe avec un chiffon sale. La pompe aspirerait alors des corps \u00e9trangers et provoquerait sa d\u00e9faillance.<br \/>\nSeuls les sacs d&#039;huile LHL standard sont pris en charge. L&#039;utilisation d&#039;autres graisses peut entra\u00eener une d\u00e9faillance du syst\u00e8me et endommager des pi\u00e8ces importantes de l&#039;\u00e9quipement.<br \/>\nN&#039;injectez pas de graisse dans une cartouche vide et ne la r\u00e9utilisez pas, car cela pourrait provoquer la rupture de la cartouche ou un dysfonctionnement de la pompe en raison de l&#039;entr\u00e9e d&#039;air ou de corps \u00e9trangers.<\/p>\n<p>Applications<br \/>\nMachines-outils, Automatisation, Machines d&#039;impression, Machines sur route\/hors route, Machines de construction et foresti\u00e8res, Industrie du ciment, Agroalimentaire, Applications ferroviaires, Industrie sid\u00e9rurgique, Et plus encore.<\/p>","protected":false},"excerpt":{"rendered":"<p>Les pompes de lubrification de la s\u00e9rie P200 pr\u00e9sentent une bonne stabilit\u00e9 et une bonne pr\u00e9cision, une petite taille et un poids l\u00e9ger, ce qui les rend tr\u00e8s adapt\u00e9es \u00e0 la lubrification pr\u00e9cise des \u00e9quipements. Elles peuvent \u00eatre combin\u00e9es avec des distributeurs pour former un syst\u00e8me de lubrification progressif.<\/p>","protected":false},"featured_media":1340,"template":"","meta":{"ocean_post_layout":"","ocean_both_sidebars_style":"","ocean_both_sidebars_content_width":0,"ocean_both_sidebars_sidebars_width":0,"ocean_sidebar":"0","ocean_second_sidebar":"0","ocean_disable_margins":"enable","ocean_add_body_class":"","ocean_shortcode_before_top_bar":"","ocean_shortcode_after_top_bar":"","ocean_shortcode_before_header":"","ocean_shortcode_after_header":"","ocean_has_shortcode":"","ocean_shortcode_after_title":"","ocean_shortcode_before_footer_widgets":"","ocean_shortcode_after_footer_widgets":"","ocean_shortcode_before_footer_bottom":"","ocean_shortcode_after_footer_bottom":"","ocean_display_top_bar":"default","ocean_display_header":"default","ocean_header_style":"","ocean_center_header_left_menu":"0","ocean_custom_header_template":"0","ocean_custom_logo":0,"ocean_custom_retina_logo":0,"ocean_custom_logo_max_width":0,"ocean_custom_logo_tablet_max_width":0,"ocean_custom_logo_mobile_max_width":0,"ocean_custom_logo_max_height":0,"ocean_custom_logo_tablet_max_height":0,"ocean_custom_logo_mobile_max_height":0,"ocean_header_custom_menu":"0","ocean_menu_typo_font_family":"0","ocean_menu_typo_font_subset":"","ocean_menu_typo_font_size":0,"ocean_menu_typo_font_size_tablet":0,"ocean_menu_typo_font_size_mobile":0,"ocean_menu_typo_font_size_unit":"px","ocean_menu_typo_font_weight":"","ocean_menu_typo_font_weight_tablet":"","ocean_menu_typo_font_weight_mobile":"","ocean_menu_typo_transform":"","ocean_menu_typo_transform_tablet":"","ocean_menu_typo_transform_mobile":"","ocean_menu_typo_line_height":0,"ocean_menu_typo_line_height_tablet":0,"ocean_menu_typo_line_height_mobile":0,"ocean_menu_typo_line_height_unit":"","ocean_menu_typo_spacing":0,"ocean_menu_typo_spacing_tablet":0,"ocean_menu_typo_spacing_mobile":0,"ocean_menu_typo_spacing_unit":"","ocean_menu_link_color":"","ocean_menu_link_color_hover":"","ocean_menu_link_color_active":"","ocean_menu_link_background":"","ocean_menu_link_hover_background":"","ocean_menu_link_active_background":"","ocean_menu_social_links_bg":"","ocean_menu_social_hover_links_bg":"","ocean_menu_social_links_color":"","ocean_menu_social_hover_links_color":"","ocean_disable_title":"default","ocean_disable_heading":"default","ocean_post_title":"","ocean_post_subheading":"","ocean_post_title_style":"","ocean_post_title_background_color":"","ocean_post_title_background":0,"ocean_post_title_bg_image_position":"","ocean_post_title_bg_image_attachment":"","ocean_post_title_bg_image_repeat":"","ocean_post_title_bg_image_size":"","ocean_post_title_height":0,"ocean_post_title_bg_overlay":0.5,"ocean_post_title_bg_overlay_color":"","ocean_disable_breadcrumbs":"default","ocean_breadcrumbs_color":"","ocean_breadcrumbs_separator_color":"","ocean_breadcrumbs_links_color":"","ocean_breadcrumbs_links_hover_color":"","ocean_display_footer_widgets":"default","ocean_display_footer_bottom":"default","ocean_custom_footer_template":"0","osh_disable_topbar_sticky":"default","osh_disable_header_sticky":"default","osh_sticky_header_style":"default","osh_sticky_header_effect":"","osh_custom_sticky_logo":0,"osh_custom_retina_sticky_logo":0,"osh_custom_sticky_logo_height":0,"osh_background_color":"","osh_links_color":"","osh_links_hover_color":"","osh_links_active_color":"","osh_links_bg_color":"","osh_links_hover_bg_color":"","osh_links_active_bg_color":"","osh_menu_social_links_color":"","osh_menu_social_hover_links_color":""},"product_brand":[],"product_cat":[42],"product_tag":[73,50,52],"class_list":{"0":"post-1575","1":"product","2":"type-product","3":"status-publish","4":"has-post-thumbnail","6":"product_cat-electric-grease-pumps","7":"product_tag-automatic","8":"product_tag-electric-pump","9":"product_tag-lubrication-pump","11":"entry","12":"has-media","14":"first","15":"instock","16":"shipping-taxable","17":"product-type-external","18":"col","19":"span_1_of_3","20":"owp-content-left","21":"owp-thumbs-layout-horizontal","22":"owp-btn-normal","23":"owp-tabs-layout-horizontal"},"_links":{"self":[{"href":"https:\/\/www.mesolube.com\/fr\/wp-json\/wp\/v2\/product\/1575","targetHints":{"allow":["GET"]}}],"collection":[{"href":"https:\/\/www.mesolube.com\/fr\/wp-json\/wp\/v2\/product"}],"about":[{"href":"https:\/\/www.mesolube.com\/fr\/wp-json\/wp\/v2\/types\/product"}],"wp:featuredmedia":[{"embeddable":true,"href":"https:\/\/www.mesolube.com\/fr\/wp-json\/wp\/v2\/media\/1340"}],"wp:attachment":[{"href":"https:\/\/www.mesolube.com\/fr\/wp-json\/wp\/v2\/media?parent=1575"}],"wp:term":[{"taxonomy":"product_brand","embeddable":true,"href":"https:\/\/www.mesolube.com\/fr\/wp-json\/wp\/v2\/product_brand?post=1575"},{"taxonomy":"product_cat","embeddable":true,"href":"https:\/\/www.mesolube.com\/fr\/wp-json\/wp\/v2\/product_cat?post=1575"},{"taxonomy":"product_tag","embeddable":true,"href":"https:\/\/www.mesolube.com\/fr\/wp-json\/wp\/v2\/product_tag?post=1575"}],"curies":[{"name":"wp","href":"https:\/\/api.w.org\/{rel}","templated":true}]}}