{"id":1579,"date":"2020-12-09T06:26:26","date_gmt":"2020-12-09T06:26:26","guid":{"rendered":"https:\/\/www.mesolube.com\/?post_type=product&#038;p=1579"},"modified":"2020-12-09T11:02:51","modified_gmt":"2020-12-09T11:02:51","slug":"hph-4x8-6-resin-high-pressure-hydraulic-hose","status":"publish","type":"product","link":"https:\/\/www.mesolube.com\/fr\/produit\/hph-4x8-6-resin-high-pressure-hydraulic-hose","title":{"rendered":"Tuyau hydraulique haute pression en r\u00e9sine HPH-4 \u00d7 8,6"},"content":{"rendered":"<p>S\u00e9rie de tuyaux renforc\u00e9s en fibre tress\u00e9e<br \/>\ncomposition du produit:<br \/>\nDoublure int\u00e9rieure : nylon (PA)\/polyur\u00e9thane (TPU)\/TPEE.<br \/>\nCouverture ext\u00e9rieure : Polyur\u00e9thane (TPU).<br \/>\nCaract\u00e9ristiques du produit:<br \/>\nCapacit\u00e9 portante \u00e0 haute pression, bonnes performances d&#039;impulsion, faible r\u00e9sistance aux fluides, bonne r\u00e9sistance \u00e0 l&#039;usure, haute propret\u00e9, r\u00e9sistance aux basses temp\u00e9ratures, r\u00e9sistance \u00e0 l&#039;huile, r\u00e9sistance aux acides et aux alcalis, r\u00e9sistance au vieillissement, r\u00e9sistance \u00e0 l&#039;ozonation et r\u00e9sistance aux UV.<br \/>\nApplications:<br \/>\nMachines de construction, automobiles, navires, pulv\u00e9risation, machines-outils hydrauliques, syst\u00e8mes de direction assist\u00e9e, syst\u00e8mes de lubrification, industries chimiques et autres industries<br \/>\nTemp\u00e9rature de fonctionnement : -40 \u2103-100 \u2103.<\/p>","protected":false},"excerpt":{"rendered":"<p>Capacit\u00e9 portante \u00e0 haute pression, bonnes performances d&#039;impulsion, faible r\u00e9sistance aux fluides, bonne r\u00e9sistance \u00e0 l&#039;usure, haute propret\u00e9, r\u00e9sistance aux basses temp\u00e9ratures, r\u00e9sistance \u00e0 l&#039;huile, r\u00e9sistance aux acides et aux alcalis, r\u00e9sistance au vieillissement, r\u00e9sistance \u00e0 l&#039;ozonation et r\u00e9sistance aux UV.<\/p>","protected":false},"featured_media":1581,"template":"","meta":{"ocean_post_layout":"","ocean_both_sidebars_style":"","ocean_both_sidebars_content_width":0,"ocean_both_sidebars_sidebars_width":0,"ocean_sidebar":"0","ocean_second_sidebar":"0","ocean_disable_margins":"enable","ocean_add_body_class":"","ocean_shortcode_before_top_bar":"","ocean_shortcode_after_top_bar":"","ocean_shortcode_before_header":"","ocean_shortcode_after_header":"","ocean_has_shortcode":"","ocean_shortcode_after_title":"","ocean_shortcode_before_footer_widgets":"","ocean_shortcode_after_footer_widgets":"","ocean_shortcode_before_footer_bottom":"","ocean_shortcode_after_footer_bottom":"","ocean_display_top_bar":"default","ocean_display_header":"default","ocean_header_style":"","ocean_center_header_left_menu":"0","ocean_custom_header_template":"0","ocean_custom_logo":0,"ocean_custom_retina_logo":0,"ocean_custom_logo_max_width":0,"ocean_custom_logo_tablet_max_width":0,"ocean_custom_logo_mobile_max_width":0,"ocean_custom_logo_max_height":0,"ocean_custom_logo_tablet_max_height":0,"ocean_custom_logo_mobile_max_height":0,"ocean_header_custom_menu":"0","ocean_menu_typo_font_family":"0","ocean_menu_typo_font_subset":"","ocean_menu_typo_font_size":0,"ocean_menu_typo_font_size_tablet":0,"ocean_menu_typo_font_size_mobile":0,"ocean_menu_typo_font_size_unit":"px","ocean_menu_typo_font_weight":"","ocean_menu_typo_font_weight_tablet":"","ocean_menu_typo_font_weight_mobile":"","ocean_menu_typo_transform":"","ocean_menu_typo_transform_tablet":"","ocean_menu_typo_transform_mobile":"","ocean_menu_typo_line_height":0,"ocean_menu_typo_line_height_tablet":0,"ocean_menu_typo_line_height_mobile":0,"ocean_menu_typo_line_height_unit":"","ocean_menu_typo_spacing":0,"ocean_menu_typo_spacing_tablet":0,"ocean_menu_typo_spacing_mobile":0,"ocean_menu_typo_spacing_unit":"","ocean_menu_link_color":"","ocean_menu_link_color_hover":"","ocean_menu_link_color_active":"","ocean_menu_link_background":"","ocean_menu_link_hover_background":"","ocean_menu_link_active_background":"","ocean_menu_social_links_bg":"","ocean_menu_social_hover_links_bg":"","ocean_menu_social_links_color":"","ocean_menu_social_hover_links_color":"","ocean_disable_title":"default","ocean_disable_heading":"default","ocean_post_title":"","ocean_post_subheading":"","ocean_post_title_style":"","ocean_post_title_background_color":"","ocean_post_title_background":0,"ocean_post_title_bg_image_position":"","ocean_post_title_bg_image_attachment":"","ocean_post_title_bg_image_repeat":"","ocean_post_title_bg_image_size":"","ocean_post_title_height":0,"ocean_post_title_bg_overlay":0.5,"ocean_post_title_bg_overlay_color":"","ocean_disable_breadcrumbs":"default","ocean_breadcrumbs_color":"","ocean_breadcrumbs_separator_color":"","ocean_breadcrumbs_links_color":"","ocean_breadcrumbs_links_hover_color":"","ocean_display_footer_widgets":"default","ocean_display_footer_bottom":"default","ocean_custom_footer_template":"0","osh_disable_topbar_sticky":"default","osh_disable_header_sticky":"default","osh_sticky_header_style":"default","osh_sticky_header_effect":"","osh_custom_sticky_logo":0,"osh_custom_retina_sticky_logo":0,"osh_custom_sticky_logo_height":0,"osh_background_color":"","osh_links_color":"","osh_links_hover_color":"","osh_links_active_color":"","osh_links_bg_color":"","osh_links_hover_bg_color":"","osh_links_active_bg_color":"","osh_menu_social_links_color":"","osh_menu_social_hover_links_color":""},"product_brand":[],"product_cat":[48],"product_tag":[75,76,74],"class_list":{"0":"post-1579","1":"product","2":"type-product","3":"status-publish","4":"has-post-thumbnail","6":"product_cat-lubrication-system-accessories","7":"product_tag-hydraulic-hose","8":"product_tag-lubricant-hose","9":"product_tag-resin-hose","11":"entry","12":"has-media","14":"first","15":"instock","16":"shipping-taxable","17":"product-type-external","18":"col","19":"span_1_of_3","20":"owp-content-left","21":"owp-thumbs-layout-horizontal","22":"owp-btn-normal","23":"owp-tabs-layout-horizontal"},"_links":{"self":[{"href":"https:\/\/www.mesolube.com\/fr\/wp-json\/wp\/v2\/product\/1579","targetHints":{"allow":["GET"]}}],"collection":[{"href":"https:\/\/www.mesolube.com\/fr\/wp-json\/wp\/v2\/product"}],"about":[{"href":"https:\/\/www.mesolube.com\/fr\/wp-json\/wp\/v2\/types\/product"}],"wp:featuredmedia":[{"embeddable":true,"href":"https:\/\/www.mesolube.com\/fr\/wp-json\/wp\/v2\/media\/1581"}],"wp:attachment":[{"href":"https:\/\/www.mesolube.com\/fr\/wp-json\/wp\/v2\/media?parent=1579"}],"wp:term":[{"taxonomy":"product_brand","embeddable":true,"href":"https:\/\/www.mesolube.com\/fr\/wp-json\/wp\/v2\/product_brand?post=1579"},{"taxonomy":"product_cat","embeddable":true,"href":"https:\/\/www.mesolube.com\/fr\/wp-json\/wp\/v2\/product_cat?post=1579"},{"taxonomy":"product_tag","embeddable":true,"href":"https:\/\/www.mesolube.com\/fr\/wp-json\/wp\/v2\/product_tag?post=1579"}],"curies":[{"name":"wp","href":"https:\/\/api.w.org\/{rel}","templated":true}]}}