{"id":2296,"date":"2022-03-06T09:25:59","date_gmt":"2022-03-06T09:25:59","guid":{"rendered":"https:\/\/www.mesolube.com\/?post_type=product&#038;p=2296"},"modified":"2022-08-05T01:54:32","modified_gmt":"2022-08-05T01:54:32","slug":"mql-3021-2l-minimum-quantity-lubrication-system","status":"publish","type":"product","link":"https:\/\/www.mesolube.com\/fr\/produit\/mql-3021-2l-minimum-quantity-lubrication-system","title":{"rendered":"MQL-3021 -Syst\u00e8me de lubrification \u00e0 quantit\u00e9 minimale de 2 L"},"content":{"rendered":"<p>Pr\u00e9sentation du syst\u00e8me<\/p>\n<p>Le syst\u00e8me de lubrification \u00e0 quantit\u00e9 minimale utilise une pompe volum\u00e9trique pour fournir une pulv\u00e9risation continue de fluide \u00e0 un d\u00e9bit pr\u00e9cis. Le syst\u00e8me offre de la flexibilit\u00e9 tout en conservant la simplicit\u00e9 et peut \u00eatre utilis\u00e9 uniquement avec de l&#039;air comprim\u00e9.<\/p>\n<p>Le MQL offre une lubrification simple et pr\u00e9cise. Deux types de pompes sont disponibles\u00a0: les pompes d&#039;atomisation qui fournissent un m\u00e9lange d&#039;air et d&#039;huile et les pompes \u00e0 huile uniquement. Ces pompes volum\u00e9triques r\u00e9glables ont fait leurs preuves en mati\u00e8re de coh\u00e9rence et de fiabilit\u00e9. Leur conception modulaire permet d&#039;empiler plusieurs pompes lorsque plusieurs sorties sont requises, de sorte que chaque syst\u00e8me peut \u00eatre adapt\u00e9 sp\u00e9cifiquement \u00e0 l&#039;application. Chaque pile de pompes comprend un r\u00e9glage de course pour la sortie de la pompe et un g\u00e9n\u00e9rateur d&#039;impulsions pour contr\u00f4ler le taux de cycle de la pompe.<\/p>\n<p>Les pompes d&#039;atomisation disposent \u00e9galement d&#039;une vis de dosage d&#039;air pour r\u00e9guler le d\u00e9bit d&#039;air de sortie. La combinaison de ces r\u00e9glages donne un contr\u00f4le complet du d\u00e9bit de pulv\u00e9risation. Nos pompes d&#039;atomisation sont con\u00e7ues pour fournir des ann\u00e9es de service dans des environnements industriels difficiles, et chaque syst\u00e8me est minutieusement test\u00e9 avant d&#039;\u00eatre mis sur le march\u00e9.<\/p>","protected":false},"excerpt":{"rendered":"<p>Le syst\u00e8me de lubrification \u00e0 quantit\u00e9 minimale utilise une pompe volum\u00e9trique pour fournir une pulv\u00e9risation continue de fluide \u00e0 un d\u00e9bit pr\u00e9cis. Le syst\u00e8me offre de la flexibilit\u00e9 tout en conservant la simplicit\u00e9 et peut \u00eatre utilis\u00e9 uniquement avec de l&#039;air comprim\u00e9.<\/p>","protected":false},"featured_media":2297,"template":"","meta":{"ocean_post_layout":"","ocean_both_sidebars_style":"","ocean_both_sidebars_content_width":0,"ocean_both_sidebars_sidebars_width":0,"ocean_sidebar":"0","ocean_second_sidebar":"0","ocean_disable_margins":"enable","ocean_add_body_class":"","ocean_shortcode_before_top_bar":"","ocean_shortcode_after_top_bar":"","ocean_shortcode_before_header":"","ocean_shortcode_after_header":"","ocean_has_shortcode":"","ocean_shortcode_after_title":"","ocean_shortcode_before_footer_widgets":"","ocean_shortcode_after_footer_widgets":"","ocean_shortcode_before_footer_bottom":"","ocean_shortcode_after_footer_bottom":"","ocean_display_top_bar":"default","ocean_display_header":"default","ocean_header_style":"","ocean_center_header_left_menu":"0","ocean_custom_header_template":"0","ocean_custom_logo":0,"ocean_custom_retina_logo":0,"ocean_custom_logo_max_width":0,"ocean_custom_logo_tablet_max_width":0,"ocean_custom_logo_mobile_max_width":0,"ocean_custom_logo_max_height":0,"ocean_custom_logo_tablet_max_height":0,"ocean_custom_logo_mobile_max_height":0,"ocean_header_custom_menu":"0","ocean_menu_typo_font_family":"0","ocean_menu_typo_font_subset":"","ocean_menu_typo_font_size":0,"ocean_menu_typo_font_size_tablet":0,"ocean_menu_typo_font_size_mobile":0,"ocean_menu_typo_font_size_unit":"px","ocean_menu_typo_font_weight":"","ocean_menu_typo_font_weight_tablet":"","ocean_menu_typo_font_weight_mobile":"","ocean_menu_typo_transform":"","ocean_menu_typo_transform_tablet":"","ocean_menu_typo_transform_mobile":"","ocean_menu_typo_line_height":0,"ocean_menu_typo_line_height_tablet":0,"ocean_menu_typo_line_height_mobile":0,"ocean_menu_typo_line_height_unit":"","ocean_menu_typo_spacing":0,"ocean_menu_typo_spacing_tablet":0,"ocean_menu_typo_spacing_mobile":0,"ocean_menu_typo_spacing_unit":"","ocean_menu_link_color":"","ocean_menu_link_color_hover":"","ocean_menu_link_color_active":"","ocean_menu_link_background":"","ocean_menu_link_hover_background":"","ocean_menu_link_active_background":"","ocean_menu_social_links_bg":"","ocean_menu_social_hover_links_bg":"","ocean_menu_social_links_color":"","ocean_menu_social_hover_links_color":"","ocean_disable_title":"default","ocean_disable_heading":"default","ocean_post_title":"","ocean_post_subheading":"","ocean_post_title_style":"","ocean_post_title_background_color":"","ocean_post_title_background":0,"ocean_post_title_bg_image_position":"","ocean_post_title_bg_image_attachment":"","ocean_post_title_bg_image_repeat":"","ocean_post_title_bg_image_size":"","ocean_post_title_height":0,"ocean_post_title_bg_overlay":0.5,"ocean_post_title_bg_overlay_color":"","ocean_disable_breadcrumbs":"default","ocean_breadcrumbs_color":"","ocean_breadcrumbs_separator_color":"","ocean_breadcrumbs_links_color":"","ocean_breadcrumbs_links_hover_color":"","ocean_display_footer_widgets":"default","ocean_display_footer_bottom":"default","ocean_custom_footer_template":"0","osh_disable_topbar_sticky":"default","osh_disable_header_sticky":"default","osh_sticky_header_style":"default","osh_sticky_header_effect":"","osh_custom_sticky_logo":0,"osh_custom_retina_sticky_logo":0,"osh_custom_sticky_logo_height":0,"osh_background_color":"","osh_links_color":"","osh_links_hover_color":"","osh_links_active_color":"","osh_links_bg_color":"","osh_links_hover_bg_color":"","osh_links_active_bg_color":"","osh_menu_social_links_color":"","osh_menu_social_hover_links_color":""},"product_brand":[],"product_cat":[46],"product_tag":[106,105,101,79,102],"class_list":{"0":"post-2296","1":"product","2":"type-product","3":"status-publish","4":"has-post-thumbnail","6":"product_cat-minimal-quantity-lubrication-pumps","7":"product_tag-automatic-control-of-air-and-oil-lubrication-system","8":"product_tag-bearing-air-and-oil-central-lubrication-system","9":"product_tag-minimal-quantity-lubrication-system","10":"product_tag-mql","11":"product_tag-pneumatic-lubrication-pump","13":"entry","14":"has-media","16":"first","17":"instock","18":"shipping-taxable","19":"product-type-external","20":"col","21":"span_1_of_3","22":"owp-content-left","23":"owp-thumbs-layout-horizontal","24":"owp-btn-normal","25":"owp-tabs-layout-horizontal"},"_links":{"self":[{"href":"https:\/\/www.mesolube.com\/fr\/wp-json\/wp\/v2\/product\/2296","targetHints":{"allow":["GET"]}}],"collection":[{"href":"https:\/\/www.mesolube.com\/fr\/wp-json\/wp\/v2\/product"}],"about":[{"href":"https:\/\/www.mesolube.com\/fr\/wp-json\/wp\/v2\/types\/product"}],"wp:featuredmedia":[{"embeddable":true,"href":"https:\/\/www.mesolube.com\/fr\/wp-json\/wp\/v2\/media\/2297"}],"wp:attachment":[{"href":"https:\/\/www.mesolube.com\/fr\/wp-json\/wp\/v2\/media?parent=2296"}],"wp:term":[{"taxonomy":"product_brand","embeddable":true,"href":"https:\/\/www.mesolube.com\/fr\/wp-json\/wp\/v2\/product_brand?post=2296"},{"taxonomy":"product_cat","embeddable":true,"href":"https:\/\/www.mesolube.com\/fr\/wp-json\/wp\/v2\/product_cat?post=2296"},{"taxonomy":"product_tag","embeddable":true,"href":"https:\/\/www.mesolube.com\/fr\/wp-json\/wp\/v2\/product_tag?post=2296"}],"curies":[{"name":"wp","href":"https:\/\/api.w.org\/{rel}","templated":true}]}}