{"id":2897,"date":"2022-10-15T09:10:52","date_gmt":"2022-10-15T09:10:52","guid":{"rendered":"https:\/\/www.mesolube.com\/?post_type=product&#038;p=2897"},"modified":"2022-11-24T08:39:52","modified_gmt":"2022-11-24T08:39:52","slug":"p100-154400-electric-lubrication-grease-pump-for-non-standard-automation-equipment","status":"publish","type":"product","link":"https:\/\/www.mesolube.com\/fr\/produit\/p100-154400-electric-lubrication-grease-pump-for-non-standard-automation-equipment","title":{"rendered":"Pompe \u00e0 graisse de lubrification \u00e9lectrique P100-154400 pour \u00e9quipement d&#039;automatisation non standard"},"content":{"rendered":"<p class=\"responsive-video-wrap clr\"><iframe title=\"Pompe de lubrification \u00e0 graisse \u00e9lectrique P100\" width=\"1200\" height=\"675\" src=\"https:\/\/www.youtube.com\/embed\/TBqC-YbF7sA?feature=oembed\" frameborder=\"0\" allow=\"accelerometer; autoplay; clipboard-write; encrypted-media; gyroscope; picture-in-picture\" allowfullscreen><\/iframe><\/p>\n<p>Caract\u00e9ristiques de la s\u00e9rie<br \/>\n1. Deux versions avec r\u00e9servoir ou cartouche<br \/>\n2. Jusqu&#039;\u00e0 2 sorties de lubrifiant<br \/>\n3. Avec fonction de surveillance du niveau de liquide<br \/>\n4. Tension 12\/24 VCC, 110\/220 VCA<br \/>\n5. Pression de fonctionnement maximale 8MPa<br \/>\n6. Contr\u00f4l\u00e9 par PLC externe ou avec contr\u00f4leur<br \/>\n7. Six al\u00e9sages de montage en option offrent une vari\u00e9t\u00e9 de possibilit\u00e9s d&#039;installation<br \/>\n8. Bouton de lubrification manuelle pour faciliter le d\u00e9marrage ou l&#039;\u00e9chappement du syst\u00e8me<br \/>\n9. Vis de ventilation pour une ventilation simple lors du d\u00e9marrage du syst\u00e8me ou apr\u00e8s le remplacement de la cartouche<br \/>\n10. Utilisation en int\u00e9rieur<\/p>\n<p>Caract\u00e9ristiques du syst\u00e8me progressif<br \/>\nLa longueur maximale de la canalisation de lubrification du syst\u00e8me progressif peut atteindre 14 m\u00e8tres<br \/>\nLorsque le syst\u00e8me tombe en panne et que le distributeur est bloqu\u00e9, le syst\u00e8me d\u00e9clenche une alarme.<br \/>\nLe lubrifiant peut \u00eatre distribu\u00e9 \u00e0 chaque point de lubrification dans une proportion pr\u00e9d\u00e9termin\u00e9e<br \/>\nAvec fonction de surveillance visuelle ou de surveillance \u00e9lectrique<br \/>\nSi le syst\u00e8me est bloqu\u00e9, la soupape de s\u00e9curit\u00e9 indique qu&#039;il y a un d\u00e9bordement de graisse.<\/p>","protected":false},"excerpt":{"rendered":"<p>La pompe peut \u00eatre connect\u00e9e \u00e0 un distributeur sous pression pour former un syst\u00e8me monoligne, et \u00e0 un distributeur progressif pour former un syst\u00e8me progressif. La ligne principale du syst\u00e8me peut mesurer jusqu&#039;\u00e0 15 m\u00e8tres de long et lubrifier jusqu&#039;\u00e0 100 points.<\/p>","protected":false},"featured_media":2898,"template":"","meta":{"ocean_post_layout":"","ocean_both_sidebars_style":"","ocean_both_sidebars_content_width":0,"ocean_both_sidebars_sidebars_width":0,"ocean_sidebar":"0","ocean_second_sidebar":"0","ocean_disable_margins":"enable","ocean_add_body_class":"","ocean_shortcode_before_top_bar":"","ocean_shortcode_after_top_bar":"","ocean_shortcode_before_header":"","ocean_shortcode_after_header":"","ocean_has_shortcode":"","ocean_shortcode_after_title":"","ocean_shortcode_before_footer_widgets":"","ocean_shortcode_after_footer_widgets":"","ocean_shortcode_before_footer_bottom":"","ocean_shortcode_after_footer_bottom":"","ocean_display_top_bar":"default","ocean_display_header":"default","ocean_header_style":"","ocean_center_header_left_menu":"0","ocean_custom_header_template":"0","ocean_custom_logo":0,"ocean_custom_retina_logo":0,"ocean_custom_logo_max_width":0,"ocean_custom_logo_tablet_max_width":0,"ocean_custom_logo_mobile_max_width":0,"ocean_custom_logo_max_height":0,"ocean_custom_logo_tablet_max_height":0,"ocean_custom_logo_mobile_max_height":0,"ocean_header_custom_menu":"0","ocean_menu_typo_font_family":"0","ocean_menu_typo_font_subset":"","ocean_menu_typo_font_size":0,"ocean_menu_typo_font_size_tablet":0,"ocean_menu_typo_font_size_mobile":0,"ocean_menu_typo_font_size_unit":"px","ocean_menu_typo_font_weight":"","ocean_menu_typo_font_weight_tablet":"","ocean_menu_typo_font_weight_mobile":"","ocean_menu_typo_transform":"","ocean_menu_typo_transform_tablet":"","ocean_menu_typo_transform_mobile":"","ocean_menu_typo_line_height":0,"ocean_menu_typo_line_height_tablet":0,"ocean_menu_typo_line_height_mobile":0,"ocean_menu_typo_line_height_unit":"","ocean_menu_typo_spacing":0,"ocean_menu_typo_spacing_tablet":0,"ocean_menu_typo_spacing_mobile":0,"ocean_menu_typo_spacing_unit":"","ocean_menu_link_color":"","ocean_menu_link_color_hover":"","ocean_menu_link_color_active":"","ocean_menu_link_background":"","ocean_menu_link_hover_background":"","ocean_menu_link_active_background":"","ocean_menu_social_links_bg":"","ocean_menu_social_hover_links_bg":"","ocean_menu_social_links_color":"","ocean_menu_social_hover_links_color":"","ocean_disable_title":"default","ocean_disable_heading":"default","ocean_post_title":"","ocean_post_subheading":"","ocean_post_title_style":"","ocean_post_title_background_color":"","ocean_post_title_background":0,"ocean_post_title_bg_image_position":"","ocean_post_title_bg_image_attachment":"","ocean_post_title_bg_image_repeat":"","ocean_post_title_bg_image_size":"","ocean_post_title_height":0,"ocean_post_title_bg_overlay":0.5,"ocean_post_title_bg_overlay_color":"","ocean_disable_breadcrumbs":"default","ocean_breadcrumbs_color":"","ocean_breadcrumbs_separator_color":"","ocean_breadcrumbs_links_color":"","ocean_breadcrumbs_links_hover_color":"","ocean_display_footer_widgets":"default","ocean_display_footer_bottom":"default","ocean_custom_footer_template":"0","osh_disable_topbar_sticky":"default","osh_disable_header_sticky":"default","osh_sticky_header_style":"default","osh_sticky_header_effect":"","osh_custom_sticky_logo":0,"osh_custom_retina_sticky_logo":0,"osh_custom_sticky_logo_height":0,"osh_background_color":"","osh_links_color":"","osh_links_hover_color":"","osh_links_active_color":"","osh_links_bg_color":"","osh_links_hover_bg_color":"","osh_links_active_bg_color":"","osh_menu_social_links_color":"","osh_menu_social_hover_links_color":""},"product_brand":[],"product_cat":[42],"product_tag":[145,157,103,159,107,158],"class_list":{"0":"post-2897","1":"product","2":"type-product","3":"status-publish","4":"has-post-thumbnail","6":"product_cat-electric-grease-pumps","7":"product_tag-automatic-lubrication-system","8":"product_tag-eletric-grease-pump","9":"product_tag-grease-lubrication-pump","10":"product_tag-grease-pump-made-in-china","11":"product_tag-lube-lubrication-pump","12":"product_tag-lubrication-pump-manufactruer","14":"entry","15":"has-media","17":"first","18":"instock","19":"shipping-taxable","20":"product-type-external","21":"col","22":"span_1_of_3","23":"owp-content-left","24":"owp-thumbs-layout-horizontal","25":"owp-btn-normal","26":"owp-tabs-layout-horizontal"},"_links":{"self":[{"href":"https:\/\/www.mesolube.com\/fr\/wp-json\/wp\/v2\/product\/2897","targetHints":{"allow":["GET"]}}],"collection":[{"href":"https:\/\/www.mesolube.com\/fr\/wp-json\/wp\/v2\/product"}],"about":[{"href":"https:\/\/www.mesolube.com\/fr\/wp-json\/wp\/v2\/types\/product"}],"wp:featuredmedia":[{"embeddable":true,"href":"https:\/\/www.mesolube.com\/fr\/wp-json\/wp\/v2\/media\/2898"}],"wp:attachment":[{"href":"https:\/\/www.mesolube.com\/fr\/wp-json\/wp\/v2\/media?parent=2897"}],"wp:term":[{"taxonomy":"product_brand","embeddable":true,"href":"https:\/\/www.mesolube.com\/fr\/wp-json\/wp\/v2\/product_brand?post=2897"},{"taxonomy":"product_cat","embeddable":true,"href":"https:\/\/www.mesolube.com\/fr\/wp-json\/wp\/v2\/product_cat?post=2897"},{"taxonomy":"product_tag","embeddable":true,"href":"https:\/\/www.mesolube.com\/fr\/wp-json\/wp\/v2\/product_tag?post=2897"}],"curies":[{"name":"wp","href":"https:\/\/api.w.org\/{rel}","templated":true}]}}