{"id":3659,"date":"2024-04-12T01:12:52","date_gmt":"2024-04-12T01:12:52","guid":{"rendered":"https:\/\/www.mesolube.com\/?post_type=product&#038;p=3659"},"modified":"2024-04-12T04:23:10","modified_gmt":"2024-04-12T04:23:10","slug":"p300-2l-automatic-grease-lubrication-pump-with-controller-in-a-progressive-lubrication-system","status":"publish","type":"product","link":"https:\/\/www.mesolube.com\/fr\/produit\/p300-2l-automatic-grease-lubrication-pump-with-controller-in-a-progressive-lubrication-system","title":{"rendered":"Pompe de lubrification automatique \u00e0 graisse P300-2L avec contr\u00f4leur dans un syst\u00e8me de lubrification progressive"},"content":{"rendered":"<p class=\"responsive-video-wrap clr\"><iframe title=\"Pompe de lubrification\" width=\"1200\" height=\"675\" src=\"https:\/\/www.youtube.com\/embed\/cHvVpK_Jo7I?feature=oembed\" frameborder=\"0\" allow=\"accelerometer; autoplay; clipboard-write; encrypted-media; gyroscope; picture-in-picture; web-share\" referrerpolicy=\"strict-origin-when-cross-origin\" allowfullscreen><\/iframe><\/p>\n<p>Pour syst\u00e8mes de lubrification progressive<br \/>\nLa s\u00e9rie Mesolube P300 est un syst\u00e8me de lubrification automatique appliqu\u00e9 par exemple dans les excavatrices et les machines industrielles, etc. Nous pouvons fournir un syst\u00e8me de lubrification \u00e0 ligne unique \u00e0 syst\u00e8me de lubrification progressive automatique. Cette pompe puissante peut entra\u00eener jusqu&#039;\u00e0 trois \u00e9l\u00e9ments de pompe et peut \u00eatre \u00e9quip\u00e9e d&#039;une pompe de lubrification \u00e0 graisse \u00e9lectrique \u00e0 contr\u00f4le de bas niveau. Elle est utilis\u00e9e dans les \u00e9quipements d&#039;excavatrice.<strong>Pompes de lubrification<\/strong>\u00a0alimenter le lubrifiant du r\u00e9servoir de lubrifiant dans le syst\u00e8me de tuyauterie du syst\u00e8me centralis\u00e9 automatique\u00a0<strong>Syst\u00e8me de lubrification<\/strong>. La pression manom\u00e9trique doit \u00eatre suffisamment \u00e9lev\u00e9e pour compenser les chutes de pression dans les tubes, les composants (filtres, vannes, distributeurs) et les points de friction.<\/p>\n<p>&nbsp;<\/p>\n<p>&nbsp;<\/p>\n<p>&nbsp;<\/p>\n<p>&nbsp;<\/p>\n<p>&nbsp;<\/p>\n<p>&nbsp;<\/p>\n<p>&nbsp;<\/p>\n<p>&nbsp;<\/p>\n<p>&nbsp;<\/p>\n<p>&nbsp;<\/p>\n<p>&nbsp;<\/p>\n<p>&nbsp;<\/p>\n<p>&nbsp;<\/p>","protected":false},"excerpt":{"rendered":"<h2>Choisir la bonne pompe \u00e0 graisse \u00e9lectrique<\/h2>\n<p>Lors de la s\u00e9lection d&#039;une pompe \u00e0 graisse \u00e9lectrique, tenez compte des facteurs suivants\u00a0:<\/p>\n<ol>\n<li><strong>D\u00e9bit<\/strong>: Assurez-vous que la pompe d\u00e9livre la quantit\u00e9 de lubrifiant requise par cycle.<\/li>\n<li><strong>Pression nominale<\/strong>:V\u00e9rifiez si la pompe peut g\u00e9rer la pression n\u00e9cessaire \u00e0 votre machine.<\/li>\n<li><strong>Compatibilit\u00e9<\/strong>: V\u00e9rifiez que la pompe fonctionne bien avec le type de graisse que vous utilisez.<\/li>\n<li><strong>Fiabilit\u00e9<\/strong>:Optez pour des marques r\u00e9put\u00e9es reconnues pour leurs performances fiables.<\/li>\n<\/ol>","protected":false},"featured_media":3408,"template":"","meta":{"ocean_post_layout":"","ocean_both_sidebars_style":"","ocean_both_sidebars_content_width":0,"ocean_both_sidebars_sidebars_width":0,"ocean_sidebar":"0","ocean_second_sidebar":"0","ocean_disable_margins":"enable","ocean_add_body_class":"","ocean_shortcode_before_top_bar":"","ocean_shortcode_after_top_bar":"","ocean_shortcode_before_header":"","ocean_shortcode_after_header":"","ocean_has_shortcode":"","ocean_shortcode_after_title":"","ocean_shortcode_before_footer_widgets":"","ocean_shortcode_after_footer_widgets":"","ocean_shortcode_before_footer_bottom":"","ocean_shortcode_after_footer_bottom":"","ocean_display_top_bar":"default","ocean_display_header":"default","ocean_header_style":"","ocean_center_header_left_menu":"0","ocean_custom_header_template":"0","ocean_custom_logo":0,"ocean_custom_retina_logo":0,"ocean_custom_logo_max_width":0,"ocean_custom_logo_tablet_max_width":0,"ocean_custom_logo_mobile_max_width":0,"ocean_custom_logo_max_height":0,"ocean_custom_logo_tablet_max_height":0,"ocean_custom_logo_mobile_max_height":0,"ocean_header_custom_menu":"0","ocean_menu_typo_font_family":"0","ocean_menu_typo_font_subset":"","ocean_menu_typo_font_size":0,"ocean_menu_typo_font_size_tablet":0,"ocean_menu_typo_font_size_mobile":0,"ocean_menu_typo_font_size_unit":"px","ocean_menu_typo_font_weight":"","ocean_menu_typo_font_weight_tablet":"","ocean_menu_typo_font_weight_mobile":"","ocean_menu_typo_transform":"","ocean_menu_typo_transform_tablet":"","ocean_menu_typo_transform_mobile":"","ocean_menu_typo_line_height":0,"ocean_menu_typo_line_height_tablet":0,"ocean_menu_typo_line_height_mobile":0,"ocean_menu_typo_line_height_unit":"","ocean_menu_typo_spacing":0,"ocean_menu_typo_spacing_tablet":0,"ocean_menu_typo_spacing_mobile":0,"ocean_menu_typo_spacing_unit":"","ocean_menu_link_color":"","ocean_menu_link_color_hover":"","ocean_menu_link_color_active":"","ocean_menu_link_background":"","ocean_menu_link_hover_background":"","ocean_menu_link_active_background":"","ocean_menu_social_links_bg":"","ocean_menu_social_hover_links_bg":"","ocean_menu_social_links_color":"","ocean_menu_social_hover_links_color":"","ocean_disable_title":"default","ocean_disable_heading":"default","ocean_post_title":"","ocean_post_subheading":"","ocean_post_title_style":"","ocean_post_title_background_color":"","ocean_post_title_background":0,"ocean_post_title_bg_image_position":"","ocean_post_title_bg_image_attachment":"","ocean_post_title_bg_image_repeat":"","ocean_post_title_bg_image_size":"","ocean_post_title_height":0,"ocean_post_title_bg_overlay":0.5,"ocean_post_title_bg_overlay_color":"","ocean_disable_breadcrumbs":"default","ocean_breadcrumbs_color":"","ocean_breadcrumbs_separator_color":"","ocean_breadcrumbs_links_color":"","ocean_breadcrumbs_links_hover_color":"","ocean_display_footer_widgets":"default","ocean_display_footer_bottom":"default","ocean_custom_footer_template":"0","osh_disable_topbar_sticky":"default","osh_disable_header_sticky":"default","osh_sticky_header_style":"default","osh_sticky_header_effect":"","osh_custom_sticky_logo":0,"osh_custom_retina_sticky_logo":0,"osh_custom_sticky_logo_height":0,"osh_background_color":"","osh_links_color":"","osh_links_hover_color":"","osh_links_active_color":"","osh_links_bg_color":"","osh_links_hover_bg_color":"","osh_links_active_bg_color":"","osh_menu_social_links_color":"","osh_menu_social_hover_links_color":""},"product_brand":[],"product_cat":[42],"product_tag":[138,50,52,140,139],"class_list":{"0":"post-3659","1":"product","2":"type-product","3":"status-publish","4":"has-post-thumbnail","6":"product_cat-electric-grease-pumps","7":"product_tag-centralized-lubrication-pump","8":"product_tag-electric-pump","9":"product_tag-lubrication-pump","10":"product_tag-lubrication-pumps","11":"product_tag-p203-grease-pump","13":"entry","14":"has-media","16":"first","17":"instock","18":"featured","19":"shipping-taxable","20":"product-type-external","21":"col","22":"span_1_of_3","23":"owp-content-left","24":"owp-thumbs-layout-horizontal","25":"owp-btn-normal","26":"owp-tabs-layout-horizontal"},"_links":{"self":[{"href":"https:\/\/www.mesolube.com\/fr\/wp-json\/wp\/v2\/product\/3659","targetHints":{"allow":["GET"]}}],"collection":[{"href":"https:\/\/www.mesolube.com\/fr\/wp-json\/wp\/v2\/product"}],"about":[{"href":"https:\/\/www.mesolube.com\/fr\/wp-json\/wp\/v2\/types\/product"}],"wp:featuredmedia":[{"embeddable":true,"href":"https:\/\/www.mesolube.com\/fr\/wp-json\/wp\/v2\/media\/3408"}],"wp:attachment":[{"href":"https:\/\/www.mesolube.com\/fr\/wp-json\/wp\/v2\/media?parent=3659"}],"wp:term":[{"taxonomy":"product_brand","embeddable":true,"href":"https:\/\/www.mesolube.com\/fr\/wp-json\/wp\/v2\/product_brand?post=3659"},{"taxonomy":"product_cat","embeddable":true,"href":"https:\/\/www.mesolube.com\/fr\/wp-json\/wp\/v2\/product_cat?post=3659"},{"taxonomy":"product_tag","embeddable":true,"href":"https:\/\/www.mesolube.com\/fr\/wp-json\/wp\/v2\/product_tag?post=3659"}],"curies":[{"name":"wp","href":"https:\/\/api.w.org\/{rel}","templated":true}]}}