{"id":3758,"date":"2024-08-08T10:22:35","date_gmt":"2024-08-08T10:22:35","guid":{"rendered":"https:\/\/www.mesolube.com\/?post_type=product&#038;p=3758"},"modified":"2024-08-08T10:25:46","modified_gmt":"2024-08-08T10:25:46","slug":"d100-ssv14-progressive-metering-devices-for-grease-and-oil","status":"publish","type":"product","link":"https:\/\/www.mesolube.com\/fr\/produit\/d100-ssv14-progressive-metering-devices-for-grease-and-oil","title":{"rendered":"D100-SSV14 Doseurs progressifs pour graisse et huile"},"content":{"rendered":"<p class=\"responsive-video-wrap clr\"><iframe title=\"doseurs progressifs 6-20oulet\" width=\"1200\" height=\"675\" src=\"https:\/\/www.youtube.com\/embed\/yDzqlxOZhJs?feature=oembed\" frameborder=\"0\" allow=\"accelerometer; autoplay; clipboard-write; encrypted-media; gyroscope; picture-in-picture; web-share\" referrerpolicy=\"strict-origin-when-cross-origin\" allowfullscreen><\/iframe><\/p>\n<p>Le dispositif de dosage de la s\u00e9rie D100 convient \u00e0 tous les syst\u00e8mes de lubrification centralis\u00e9s progressifs.<\/p>\n<p><strong>Caract\u00e9ristiques<\/strong><br \/>\nLe dispositif de dosage de la s\u00e9rie D100 est du type \u00e0 piston.<br \/>\nIl distribue automatiquement le lubrifiant de la pompe aux points de lubrification connect\u00e9s.<br \/>\nLa quantit\u00e9 de dosage de chaque sortie est de 0,2 ml par cycle.<br \/>\nLorsqu&#039;un ou plusieurs points de vente sont ferm\u00e9s, la quantit\u00e9 mesur\u00e9e de chaque point de vente change par multiples.<br \/>\nUn appareil de mesure avec 6 \u00e0 12 prises peut \u00eatre s\u00e9lectionn\u00e9, jusqu&#039;\u00e0 22 prises.<br \/>\nLubrifiant utilis\u00e9 : Graisse min\u00e9rale sup\u00e9rieure \u00e0 \u221240 mm\u00b2\/s(cS), ou graisse inf\u00e9rieure \u00e0 NLGI2.<\/p>\n<p><strong>Montage<\/strong><br \/>\nInstallez le dispositif de dosage \u00e0 l&#039;endroit appropri\u00e9 selon le sch\u00e9ma de lubrification.<br \/>\nIl est recommand\u00e9, lors du montage du dispositif de mesure, de ne pas laisser la sortie trop proche de la plaque inf\u00e9rieure de l&#039;installation, sinon il ne sera pas facile de d\u00e9panner lorsque le syst\u00e8me est bloqu\u00e9.<br \/>\nLors du montage d&#039;une vanne doseuse avec aiguille, il faut s&#039;assurer que son aiguille soit facile \u00e0 observer visuellement.<br \/>\nLorsque vous utilisez des connecteurs rapides, veuillez pr\u00eater attention aux probl\u00e8mes suivants\u00a0:<br \/>\nA l&#039;entr\u00e9e du doseur, seul un connecteur rapide avec boucles renforc\u00e9es et bagues d&#039;\u00e9tanch\u00e9it\u00e9 peut \u00eatre utilis\u00e9.<br \/>\nPour les tuyaux haute pression (\u03a68,6 \u00d7 2,3 mm), un connecteur rapide avec boucles renforc\u00e9es et bagues d&#039;\u00e9tanch\u00e9it\u00e9 doit \u00eatre utilis\u00e9\u00a0; pour les tuyaux en plastique (\u03a66 \u00d7 1,5 mm), des raccords rapides avec boucles filet\u00e9es \u00e0 l&#039;huile doivent \u00eatre utilis\u00e9s.<br \/>\nRemarque : Pour les machines de construction et les machines agricoles, des flexibles haute pression doivent \u00eatre utilis\u00e9s pour la conduite de lubrification. Dans ce cas, le dispositif de dosage de deuxi\u00e8me niveau et les joints de tuyaux au point de lubrification peuvent adopter des joints rapides avec des bagues d&#039;\u00e9tanch\u00e9it\u00e9 renforc\u00e9es.<br \/>\nUtilisez uniquement la canalisation de lubrification d\u00e9sign\u00e9e par notre soci\u00e9t\u00e9 et r\u00e9pondez aux exigences sp\u00e9cifi\u00e9es en mati\u00e8re de pression du syst\u00e8me.<\/p>","protected":false},"excerpt":{"rendered":"<p>La quantit\u00e9 de dosage de chaque sortie est de 0,2 ml par cycle. Lorsqu&#039;un ou plusieurs points de vente sont ferm\u00e9s, le d\u00e9bit change par multiples. Un appareil de mesure avec 6 \u00e0 12 prises peut \u00eatre s\u00e9lectionn\u00e9, jusqu&#039;\u00e0 22 prises. Lubrifiant utilis\u00e9 : Graisse min\u00e9rale inf\u00e9rieure \u00e0 NLGI2.<\/p>","protected":false},"featured_media":3759,"template":"","meta":{"ocean_post_layout":"","ocean_both_sidebars_style":"","ocean_both_sidebars_content_width":0,"ocean_both_sidebars_sidebars_width":0,"ocean_sidebar":"0","ocean_second_sidebar":"0","ocean_disable_margins":"enable","ocean_add_body_class":"","ocean_shortcode_before_top_bar":"","ocean_shortcode_after_top_bar":"","ocean_shortcode_before_header":"","ocean_shortcode_after_header":"","ocean_has_shortcode":"","ocean_shortcode_after_title":"","ocean_shortcode_before_footer_widgets":"","ocean_shortcode_after_footer_widgets":"","ocean_shortcode_before_footer_bottom":"","ocean_shortcode_after_footer_bottom":"","ocean_display_top_bar":"default","ocean_display_header":"default","ocean_header_style":"","ocean_center_header_left_menu":"0","ocean_custom_header_template":"0","ocean_custom_logo":0,"ocean_custom_retina_logo":0,"ocean_custom_logo_max_width":0,"ocean_custom_logo_tablet_max_width":0,"ocean_custom_logo_mobile_max_width":0,"ocean_custom_logo_max_height":0,"ocean_custom_logo_tablet_max_height":0,"ocean_custom_logo_mobile_max_height":0,"ocean_header_custom_menu":"0","ocean_menu_typo_font_family":"0","ocean_menu_typo_font_subset":"","ocean_menu_typo_font_size":0,"ocean_menu_typo_font_size_tablet":0,"ocean_menu_typo_font_size_mobile":0,"ocean_menu_typo_font_size_unit":"px","ocean_menu_typo_font_weight":"","ocean_menu_typo_font_weight_tablet":"","ocean_menu_typo_font_weight_mobile":"","ocean_menu_typo_transform":"","ocean_menu_typo_transform_tablet":"","ocean_menu_typo_transform_mobile":"","ocean_menu_typo_line_height":0,"ocean_menu_typo_line_height_tablet":0,"ocean_menu_typo_line_height_mobile":0,"ocean_menu_typo_line_height_unit":"","ocean_menu_typo_spacing":0,"ocean_menu_typo_spacing_tablet":0,"ocean_menu_typo_spacing_mobile":0,"ocean_menu_typo_spacing_unit":"","ocean_menu_link_color":"","ocean_menu_link_color_hover":"","ocean_menu_link_color_active":"","ocean_menu_link_background":"","ocean_menu_link_hover_background":"","ocean_menu_link_active_background":"","ocean_menu_social_links_bg":"","ocean_menu_social_hover_links_bg":"","ocean_menu_social_links_color":"","ocean_menu_social_hover_links_color":"","ocean_disable_title":"default","ocean_disable_heading":"default","ocean_post_title":"","ocean_post_subheading":"","ocean_post_title_style":"","ocean_post_title_background_color":"","ocean_post_title_background":0,"ocean_post_title_bg_image_position":"","ocean_post_title_bg_image_attachment":"","ocean_post_title_bg_image_repeat":"","ocean_post_title_bg_image_size":"","ocean_post_title_height":0,"ocean_post_title_bg_overlay":0.5,"ocean_post_title_bg_overlay_color":"","ocean_disable_breadcrumbs":"default","ocean_breadcrumbs_color":"","ocean_breadcrumbs_separator_color":"","ocean_breadcrumbs_links_color":"","ocean_breadcrumbs_links_hover_color":"","ocean_display_footer_widgets":"default","ocean_display_footer_bottom":"default","ocean_custom_footer_template":"0","osh_disable_topbar_sticky":"default","osh_disable_header_sticky":"default","osh_sticky_header_style":"default","osh_sticky_header_effect":"","osh_custom_sticky_logo":0,"osh_custom_retina_sticky_logo":0,"osh_custom_sticky_logo_height":0,"osh_background_color":"","osh_links_color":"","osh_links_hover_color":"","osh_links_active_color":"","osh_links_bg_color":"","osh_links_hover_bg_color":"","osh_links_active_bg_color":"","osh_menu_social_links_color":"","osh_menu_social_hover_links_color":""},"product_brand":[],"product_cat":[47],"product_tag":[143,60,62,63,142],"class_list":{"0":"post-3758","1":"product","2":"type-product","3":"status-publish","4":"has-post-thumbnail","6":"product_cat-lubrication-metering-devices","7":"product_tag-automaci-lubrication","8":"product_tag-distributor","9":"product_tag-lubrication-metering","10":"product_tag-metering-device","11":"product_tag-progressive-lubrication-system","13":"entry","14":"has-media","16":"first","17":"instock","18":"shipping-taxable","19":"product-type-external","20":"col","21":"span_1_of_3","22":"owp-content-left","23":"owp-thumbs-layout-horizontal","24":"owp-btn-normal","25":"owp-tabs-layout-horizontal"},"_links":{"self":[{"href":"https:\/\/www.mesolube.com\/fr\/wp-json\/wp\/v2\/product\/3758","targetHints":{"allow":["GET"]}}],"collection":[{"href":"https:\/\/www.mesolube.com\/fr\/wp-json\/wp\/v2\/product"}],"about":[{"href":"https:\/\/www.mesolube.com\/fr\/wp-json\/wp\/v2\/types\/product"}],"wp:featuredmedia":[{"embeddable":true,"href":"https:\/\/www.mesolube.com\/fr\/wp-json\/wp\/v2\/media\/3759"}],"wp:attachment":[{"href":"https:\/\/www.mesolube.com\/fr\/wp-json\/wp\/v2\/media?parent=3758"}],"wp:term":[{"taxonomy":"product_brand","embeddable":true,"href":"https:\/\/www.mesolube.com\/fr\/wp-json\/wp\/v2\/product_brand?post=3758"},{"taxonomy":"product_cat","embeddable":true,"href":"https:\/\/www.mesolube.com\/fr\/wp-json\/wp\/v2\/product_cat?post=3758"},{"taxonomy":"product_tag","embeddable":true,"href":"https:\/\/www.mesolube.com\/fr\/wp-json\/wp\/v2\/product_tag?post=3758"}],"curies":[{"name":"wp","href":"https:\/\/api.w.org\/{rel}","templated":true}]}}