{"id":4037,"date":"2025-12-25T12:40:34","date_gmt":"2025-12-25T04:40:34","guid":{"rendered":"https:\/\/www.mesolube.com\/?post_type=product&#038;p=4037"},"modified":"2025-12-25T12:56:57","modified_gmt":"2025-12-25T04:56:57","slug":"p300-2l-auto-grease-lubrication-pump-for-automaticlly-progessive-lubrication-system-in-excavator-industury","status":"publish","type":"product","link":"https:\/\/www.mesolube.com\/fr\/produit\/p300-2l-auto-grease-lubrication-pump-for-automaticlly-progessive-lubrication-system-in-excavator-industury","title":{"rendered":"Pompe de lubrification automatique P300-2L pour syst\u00e8me de lubrification progressive"},"content":{"rendered":"<p class=\"responsive-video-wrap clr\"><iframe title=\"pompe de lubrification \u00e9lectrique mesolube avec carte de commande\" width=\"1200\" height=\"675\" src=\"https:\/\/www.youtube.com\/embed\/tV3vJITW8gs?feature=oembed\" frameborder=\"0\" allow=\"accelerometer; autoplay; clipboard-write; encrypted-media; gyroscope; picture-in-picture; web-share\" referrerpolicy=\"strict-origin-when-cross-origin\" allowfullscreen><\/iframe><\/p>\n<p>Pour syst\u00e8mes de lubrification progressive<br \/>\nLa pompe de lubrification P301 est polyvalente, compacte et \u00e9conomique. Selon la longueur de la canalisation, elle peut fournir jusqu&#039;\u00e0 150 points de lubrification. Elle se compose d&#039;un carter avec moteur int\u00e9gr\u00e9, d&#039;un r\u00e9servoir de liquide avec agitateur, d&#039;un \u00e9l\u00e9ment de pompage avec r\u00e9ducteur de pression, d&#039;une buse d&#039;injection d&#039;huile et de connexions \u00e9lectriques. Cette pompe puissante peut entra\u00eener jusqu&#039;\u00e0 trois \u00e9l\u00e9ments de pompage et peut \u00eatre \u00e9quip\u00e9e d&#039;une pompe \u00e9lectrique de lubrification \u00e0 graisse \u00e0 r\u00e9gulation de niveau bas. Elle est utilis\u00e9e sur les excavatrices.<strong>Pompes de lubrification<\/strong>\u00a0alimenter le lubrifiant du r\u00e9servoir de lubrifiant dans le syst\u00e8me de tuyauterie du syst\u00e8me centralis\u00e9 automatique\u00a0<strong>Syst\u00e8me de lubrification<\/strong>. La pression manom\u00e9trique doit \u00eatre suffisamment \u00e9lev\u00e9e pour compenser les chutes de pression dans les tubes, les composants (filtres, vannes, distributeurs) et les points de friction.<\/p>","protected":false},"excerpt":{"rendered":"<p><strong>Types de syst\u00e8mes de lubrification<\/strong>:<\/p>\n<ul>\n<li style=\"list-style-type: none;\">\n<ul>\n<li><strong>Syst\u00e8me de lubrification automatique progressive<\/strong>:Ce syst\u00e8me distribue progressivement le lubrifiant \u00e0 diff\u00e9rents points de l&#039;excavatrice. Il utilise des blocs diviseurs progressifs pour distribuer la graisse ou l&#039;huile. Ces syst\u00e8mes sont fiables et adapt\u00e9s aux machines lourdes comme les excavatrices.<\/li>\n<li><strong>Syst\u00e8me de lubrification automatique centralis\u00e9<\/strong>:Un syst\u00e8me centralis\u00e9 distribue le lubrifiant \u00e0 plusieurs points simultan\u00e9ment. Il assure une lubrification constante et r\u00e9duit l&#039;effort manuel.<\/li>\n<\/ul>\n<\/li>\n<\/ul>","protected":false},"featured_media":4050,"template":"","meta":{"ocean_post_layout":"","ocean_both_sidebars_style":"","ocean_both_sidebars_content_width":0,"ocean_both_sidebars_sidebars_width":0,"ocean_sidebar":"0","ocean_second_sidebar":"0","ocean_disable_margins":"enable","ocean_add_body_class":"","ocean_shortcode_before_top_bar":"","ocean_shortcode_after_top_bar":"","ocean_shortcode_before_header":"","ocean_shortcode_after_header":"","ocean_has_shortcode":"","ocean_shortcode_after_title":"","ocean_shortcode_before_footer_widgets":"","ocean_shortcode_after_footer_widgets":"","ocean_shortcode_before_footer_bottom":"","ocean_shortcode_after_footer_bottom":"","ocean_display_top_bar":"default","ocean_display_header":"default","ocean_header_style":"","ocean_center_header_left_menu":"0","ocean_custom_header_template":"0","ocean_custom_logo":0,"ocean_custom_retina_logo":0,"ocean_custom_logo_max_width":0,"ocean_custom_logo_tablet_max_width":0,"ocean_custom_logo_mobile_max_width":0,"ocean_custom_logo_max_height":0,"ocean_custom_logo_tablet_max_height":0,"ocean_custom_logo_mobile_max_height":0,"ocean_header_custom_menu":"0","ocean_menu_typo_font_family":"0","ocean_menu_typo_font_subset":"","ocean_menu_typo_font_size":0,"ocean_menu_typo_font_size_tablet":0,"ocean_menu_typo_font_size_mobile":0,"ocean_menu_typo_font_size_unit":"px","ocean_menu_typo_font_weight":"","ocean_menu_typo_font_weight_tablet":"","ocean_menu_typo_font_weight_mobile":"","ocean_menu_typo_transform":"","ocean_menu_typo_transform_tablet":"","ocean_menu_typo_transform_mobile":"","ocean_menu_typo_line_height":0,"ocean_menu_typo_line_height_tablet":0,"ocean_menu_typo_line_height_mobile":0,"ocean_menu_typo_line_height_unit":"","ocean_menu_typo_spacing":0,"ocean_menu_typo_spacing_tablet":0,"ocean_menu_typo_spacing_mobile":0,"ocean_menu_typo_spacing_unit":"","ocean_menu_link_color":"","ocean_menu_link_color_hover":"","ocean_menu_link_color_active":"","ocean_menu_link_background":"","ocean_menu_link_hover_background":"","ocean_menu_link_active_background":"","ocean_menu_social_links_bg":"","ocean_menu_social_hover_links_bg":"","ocean_menu_social_links_color":"","ocean_menu_social_hover_links_color":"","ocean_disable_title":"default","ocean_disable_heading":"default","ocean_post_title":"","ocean_post_subheading":"","ocean_post_title_style":"","ocean_post_title_background_color":"","ocean_post_title_background":0,"ocean_post_title_bg_image_position":"","ocean_post_title_bg_image_attachment":"","ocean_post_title_bg_image_repeat":"","ocean_post_title_bg_image_size":"","ocean_post_title_height":0,"ocean_post_title_bg_overlay":0.5,"ocean_post_title_bg_overlay_color":"","ocean_disable_breadcrumbs":"default","ocean_breadcrumbs_color":"","ocean_breadcrumbs_separator_color":"","ocean_breadcrumbs_links_color":"","ocean_breadcrumbs_links_hover_color":"","ocean_display_footer_widgets":"default","ocean_display_footer_bottom":"default","ocean_custom_footer_template":"0","osh_disable_topbar_sticky":"default","osh_disable_header_sticky":"default","osh_sticky_header_style":"default","osh_sticky_header_effect":"","osh_custom_sticky_logo":0,"osh_custom_retina_sticky_logo":0,"osh_custom_sticky_logo_height":0,"osh_background_color":"","osh_links_color":"","osh_links_hover_color":"","osh_links_active_color":"","osh_links_bg_color":"","osh_links_hover_bg_color":"","osh_links_active_bg_color":"","osh_menu_social_links_color":"","osh_menu_social_hover_links_color":""},"product_brand":[],"product_cat":[42],"product_tag":[138,50,52,140,139],"class_list":{"0":"post-4037","1":"product","2":"type-product","3":"status-publish","4":"has-post-thumbnail","6":"product_cat-electric-grease-pumps","7":"product_tag-centralized-lubrication-pump","8":"product_tag-electric-pump","9":"product_tag-lubrication-pump","10":"product_tag-lubrication-pumps","11":"product_tag-p203-grease-pump","13":"entry","14":"has-media","16":"first","17":"instock","18":"featured","19":"shipping-taxable","20":"product-type-external","21":"col","22":"span_1_of_3","23":"owp-content-left","24":"owp-thumbs-layout-horizontal","25":"owp-btn-normal","26":"owp-tabs-layout-horizontal"},"_links":{"self":[{"href":"https:\/\/www.mesolube.com\/fr\/wp-json\/wp\/v2\/product\/4037","targetHints":{"allow":["GET"]}}],"collection":[{"href":"https:\/\/www.mesolube.com\/fr\/wp-json\/wp\/v2\/product"}],"about":[{"href":"https:\/\/www.mesolube.com\/fr\/wp-json\/wp\/v2\/types\/product"}],"wp:featuredmedia":[{"embeddable":true,"href":"https:\/\/www.mesolube.com\/fr\/wp-json\/wp\/v2\/media\/4050"}],"wp:attachment":[{"href":"https:\/\/www.mesolube.com\/fr\/wp-json\/wp\/v2\/media?parent=4037"}],"wp:term":[{"taxonomy":"product_brand","embeddable":true,"href":"https:\/\/www.mesolube.com\/fr\/wp-json\/wp\/v2\/product_brand?post=4037"},{"taxonomy":"product_cat","embeddable":true,"href":"https:\/\/www.mesolube.com\/fr\/wp-json\/wp\/v2\/product_cat?post=4037"},{"taxonomy":"product_tag","embeddable":true,"href":"https:\/\/www.mesolube.com\/fr\/wp-json\/wp\/v2\/product_tag?post=4037"}],"curies":[{"name":"wp","href":"https:\/\/api.w.org\/{rel}","templated":true}]}}