{"id":4897,"date":"2025-04-26T03:10:39","date_gmt":"2025-04-26T03:10:39","guid":{"rendered":"https:\/\/www.mesolube.com\/?post_type=product&#038;p=4897"},"modified":"2025-12-25T03:51:42","modified_gmt":"2025-12-25T03:51:42","slug":"p-304-8l-centralized-grease-pump-for-single-line-lubrication-system-or-prgressive-lubrication-system","status":"publish","type":"product","link":"https:\/\/www.mesolube.com\/fr\/produit\/p-304-8l-centralized-grease-pump-for-single-line-lubrication-system-or-prgressive-lubrication-system","title":{"rendered":"Pompe \u00e0 graisse centralis\u00e9e P 304-8L pour syst\u00e8me de lubrification simple ligne ou syst\u00e8me de lubrification progressif"},"content":{"rendered":"<p class=\"responsive-video-wrap clr\"><iframe title=\"Pompe de lubrification \u00e9lectrique \u00e0 graisse Mesolube P304 pour syst\u00e8me de lubrification simple ligne\" width=\"1200\" height=\"675\" src=\"https:\/\/www.youtube.com\/embed\/cWTAcWcnPwQ?feature=oembed\" frameborder=\"0\" allow=\"accelerometer; autoplay; clipboard-write; encrypted-media; gyroscope; picture-in-picture; web-share\" referrerpolicy=\"strict-origin-when-cross-origin\" allowfullscreen><\/iframe><\/p>\n<p>Pour syst\u00e8mes de lubrification progressive<br \/>\nLes pompes \u00e0 graisse \u00e9lectriques Tmesolube P304 sont utilis\u00e9es dans les syst\u00e8mes de lubrification \u00e0 ligne unique ou les syst\u00e8mes de lubrification progressifs. Nous fournirons tous les produits de lubrification, d&#039;entretien et d&#039;installation. Elles conviennent \u00e0 de nombreuses industries, notamment les excavatrices, l&#039;\u00e9nergie \u00e9olienne, les camions \u00e0 roues, les chargeurs, les mines de charbon, le ciment, etc. Comment choisir un syst\u00e8me de lubrification adapt\u00e9 \u00e0 votre \u00e9quipement.<br \/>\ndans les circonstances suivantes, quel syst\u00e8me de lubrification peut \u00eatre utilis\u00e9,<br \/>\nPremi\u00e8rement, si chaque point de lubrification n\u00e9cessite des quantit\u00e9s diff\u00e9rentes \u00e0 chaque fois,<br \/>\ndeuxi\u00e8mement, il n&#039;est pas n\u00e9cessaire de surveiller chaque point de lubrification,<br \/>\ntroisi\u00e8mement, la longueur des tubes principaux est longue de plus de 50 m\u00e8tres. nous conseillons d&#039;utiliser un syst\u00e8me de lubrification \u00e0 ligne unique.<\/p>","protected":false},"excerpt":{"rendered":"<p><strong>Pompes de lubrification mesolube<\/strong>:<\/p>\n<ul>\n<li>Ces pompes alimentent le lubrifiant du r\u00e9servoir dans le syst\u00e8me de tuyauterie d&#039;un syst\u00e8me de lubrification centralis\u00e9 automatique.<\/li>\n<li>Ils maintiennent une pression suffisante pour compenser les chutes de pression dans les tubes, les filtres, les vannes, les distributeurs et les points de friction.<\/li>\n<li>Les diff\u00e9rents types incluent\u00a0:\n<ul>\n<li><strong>Syst\u00e8mes de lubrification \u00e0 simple ligne<\/strong><\/li>\n<li><strong>Syst\u00e8mes de lubrification progressifs<\/strong><\/li>\n<li><strong>Petits syst\u00e8mes de circulation d&#039;huile<\/strong><\/li>\n<\/ul>\n<\/li>\n<\/ul>\n<p>&nbsp;<\/p>","protected":false},"featured_media":4898,"template":"","meta":{"ocean_post_layout":"","ocean_both_sidebars_style":"","ocean_both_sidebars_content_width":0,"ocean_both_sidebars_sidebars_width":0,"ocean_sidebar":"0","ocean_second_sidebar":"0","ocean_disable_margins":"enable","ocean_add_body_class":"","ocean_shortcode_before_top_bar":"","ocean_shortcode_after_top_bar":"","ocean_shortcode_before_header":"","ocean_shortcode_after_header":"","ocean_has_shortcode":"","ocean_shortcode_after_title":"","ocean_shortcode_before_footer_widgets":"","ocean_shortcode_after_footer_widgets":"","ocean_shortcode_before_footer_bottom":"","ocean_shortcode_after_footer_bottom":"","ocean_display_top_bar":"default","ocean_display_header":"default","ocean_header_style":"","ocean_center_header_left_menu":"0","ocean_custom_header_template":"0","ocean_custom_logo":0,"ocean_custom_retina_logo":0,"ocean_custom_logo_max_width":0,"ocean_custom_logo_tablet_max_width":0,"ocean_custom_logo_mobile_max_width":0,"ocean_custom_logo_max_height":0,"ocean_custom_logo_tablet_max_height":0,"ocean_custom_logo_mobile_max_height":0,"ocean_header_custom_menu":"0","ocean_menu_typo_font_family":"0","ocean_menu_typo_font_subset":"","ocean_menu_typo_font_size":0,"ocean_menu_typo_font_size_tablet":0,"ocean_menu_typo_font_size_mobile":0,"ocean_menu_typo_font_size_unit":"px","ocean_menu_typo_font_weight":"","ocean_menu_typo_font_weight_tablet":"","ocean_menu_typo_font_weight_mobile":"","ocean_menu_typo_transform":"","ocean_menu_typo_transform_tablet":"","ocean_menu_typo_transform_mobile":"","ocean_menu_typo_line_height":0,"ocean_menu_typo_line_height_tablet":0,"ocean_menu_typo_line_height_mobile":0,"ocean_menu_typo_line_height_unit":"","ocean_menu_typo_spacing":0,"ocean_menu_typo_spacing_tablet":0,"ocean_menu_typo_spacing_mobile":0,"ocean_menu_typo_spacing_unit":"","ocean_menu_link_color":"","ocean_menu_link_color_hover":"","ocean_menu_link_color_active":"","ocean_menu_link_background":"","ocean_menu_link_hover_background":"","ocean_menu_link_active_background":"","ocean_menu_social_links_bg":"","ocean_menu_social_hover_links_bg":"","ocean_menu_social_links_color":"","ocean_menu_social_hover_links_color":"","ocean_disable_title":"default","ocean_disable_heading":"default","ocean_post_title":"","ocean_post_subheading":"","ocean_post_title_style":"","ocean_post_title_background_color":"","ocean_post_title_background":0,"ocean_post_title_bg_image_position":"","ocean_post_title_bg_image_attachment":"","ocean_post_title_bg_image_repeat":"","ocean_post_title_bg_image_size":"","ocean_post_title_height":0,"ocean_post_title_bg_overlay":0.5,"ocean_post_title_bg_overlay_color":"","ocean_disable_breadcrumbs":"default","ocean_breadcrumbs_color":"","ocean_breadcrumbs_separator_color":"","ocean_breadcrumbs_links_color":"","ocean_breadcrumbs_links_hover_color":"","ocean_display_footer_widgets":"default","ocean_display_footer_bottom":"default","ocean_custom_footer_template":"0","osh_disable_topbar_sticky":"default","osh_disable_header_sticky":"default","osh_sticky_header_style":"default","osh_sticky_header_effect":"","osh_custom_sticky_logo":0,"osh_custom_retina_sticky_logo":0,"osh_custom_sticky_logo_height":0,"osh_background_color":"","osh_links_color":"","osh_links_hover_color":"","osh_links_active_color":"","osh_links_bg_color":"","osh_links_hover_bg_color":"","osh_links_active_bg_color":"","osh_menu_social_links_color":"","osh_menu_social_hover_links_color":""},"product_brand":[],"product_cat":[42],"product_tag":[106,138,50,108,140,179,139],"class_list":{"0":"post-4897","1":"product","2":"type-product","3":"status-publish","4":"has-post-thumbnail","6":"product_cat-electric-grease-pumps","7":"product_tag-automatic-control-of-air-and-oil-lubrication-system","8":"product_tag-centralized-lubrication-pump","9":"product_tag-electric-pump","10":"product_tag-electrically-operated-lubrication-pump","11":"product_tag-lubrication-pumps","12":"product_tag-lubricaton-parts","13":"product_tag-p203-grease-pump","15":"entry","16":"has-media","18":"first","19":"instock","20":"shipping-taxable","21":"product-type-external","22":"col","23":"span_1_of_3","24":"owp-content-left","25":"owp-thumbs-layout-horizontal","26":"owp-btn-normal","27":"owp-tabs-layout-horizontal"},"_links":{"self":[{"href":"https:\/\/www.mesolube.com\/fr\/wp-json\/wp\/v2\/product\/4897","targetHints":{"allow":["GET"]}}],"collection":[{"href":"https:\/\/www.mesolube.com\/fr\/wp-json\/wp\/v2\/product"}],"about":[{"href":"https:\/\/www.mesolube.com\/fr\/wp-json\/wp\/v2\/types\/product"}],"wp:featuredmedia":[{"embeddable":true,"href":"https:\/\/www.mesolube.com\/fr\/wp-json\/wp\/v2\/media\/4898"}],"wp:attachment":[{"href":"https:\/\/www.mesolube.com\/fr\/wp-json\/wp\/v2\/media?parent=4897"}],"wp:term":[{"taxonomy":"product_brand","embeddable":true,"href":"https:\/\/www.mesolube.com\/fr\/wp-json\/wp\/v2\/product_brand?post=4897"},{"taxonomy":"product_cat","embeddable":true,"href":"https:\/\/www.mesolube.com\/fr\/wp-json\/wp\/v2\/product_cat?post=4897"},{"taxonomy":"product_tag","embeddable":true,"href":"https:\/\/www.mesolube.com\/fr\/wp-json\/wp\/v2\/product_tag?post=4897"}],"curies":[{"name":"wp","href":"https:\/\/api.w.org\/{rel}","templated":true}]}}