{"id":147,"date":"2019-01-25T20:35:02","date_gmt":"2019-01-25T20:35:02","guid":{"rendered":"https:\/\/onestore.oceanwp.org\/?page_id=147"},"modified":"2025-12-25T14:18:10","modified_gmt":"2025-12-25T06:18:10","slug":"about","status":"publish","type":"page","link":"https:\/\/www.mesolube.com\/pt\/about","title":{"rendered":"Sobre"},"content":{"rendered":"<div data-elementor-type=\"wp-post\" data-elementor-id=\"147\" class=\"elementor elementor-147\">\n\t\t\t\t\t\t<section class=\"elementor-section elementor-top-section elementor-element elementor-element-f7c2ae3 elementor-section-height-min-height elementor-section-boxed elementor-section-height-default elementor-section-items-middle\" data-id=\"f7c2ae3\" data-element_type=\"section\" data-settings=\"{&quot;background_background&quot;:&quot;classic&quot;}\">\n\t\t\t\t\t\t\t<div class=\"elementor-background-overlay\"><\/div>\n\t\t\t\t\t\t\t<div class=\"elementor-container elementor-column-gap-default\">\n\t\t\t\t\t<div class=\"elementor-column elementor-col-100 elementor-top-column elementor-element elementor-element-2013795\" data-id=\"2013795\" data-element_type=\"column\" data-settings=\"{&quot;background_background&quot;:&quot;classic&quot;}\">\n\t\t\t<div class=\"elementor-widget-wrap elementor-element-populated\">\n\t\t\t\t\t\t<div class=\"elementor-element elementor-element-44fd843 elementor-widget elementor-widget-heading\" data-id=\"44fd843\" data-element_type=\"widget\" data-widget_type=\"heading.default\">\n\t\t\t\t<div class=\"elementor-widget-container\">\n\t\t\t\t\t<h2 class=\"elementor-heading-title elementor-size-default\">Tecnologia Mesolube<\/h2>\t\t\t\t<\/div>\n\t\t\t\t<\/div>\n\t\t\t\t<div class=\"elementor-element elementor-element-f01a4d9 elementor-widget elementor-widget-text-editor\" data-id=\"f01a4d9\" data-element_type=\"widget\" data-widget_type=\"text-editor.default\">\n\t\t\t\t<div class=\"elementor-widget-container\">\n\t\t\t\t\t\t\t\t\t<div class=\"elementor-widget-wrap\"><div class=\"elementor-element elementor-element-f01a4d9 elementor-widget elementor-widget-text-editor\" data-id=\"f01a4d9\" data-element_type=\"widget\" data-widget_type=\"text-editor.default\"><div class=\"elementor-widget-container\"><div class=\"elementor-text-editor elementor-clearfix\"><p>A Mesolube possui uma equipe t\u00e9cnica profissional que pode projetar e produzir bombas de lubrifica\u00e7\u00e3o, dispositivos de medi\u00e7\u00e3o de lubrifica\u00e7\u00e3o, acess\u00f3rios de lubrifica\u00e7\u00e3o e outros produtos, e pode fornecer solu\u00e7\u00f5es de sistemas de lubrifica\u00e7\u00e3o centralizados direcionados para resolver as necessidades de lubrifica\u00e7\u00e3o de diversos equipamentos. Nossos produtos s\u00e3o usados principalmente em v\u00e1rias pe\u00e7as-chave de equipamentos de automa\u00e7\u00e3o n\u00e3o padronizados, como correntes, motores el\u00e9tricos, cremalheiras, engrenagens abertas, rolamentos deslizantes e de rolos, veda\u00e7\u00f5es de eixo, guias deslizantes, fuso, etc.<\/p><\/div><\/div><\/div><\/div>\t\t\t\t\t\t\t\t<\/div>\n\t\t\t\t<\/div>\n\t\t\t\t\t<\/div>\n\t\t<\/div>\n\t\t\t\t\t<\/div>\n\t\t<\/section>\n\t\t\t\t<section class=\"elementor-section elementor-top-section elementor-element elementor-element-f2ba47a elementor-section-full_width elementor-section-content-middle elementor-section-height-default elementor-section-height-default\" data-id=\"f2ba47a\" data-element_type=\"section\" data-settings=\"{&quot;background_background&quot;:&quot;classic&quot;}\">\n\t\t\t\t\t\t<div class=\"elementor-container elementor-column-gap-no\">\n\t\t\t\t\t<div class=\"elementor-column elementor-col-50 elementor-top-column elementor-element elementor-element-1568f12\" data-id=\"1568f12\" data-element_type=\"column\">\n\t\t\t<div class=\"elementor-widget-wrap elementor-element-populated\">\n\t\t\t\t\t\t<div class=\"elementor-element elementor-element-a9fd447 elementor-widget elementor-widget-image\" data-id=\"a9fd447\" data-element_type=\"widget\" data-widget_type=\"image.default\">\n\t\t\t\t<div class=\"elementor-widget-container\">\n\t\t\t\t\t\t\t\t\t\t\t\t\t\t\t<img fetchpriority=\"high\" decoding=\"async\" width=\"562\" height=\"337\" src=\"https:\/\/www.mesolube.com\/wp-content\/uploads\/\u5fae\u4fe1\u56fe\u7247_20220912091843.png\" class=\"attachment-full size-full wp-image-2818\" alt=\"Auto Lube Systems on a fleet of Komatsu Construction\" srcset=\"https:\/\/www.mesolube.com\/wp-content\/uploads\/\u5fae\u4fe1\u56fe\u7247_20220912091843.png 562w, https:\/\/www.mesolube.com\/wp-content\/uploads\/\u5fae\u4fe1\u56fe\u7247_20220912091843-300x180.png 300w\" sizes=\"(max-width: 562px) 100vw, 562px\" \/>\t\t\t\t\t\t\t\t\t\t\t\t\t\t\t<\/div>\n\t\t\t\t<\/div>\n\t\t\t\t\t<\/div>\n\t\t<\/div>\n\t\t\t\t<div class=\"elementor-column elementor-col-50 elementor-top-column elementor-element elementor-element-9557250\" data-id=\"9557250\" data-element_type=\"column\">\n\t\t\t<div class=\"elementor-widget-wrap elementor-element-populated\">\n\t\t\t\t\t\t<div class=\"elementor-element elementor-element-2a70ed3 elementor-widget elementor-widget-heading\" data-id=\"2a70ed3\" data-element_type=\"widget\" data-widget_type=\"heading.default\">\n\t\t\t\t<div class=\"elementor-widget-container\">\n\t\t\t\t\t<h2 class=\"elementor-heading-title elementor-size-default\">T\u00e9cnicos<\/h2>\t\t\t\t<\/div>\n\t\t\t\t<\/div>\n\t\t\t\t<div class=\"elementor-element elementor-element-82785f8 elementor-widget elementor-widget-text-editor\" data-id=\"82785f8\" data-element_type=\"widget\" data-widget_type=\"text-editor.default\">\n\t\t\t\t<div class=\"elementor-widget-container\">\n\t\t\t\t\t\t\t\t\t<p>Temos uma equipe profissional de pesquisa e desenvolvimento de sistemas de lubrifica\u00e7\u00e3o, e a experi\u00eancia m\u00e9dia de trabalho dos membros da equipe chega a mais de 8 anos. Antes da cria\u00e7\u00e3o da empresa, os membros da nossa equipe t\u00e9cnica concentravam-se em diferentes \u00e1reas relacionadas aos sistemas de lubrifica\u00e7\u00e3o centralizada, como tecnologia hidr\u00e1ulica, pesquisa e desenvolvimento de acess\u00f3rios para m\u00e1quinas-ferramenta e produ\u00e7\u00e3o de lubrificantes. Hoje, reunimos v\u00e1rios diretores para formar esta equipe profissional de P&amp;D de sistemas de lubrifica\u00e7\u00e3o. Como nossa equipe \u00e9 composta por profissionais de diversas \u00e1reas, as bombas de lubrifica\u00e7\u00e3o que desenvolvemos agora d\u00e3o mais aten\u00e7\u00e3o \u00e0 estabilidade e durabilidade. Al\u00e9m disso, devido ao nosso controle abrangente do sistema de lubrifica\u00e7\u00e3o, nossos produtos estar\u00e3o mais alinhados com as necessidades do mercado, alinhados com conceitos de design avan\u00e7ados e poder\u00e3o acompanhar os tempos.<\/p>\t\t\t\t\t\t\t\t<\/div>\n\t\t\t\t<\/div>\n\t\t\t\t\t<\/div>\n\t\t<\/div>\n\t\t\t\t\t<\/div>\n\t\t<\/section>\n\t\t\t\t<section class=\"elementor-section elementor-top-section elementor-element elementor-element-67d53a1 elementor-section-full_width elementor-section-content-middle elementor-section-height-default elementor-section-height-default\" data-id=\"67d53a1\" data-element_type=\"section\" data-settings=\"{&quot;background_background&quot;:&quot;classic&quot;}\">\n\t\t\t\t\t\t<div class=\"elementor-container elementor-column-gap-no\">\n\t\t\t\t\t<div class=\"elementor-column elementor-col-50 elementor-top-column elementor-element elementor-element-6bf628d\" data-id=\"6bf628d\" data-element_type=\"column\">\n\t\t\t<div class=\"elementor-widget-wrap elementor-element-populated\">\n\t\t\t\t\t\t<div class=\"elementor-element elementor-element-d9a6a4e elementor-widget elementor-widget-heading\" data-id=\"d9a6a4e\" data-element_type=\"widget\" data-widget_type=\"heading.default\">\n\t\t\t\t<div class=\"elementor-widget-container\">\n\t\t\t\t\t<h2 class=\"elementor-heading-title elementor-size-default\">Fabrica\u00e7\u00e3o<\/h2>\t\t\t\t<\/div>\n\t\t\t\t<\/div>\n\t\t\t\t<div class=\"elementor-element elementor-element-60c7bdd elementor-widget elementor-widget-text-editor\" data-id=\"60c7bdd\" data-element_type=\"widget\" data-widget_type=\"text-editor.default\">\n\t\t\t\t<div class=\"elementor-widget-container\">\n\t\t\t\t\t\t\t\t\t<p>Nossos produtos est\u00e3o avan\u00e7ando com o tempo em conceitos de design e tecnologia e possuem boa estabilidade e durabilidade. Para garantir que nossos produtos sejam est\u00e1veis, dur\u00e1veis, eficientes e econ\u00f4micos, ao selecionar materiais de produ\u00e7\u00e3o, selecionamos e testamos repetidamente entre muitos materiais, escolhemos o melhor material e, em seguida, escolhemos o fabricante com o qual cooperamos. Por outro lado, o design dos nossos produtos \u00e9 muito flex\u00edvel. Por exemplo, em um componente de bomba, ele pode ser montado em um modelo de reservat\u00f3rio ou em um modelo de cartucho para atender a diferentes necessidades. Devido a este design flex\u00edvel, o ciclo de produ\u00e7\u00e3o do produto \u00e9 muito curto e, ao mesmo tempo, permite-nos atualizar o produto a tempo de acordo com a procura do mercado, sendo tamb\u00e9m adequado para personalizar produtos para os clientes.<\/p>\t\t\t\t\t\t\t\t<\/div>\n\t\t\t\t<\/div>\n\t\t\t\t\t<\/div>\n\t\t<\/div>\n\t\t\t\t<div class=\"elementor-column elementor-col-50 elementor-top-column elementor-element elementor-element-573a5f8\" data-id=\"573a5f8\" data-element_type=\"column\">\n\t\t\t<div class=\"elementor-widget-wrap elementor-element-populated\">\n\t\t\t\t\t\t<div class=\"elementor-element elementor-element-fcb761e elementor-widget elementor-widget-image\" data-id=\"fcb761e\" data-element_type=\"widget\" data-widget_type=\"image.default\">\n\t\t\t\t<div class=\"elementor-widget-container\">\n\t\t\t\t\t\t\t\t\t\t\t\t\t\t\t<img decoding=\"async\" width=\"2560\" height=\"1920\" src=\"https:\/\/www.mesolube.com\/wp-content\/uploads\/IMG20231008083040-scaled.jpg\" class=\"attachment-full size-full wp-image-3532\" alt=\"electric grease lubrication pump\" srcset=\"https:\/\/www.mesolube.com\/wp-content\/uploads\/IMG20231008083040-scaled.jpg 2560w, https:\/\/www.mesolube.com\/wp-content\/uploads\/IMG20231008083040-scaled-800x600.jpg 800w, https:\/\/www.mesolube.com\/wp-content\/uploads\/IMG20231008083040-300x225.jpg 300w, https:\/\/www.mesolube.com\/wp-content\/uploads\/IMG20231008083040-1024x768.jpg 1024w, https:\/\/www.mesolube.com\/wp-content\/uploads\/IMG20231008083040-768x576.jpg 768w, https:\/\/www.mesolube.com\/wp-content\/uploads\/IMG20231008083040-1536x1152.jpg 1536w, https:\/\/www.mesolube.com\/wp-content\/uploads\/IMG20231008083040-2048x1536.jpg 2048w, https:\/\/www.mesolube.com\/wp-content\/uploads\/IMG20231008083040-16x12.jpg 16w\" sizes=\"(max-width: 2560px) 100vw, 2560px\" \/>\t\t\t\t\t\t\t\t\t\t\t\t\t\t\t<\/div>\n\t\t\t\t<\/div>\n\t\t\t\t\t<\/div>\n\t\t<\/div>\n\t\t\t\t\t<\/div>\n\t\t<\/section>\n\t\t\t\t<section class=\"elementor-section elementor-top-section elementor-element elementor-element-f0bf80e elementor-section-full_width elementor-section-content-middle elementor-section-height-default elementor-section-height-default\" data-id=\"f0bf80e\" data-element_type=\"section\" data-settings=\"{&quot;background_background&quot;:&quot;classic&quot;}\">\n\t\t\t\t\t\t<div class=\"elementor-container elementor-column-gap-no\">\n\t\t\t\t\t<div class=\"elementor-column elementor-col-50 elementor-top-column elementor-element elementor-element-2b7b847\" data-id=\"2b7b847\" data-element_type=\"column\">\n\t\t\t<div class=\"elementor-widget-wrap elementor-element-populated\">\n\t\t\t\t\t\t<div class=\"elementor-element elementor-element-06b31db elementor-widget elementor-widget-image\" data-id=\"06b31db\" data-element_type=\"widget\" data-widget_type=\"image.default\">\n\t\t\t\t<div class=\"elementor-widget-container\">\n\t\t\t\t\t\t\t\t\t\t\t\t\t\t\t<img decoding=\"async\" width=\"560\" height=\"528\" src=\"https:\/\/www.mesolube.com\/wp-content\/uploads\/\u5fae\u4fe1\u56fe\u7247_20220912091832.png\" class=\"attachment-full size-full wp-image-2814\" alt=\"aotomatic lubrication systems\" srcset=\"https:\/\/www.mesolube.com\/wp-content\/uploads\/\u5fae\u4fe1\u56fe\u7247_20220912091832.png 560w, https:\/\/www.mesolube.com\/wp-content\/uploads\/\u5fae\u4fe1\u56fe\u7247_20220912091832-300x283.png 300w\" sizes=\"(max-width: 560px) 100vw, 560px\" \/>\t\t\t\t\t\t\t\t\t\t\t\t\t\t\t<\/div>\n\t\t\t\t<\/div>\n\t\t\t\t\t<\/div>\n\t\t<\/div>\n\t\t\t\t<div class=\"elementor-column elementor-col-50 elementor-top-column elementor-element elementor-element-d33ef9f\" data-id=\"d33ef9f\" data-element_type=\"column\">\n\t\t\t<div class=\"elementor-widget-wrap elementor-element-populated\">\n\t\t\t\t\t\t<div class=\"elementor-element elementor-element-be9e3ed elementor-widget elementor-widget-heading\" data-id=\"be9e3ed\" data-element_type=\"widget\" data-widget_type=\"heading.default\">\n\t\t\t\t<div class=\"elementor-widget-container\">\n\t\t\t\t\t<h2 class=\"elementor-heading-title elementor-size-default\">Teste<\/h2>\t\t\t\t<\/div>\n\t\t\t\t<\/div>\n\t\t\t\t<div class=\"elementor-element elementor-element-b0cf05b elementor-widget elementor-widget-text-editor\" data-id=\"b0cf05b\" data-element_type=\"widget\" data-widget_type=\"text-editor.default\">\n\t\t\t\t<div class=\"elementor-widget-container\">\n\t\t\t\t\t\t\t\t\t<p>O processo de produ\u00e7\u00e3o dos nossos produtos \u00e9 implementado de acordo com o processo padr\u00e3o do sistema de qualidade internacional ISO, e cada etapa da produ\u00e7\u00e3o e a qualidade da produ\u00e7\u00e3o de cada produto s\u00e3o monitoradas ao longo do processo. Antes de nossas bombas de lubrifica\u00e7\u00e3o serem colocadas no mercado, todas elas devem passar por testes rigorosos. Incluindo testes de alta e baixa temperatura, testes de estanqueidade, testes de press\u00e3o de ar, testes de corrente e tens\u00e3o, testes de durabilidade, etc. Garantimos que cada produto atenda aos requisitos antes de concluir o processo de produ\u00e7\u00e3o.<\/p>\t\t\t\t\t\t\t\t<\/div>\n\t\t\t\t<\/div>\n\t\t\t\t\t<\/div>\n\t\t<\/div>\n\t\t\t\t\t<\/div>\n\t\t<\/section>\n\t\t\t\t<section class=\"elementor-section elementor-top-section elementor-element elementor-element-28fed29 elementor-section-full_width elementor-section-content-middle elementor-section-height-default elementor-section-height-default\" data-id=\"28fed29\" data-element_type=\"section\" data-settings=\"{&quot;background_background&quot;:&quot;classic&quot;}\">\n\t\t\t\t\t\t<div class=\"elementor-container elementor-column-gap-no\">\n\t\t\t\t\t<div class=\"elementor-column elementor-col-50 elementor-top-column elementor-element elementor-element-b06c833\" data-id=\"b06c833\" data-element_type=\"column\">\n\t\t\t<div class=\"elementor-widget-wrap elementor-element-populated\">\n\t\t\t\t\t\t<div class=\"elementor-element elementor-element-698191e elementor-widget elementor-widget-heading\" data-id=\"698191e\" data-element_type=\"widget\" data-widget_type=\"heading.default\">\n\t\t\t\t<div class=\"elementor-widget-container\">\n\t\t\t\t\t<h2 class=\"elementor-heading-title elementor-size-default\">Envio<\/h2>\t\t\t\t<\/div>\n\t\t\t\t<\/div>\n\t\t\t\t<div class=\"elementor-element elementor-element-c4df063 elementor-widget elementor-widget-text-editor\" data-id=\"c4df063\" data-element_type=\"widget\" data-widget_type=\"text-editor.default\">\n\t\t\t\t<div class=\"elementor-widget-container\">\n\t\t\t\t\t\t\t\t\t<p>Log\u00edstica e transporte s\u00e3o um elo importante. Estamos sempre tentando economizar tempo e custos. Exploramos uma boa forma de envio, estabelecemos um armaz\u00e9m e estamos em constante melhoria, o que envolve invent\u00e1rio, distribui\u00e7\u00e3o, classifica\u00e7\u00e3o, embalagem, etc. Em termos de transporte, coordenamos com diversas empresas para obter canais log\u00edsticos dedicados. Os produtos MESOLUBE foram vendidos para mais de 80 pa\u00edses ao redor do mundo, incluindo Estados Unidos, Espanha, Fran\u00e7a, R\u00fassia, Alemanha, It\u00e1lia, Austr\u00e1lia e Am\u00e9rica do Sul.<\/p>\t\t\t\t\t\t\t\t<\/div>\n\t\t\t\t<\/div>\n\t\t\t\t\t<\/div>\n\t\t<\/div>\n\t\t\t\t<div class=\"elementor-column elementor-col-50 elementor-top-column elementor-element elementor-element-b86b442\" data-id=\"b86b442\" data-element_type=\"column\">\n\t\t\t<div class=\"elementor-widget-wrap elementor-element-populated\">\n\t\t\t\t\t\t<div class=\"elementor-element elementor-element-3db0708 elementor-widget elementor-widget-image\" data-id=\"3db0708\" data-element_type=\"widget\" data-widget_type=\"image.default\">\n\t\t\t\t<div class=\"elementor-widget-container\">\n\t\t\t\t\t\t\t\t\t\t\t\t\t\t\t<img loading=\"lazy\" decoding=\"async\" width=\"2560\" height=\"1920\" src=\"https:\/\/www.mesolube.com\/wp-content\/uploads\/trashed-1701247603-IMG20231030150921-scaled.jpg\" class=\"attachment-full size-full wp-image-3534\" alt=\"automatic lubrication pump\" srcset=\"https:\/\/www.mesolube.com\/wp-content\/uploads\/trashed-1701247603-IMG20231030150921-scaled.jpg 2560w, https:\/\/www.mesolube.com\/wp-content\/uploads\/trashed-1701247603-IMG20231030150921-scaled-800x600.jpg 800w, https:\/\/www.mesolube.com\/wp-content\/uploads\/trashed-1701247603-IMG20231030150921-300x225.jpg 300w, https:\/\/www.mesolube.com\/wp-content\/uploads\/trashed-1701247603-IMG20231030150921-1024x768.jpg 1024w, https:\/\/www.mesolube.com\/wp-content\/uploads\/trashed-1701247603-IMG20231030150921-768x576.jpg 768w, https:\/\/www.mesolube.com\/wp-content\/uploads\/trashed-1701247603-IMG20231030150921-1536x1152.jpg 1536w, https:\/\/www.mesolube.com\/wp-content\/uploads\/trashed-1701247603-IMG20231030150921-2048x1536.jpg 2048w, https:\/\/www.mesolube.com\/wp-content\/uploads\/trashed-1701247603-IMG20231030150921-16x12.jpg 16w\" sizes=\"(max-width: 2560px) 100vw, 2560px\" \/>\t\t\t\t\t\t\t\t\t\t\t\t\t\t\t<\/div>\n\t\t\t\t<\/div>\n\t\t\t\t\t<\/div>\n\t\t<\/div>\n\t\t\t\t\t<\/div>\n\t\t<\/section>\n\t\t\t\t<section class=\"elementor-section elementor-top-section elementor-element elementor-element-7588db5 elementor-section-full_width elementor-section-content-middle elementor-section-height-default elementor-section-height-default\" data-id=\"7588db5\" data-element_type=\"section\" data-settings=\"{&quot;background_background&quot;:&quot;classic&quot;}\">\n\t\t\t\t\t\t<div class=\"elementor-container elementor-column-gap-no\">\n\t\t\t\t\t<div class=\"elementor-column elementor-col-50 elementor-top-column elementor-element elementor-element-4696e05\" data-id=\"4696e05\" data-element_type=\"column\">\n\t\t\t<div class=\"elementor-widget-wrap elementor-element-populated\">\n\t\t\t\t\t\t<div class=\"elementor-element elementor-element-01a8426 elementor-widget elementor-widget-image\" data-id=\"01a8426\" data-element_type=\"widget\" data-widget_type=\"image.default\">\n\t\t\t\t<div class=\"elementor-widget-container\">\n\t\t\t\t\t\t\t\t\t\t\t\t\t\t\t<img loading=\"lazy\" decoding=\"async\" width=\"1000\" height=\"1249\" src=\"https:\/\/www.mesolube.com\/wp-content\/uploads\/banner-mob.jpg\" class=\"attachment-full size-full wp-image-3387\" alt=\"grease lubrication pump\" srcset=\"https:\/\/www.mesolube.com\/wp-content\/uploads\/banner-mob.jpg 1000w, https:\/\/www.mesolube.com\/wp-content\/uploads\/banner-mob-800x999.jpg 800w, https:\/\/www.mesolube.com\/wp-content\/uploads\/banner-mob-240x300.jpg 240w, https:\/\/www.mesolube.com\/wp-content\/uploads\/banner-mob-820x1024.jpg 820w, https:\/\/www.mesolube.com\/wp-content\/uploads\/banner-mob-768x959.jpg 768w\" sizes=\"(max-width: 1000px) 100vw, 1000px\" \/>\t\t\t\t\t\t\t\t\t\t\t\t\t\t\t<\/div>\n\t\t\t\t<\/div>\n\t\t\t\t\t<\/div>\n\t\t<\/div>\n\t\t\t\t<div class=\"elementor-column elementor-col-50 elementor-top-column elementor-element elementor-element-9cf1c3b\" data-id=\"9cf1c3b\" data-element_type=\"column\">\n\t\t\t<div class=\"elementor-widget-wrap elementor-element-populated\">\n\t\t\t\t\t\t<div class=\"elementor-element elementor-element-5def838 elementor-widget elementor-widget-heading\" data-id=\"5def838\" data-element_type=\"widget\" data-widget_type=\"heading.default\">\n\t\t\t\t<div class=\"elementor-widget-container\">\n\t\t\t\t\t<h2 class=\"elementor-heading-title elementor-size-default\">Servi\u00e7o<\/h2>\t\t\t\t<\/div>\n\t\t\t\t<\/div>\n\t\t\t\t<div class=\"elementor-element elementor-element-1c6d75b elementor-widget elementor-widget-text-editor\" data-id=\"1c6d75b\" data-element_type=\"widget\" data-widget_type=\"text-editor.default\">\n\t\t\t\t<div class=\"elementor-widget-container\">\n\t\t\t\t\t\t\t\t\t<p>Temos garantia de um ano para os principais componentes da bomba de lubrifica\u00e7\u00e3o, prestamos servi\u00e7os de consultoria 24 horas por dia e fornecemos instru\u00e7\u00f5es de instala\u00e7\u00e3o, comissionamento e manuten\u00e7\u00e3o de acordo com a necessidade do cliente. Para melhor atender nossos clientes e facilitar o uso di\u00e1rio das bombas de lubrifica\u00e7\u00e3o, desenvolvemos um conjunto de sistema de atendimento p\u00f3s-venda. Se o produto falhar, voc\u00ea poder\u00e1 envi\u00e1-lo no sistema, e poderemos responder rapidamente e fornecer servi\u00e7os o mais r\u00e1pido poss\u00edvel. Voc\u00ea tamb\u00e9m pode postar coment\u00e1rios, tirar d\u00favidas ou sugest\u00f5es de servi\u00e7os e acompanhar o andamento do servi\u00e7o a qualquer momento.<\/p>\t\t\t\t\t\t\t\t<\/div>\n\t\t\t\t<\/div>\n\t\t\t\t\t<\/div>\n\t\t<\/div>\n\t\t\t\t\t<\/div>\n\t\t<\/section>\n\t\t\t\t<\/div>","protected":false},"excerpt":{"rendered":"<p>Mesolube Technology Mesolube has a professional technical team that can design and produce lubrication pumps, lubrication metering devices, lubrication accessories and other products, and can provide targeted centralized lubrication system solutions to solve the lubrication needs of various equipment. Our products are mainly used in various key parts of non-standard automation equipment, such as chains, [&hellip;]<\/p>","protected":false},"author":1,"featured_media":0,"parent":0,"menu_order":0,"comment_status":"closed","ping_status":"closed","template":"","meta":{"ocean_post_layout":"full-screen","ocean_both_sidebars_style":"","ocean_both_sidebars_content_width":0,"ocean_both_sidebars_sidebars_width":0,"ocean_sidebar":"0","ocean_second_sidebar":"0","ocean_disable_margins":"enable","ocean_add_body_class":"","ocean_shortcode_before_top_bar":"","ocean_shortcode_after_top_bar":"","ocean_shortcode_before_header":"","ocean_shortcode_after_header":"","ocean_has_shortcode":"","ocean_shortcode_after_title":"","ocean_shortcode_before_footer_widgets":"","ocean_shortcode_after_footer_widgets":"","ocean_shortcode_before_footer_bottom":"","ocean_shortcode_after_footer_bottom":"","ocean_display_top_bar":"default","ocean_display_header":"default","ocean_header_style":"","ocean_center_header_left_menu":"0","ocean_custom_header_template":"0","ocean_custom_logo":0,"ocean_custom_retina_logo":0,"ocean_custom_logo_max_width":0,"ocean_custom_logo_tablet_max_width":0,"ocean_custom_logo_mobile_max_width":0,"ocean_custom_logo_max_height":0,"ocean_custom_logo_tablet_max_height":0,"ocean_custom_logo_mobile_max_height":0,"ocean_header_custom_menu":"0","ocean_menu_typo_font_family":"0","ocean_menu_typo_font_subset":"","ocean_menu_typo_font_size":0,"ocean_menu_typo_font_size_tablet":0,"ocean_menu_typo_font_size_mobile":0,"ocean_menu_typo_font_size_unit":"px","ocean_menu_typo_font_weight":"","ocean_menu_typo_font_weight_tablet":"","ocean_menu_typo_font_weight_mobile":"","ocean_menu_typo_transform":"","ocean_menu_typo_transform_tablet":"","ocean_menu_typo_transform_mobile":"","ocean_menu_typo_line_height":0,"ocean_menu_typo_line_height_tablet":0,"ocean_menu_typo_line_height_mobile":0,"ocean_menu_typo_line_height_unit":"","ocean_menu_typo_spacing":0,"ocean_menu_typo_spacing_tablet":0,"ocean_menu_typo_spacing_mobile":0,"ocean_menu_typo_spacing_unit":"","ocean_menu_link_color":"","ocean_menu_link_color_hover":"","ocean_menu_link_color_active":"","ocean_menu_link_background":"","ocean_menu_link_hover_background":"","ocean_menu_link_active_background":"","ocean_menu_social_links_bg":"","ocean_menu_social_hover_links_bg":"","ocean_menu_social_links_color":"","ocean_menu_social_hover_links_color":"","ocean_disable_title":"default","ocean_disable_heading":"default","ocean_post_title":"","ocean_post_subheading":"","ocean_post_title_style":"","ocean_post_title_background_color":"","ocean_post_title_background":0,"ocean_post_title_bg_image_position":"","ocean_post_title_bg_image_attachment":"","ocean_post_title_bg_image_repeat":"","ocean_post_title_bg_image_size":"","ocean_post_title_height":0,"ocean_post_title_bg_overlay":0.5,"ocean_post_title_bg_overlay_color":"","ocean_disable_breadcrumbs":"default","ocean_breadcrumbs_color":"","ocean_breadcrumbs_separator_color":"","ocean_breadcrumbs_links_color":"","ocean_breadcrumbs_links_hover_color":"","ocean_display_footer_widgets":"default","ocean_display_footer_bottom":"default","ocean_custom_footer_template":"0","osh_disable_topbar_sticky":"default","osh_disable_header_sticky":"default","osh_sticky_header_style":"default","osh_sticky_header_effect":"","osh_custom_sticky_logo":0,"osh_custom_retina_sticky_logo":0,"osh_custom_sticky_logo_height":0,"osh_background_color":"","osh_links_color":"","osh_links_hover_color":"","osh_links_active_color":"","osh_links_bg_color":"","osh_links_hover_bg_color":"","osh_links_active_bg_color":"","osh_menu_social_links_color":"","osh_menu_social_hover_links_color":"","footnotes":""},"class_list":["post-147","page","type-page","status-publish","hentry","entry","owp-thumbs-layout-horizontal","owp-btn-normal","owp-tabs-layout-horizontal","has-no-thumbnails"],"_links":{"self":[{"href":"https:\/\/www.mesolube.com\/pt\/wp-json\/wp\/v2\/pages\/147","targetHints":{"allow":["GET"]}}],"collection":[{"href":"https:\/\/www.mesolube.com\/pt\/wp-json\/wp\/v2\/pages"}],"about":[{"href":"https:\/\/www.mesolube.com\/pt\/wp-json\/wp\/v2\/types\/page"}],"author":[{"embeddable":true,"href":"https:\/\/www.mesolube.com\/pt\/wp-json\/wp\/v2\/users\/1"}],"replies":[{"embeddable":true,"href":"https:\/\/www.mesolube.com\/pt\/wp-json\/wp\/v2\/comments?post=147"}],"version-history":[{"count":60,"href":"https:\/\/www.mesolube.com\/pt\/wp-json\/wp\/v2\/pages\/147\/revisions"}],"predecessor-version":[{"id":3542,"href":"https:\/\/www.mesolube.com\/pt\/wp-json\/wp\/v2\/pages\/147\/revisions\/3542"}],"wp:attachment":[{"href":"https:\/\/www.mesolube.com\/pt\/wp-json\/wp\/v2\/media?parent=147"}],"curies":[{"name":"wp","href":"https:\/\/api.w.org\/{rel}","templated":true}]}}