{"id":2699,"date":"2022-07-14T08:34:46","date_gmt":"2022-07-14T08:34:46","guid":{"rendered":"https:\/\/www.mesolube.com\/?page_id=2699"},"modified":"2025-12-25T14:22:46","modified_gmt":"2025-12-25T06:22:46","slug":"catalog","status":"publish","type":"page","link":"https:\/\/www.mesolube.com\/pt\/catalog","title":{"rendered":"Cat\u00e1logo"},"content":{"rendered":"<div data-elementor-type=\"wp-page\" data-elementor-id=\"2699\" class=\"elementor elementor-2699\">\n\t\t\t\t\t\t<section class=\"elementor-section elementor-top-section elementor-element elementor-element-e37e536 elementor-section-boxed elementor-section-height-default elementor-section-height-default\" data-id=\"e37e536\" data-element_type=\"section\">\n\t\t\t\t\t\t<div class=\"elementor-container elementor-column-gap-no\">\n\t\t\t\t\t<div class=\"elementor-column elementor-col-100 elementor-top-column elementor-element elementor-element-de76638\" data-id=\"de76638\" data-element_type=\"column\">\n\t\t\t<div class=\"elementor-widget-wrap elementor-element-populated\">\n\t\t\t\t\t\t<div class=\"elementor-element elementor-element-c3cd9f6 elementor-widget elementor-widget-oew-brands\" data-id=\"c3cd9f6\" data-element_type=\"widget\" data-widget_type=\"oew-brands.default\">\n\t\t\t\t<div class=\"elementor-widget-container\">\n\t\t\t\t\t\n\t\t<div class=\"oew-brands\">\n\t\t\t<div class=\"oew-brands-list\">\n\n\t\t\t\t\n\t\t\t\t\t<div class=\"oew-brands-item\">\n\t\t\t\t\t\t<a href=\"#\" target=\"_blank\" class=\"oew-brands-link\">\t\t\t\t\t\t\t<div class=\"oew-brands-img\">\n\t\t\t\t\t\t\t\t<img decoding=\"async\" src=\"https:\/\/www.mesolube.com\/wp-content\/uploads\/P400-lubrication-pump-catalog-1.jpg\" \/>\n\t\t\t\t\t\t\t<\/div>\n\t\t\t\t\t\t\t<h5 class=\"oew-brands-name\">Link para download do cat\u00e1logo da bomba de lubrifica\u00e7\u00e3o P400<\/h5>\n\t\t\t\t\t\t\t<div class=\"oew-brands-desc\"><\/div>\n\t\t\t\t\t\t\t\t\t\t\t\t\t<\/a>\n\t\t\t\t\t\t\t\t\t\t\t<\/div>\n\n\t\t\t\t\n\t\t\t\t\t<div class=\"oew-brands-item\">\n\t\t\t\t\t\t<a href=\"https:\/\/www.mesolube.com\/wp-content\/uploads\/P300-series-pump-and-metering-device-.pdf\" target=\"_blank\" class=\"oew-brands-link\">\t\t\t\t\t\t\t<div class=\"oew-brands-img\">\n\t\t\t\t\t\t\t\t<img decoding=\"async\" src=\"https:\/\/www.mesolube.com\/wp-content\/uploads\/P300-catalogs.jpg\" alt=\"P300 catalogs\" \/>\n\t\t\t\t\t\t\t<\/div>\n\t\t\t\t\t\t\t<h5 class=\"oew-brands-name\">Link para download do cat\u00e1logo da bomba de lubrifica\u00e7\u00e3o P300<\/h5>\n\t\t\t\t\t\t\t<div class=\"oew-brands-desc\"><\/div>\n\t\t\t\t\t\t\t\t\t\t\t\t\t<\/a>\n\t\t\t\t\t\t\t\t\t\t\t<\/div>\n\n\t\t\t\t\n\t\t\t\t\t<div class=\"oew-brands-item\">\n\t\t\t\t\t\t<a href=\"https:\/\/www.mesolube.com\/wp-content\/uploads\/P100-and-P200-grease-pump-Catalog-1.pdf\" target=\"_blank\" class=\"oew-brands-link\">\t\t\t\t\t\t\t<div class=\"oew-brands-img\">\n\t\t\t\t\t\t\t\t<img decoding=\"async\" src=\"https:\/\/www.mesolube.com\/wp-content\/uploads\/P100-P200-catalogs.jpg\" alt=\"P100 P200 catalogs\" \/>\n\t\t\t\t\t\t\t<\/div>\n\t\t\t\t\t\t\t<h5 class=\"oew-brands-name\">Link para download do cat\u00e1logo de bombas de graxa P100 e P200<\/h5>\n\t\t\t\t\t\t\t<div class=\"oew-brands-desc\"><\/div>\n\t\t\t\t\t\t\t\t\t\t\t\t\t<\/a>\n\t\t\t\t\t\t\t\t\t\t\t<\/div>\n\n\t\t\t\t\n\t\t\t\t\t<div class=\"oew-brands-item\">\n\t\t\t\t\t\t<a href=\"https:\/\/www.mesolube.com\/wp-content\/uploads\/MQL-catalog-2022-1.pdf\" target=\"_blank\" class=\"oew-brands-link\">\t\t\t\t\t\t\t<div class=\"oew-brands-img\">\n\t\t\t\t\t\t\t\t<img decoding=\"async\" src=\"https:\/\/www.mesolube.com\/wp-content\/uploads\/MQL-catalogs.jpg\" alt=\"MQL catalogs\" \/>\n\t\t\t\t\t\t\t<\/div>\n\t\t\t\t\t\t\t<h5 class=\"oew-brands-name\">Link para download do cat\u00e1logo da bomba do sistema de lubrifica\u00e7\u00e3o MQL<\/h5>\n\t\t\t\t\t\t\t<div class=\"oew-brands-desc\"><\/div>\n\t\t\t\t\t\t\t\t\t\t\t\t\t<\/a>\n\t\t\t\t\t\t\t\t\t\t\t<\/div>\n\n\t\t\t\t\n\t\t\t\t\t<div class=\"oew-brands-item\">\n\t\t\t\t\t\t<a href=\"https:\/\/www.mesolube.com\/wp-content\/uploads\/D300-Distributor-Series-Catalog.pdf\" target=\"_blank\" class=\"oew-brands-link\">\t\t\t\t\t\t\t<div class=\"oew-brands-img\">\n\t\t\t\t\t\t\t\t<img decoding=\"async\" src=\"https:\/\/www.mesolube.com\/wp-content\/uploads\/D300-Distributor-Catalogs.jpg\" alt=\"D300 Distributor Catalogs\" \/>\n\t\t\t\t\t\t\t<\/div>\n\t\t\t\t\t\t\t<h5 class=\"oew-brands-name\">Link para download do cat\u00e1logo do distribuidor de linha \u00fanica D300<\/h5>\n\t\t\t\t\t\t\t<div class=\"oew-brands-desc\"><\/div>\n\t\t\t\t\t\t\t\t\t\t\t\t\t<\/a>\n\t\t\t\t\t\t\t\t\t\t\t<\/div>\n\n\t\t\t\t\n\t\t\t\t\t<div class=\"oew-brands-item\">\n\t\t\t\t\t\t<a href=\"https:\/\/www.mesolube.com\/wp-content\/uploads\/D200-Distributor-Series-Catalog.pdf\" target=\"_blank\" class=\"oew-brands-link\">\t\t\t\t\t\t\t<div class=\"oew-brands-img\">\n\t\t\t\t\t\t\t\t<img decoding=\"async\" src=\"https:\/\/www.mesolube.com\/wp-content\/uploads\/D300-Distributor-Catalog.jpg\" alt=\"D200 Distributor Catalog\" \/>\n\t\t\t\t\t\t\t<\/div>\n\t\t\t\t\t\t\t<h5 class=\"oew-brands-name\">Link para download do cat\u00e1logo do distribuidor pressurizado D200<\/h5>\n\t\t\t\t\t\t\t<div class=\"oew-brands-desc\"><\/div>\n\t\t\t\t\t\t\t\t\t\t\t\t\t<\/a>\n\t\t\t\t\t\t\t\t\t\t\t<\/div>\n\n\t\t\t\t\n\t\t\t\t\t<div class=\"oew-brands-item\">\n\t\t\t\t\t\t<a href=\"https:\/\/www.mesolube.com\/wp-content\/uploads\/D100-Distributor-Series-Catalog.pdf\" target=\"_blank\" class=\"oew-brands-link\">\t\t\t\t\t\t\t<div class=\"oew-brands-img\">\n\t\t\t\t\t\t\t\t<img decoding=\"async\" src=\"https:\/\/www.mesolube.com\/wp-content\/uploads\/progressive-distributor.jpg\" alt=\"progressive distributor\" \/>\n\t\t\t\t\t\t\t<\/div>\n\t\t\t\t\t\t\t<h5 class=\"oew-brands-name\">Link para download do cat\u00e1logo do distribuidor progressivo D100<\/h5>\n\t\t\t\t\t\t\t<div class=\"oew-brands-desc\"><\/div>\n\t\t\t\t\t\t\t\t\t\t\t\t\t<\/a>\n\t\t\t\t\t\t\t\t\t\t\t<\/div>\n\n\t\t\t\t\n\t\t\t\t\t<div class=\"oew-brands-item\">\n\t\t\t\t\t\t<a href=\"https:\/\/www.mesolube.com\/wp-content\/uploads\/P200-Pump-Series-Catalog.pdf\" target=\"_blank\" class=\"oew-brands-link\">\t\t\t\t\t\t\t<div class=\"oew-brands-img\">\n\t\t\t\t\t\t\t\t<img decoding=\"async\" src=\"https:\/\/www.mesolube.com\/wp-content\/uploads\/P200-Pump-Catalog.jpg\" alt=\"P200 Pump Catalog\" \/>\n\t\t\t\t\t\t\t<\/div>\n\t\t\t\t\t\t\t<h5 class=\"oew-brands-name\">Link para download do cat\u00e1logo da bomba de graxa el\u00e9trica P200<\/h5>\n\t\t\t\t\t\t\t<div class=\"oew-brands-desc\"><\/div>\n\t\t\t\t\t\t\t\t\t\t\t\t\t<\/a>\n\t\t\t\t\t\t\t\t\t\t\t<\/div>\n\n\t\t\t\t\n\t\t\t\t\t<div class=\"oew-brands-item\">\n\t\t\t\t\t\t<a href=\"https:\/\/www.mesolube.com\/wp-content\/uploads\/P100-and-P200-grease-pump-Catalog-1.pdf\" target=\"_blank\" class=\"oew-brands-link\">\t\t\t\t\t\t\t<div class=\"oew-brands-img\">\n\t\t\t\t\t\t\t\t<img decoding=\"async\" src=\"https:\/\/www.mesolube.com\/wp-content\/uploads\/P100-Pump-Catalog.jpg\" \/>\n\t\t\t\t\t\t\t<\/div>\n\t\t\t\t\t\t\t<h5 class=\"oew-brands-name\">Link para download do cat\u00e1logo da bomba de graxa el\u00e9trica P100<\/h5>\n\t\t\t\t\t\t\t<div class=\"oew-brands-desc\"><\/div>\n\t\t\t\t\t\t\t\t\t\t\t\t\t<\/a>\n\t\t\t\t\t\t\t\t\t\t\t<\/div>\n\n\t\t\t\t\n\t\t\t\t\t<div class=\"oew-brands-item\">\n\t\t\t\t\t\t<a href=\"https:\/\/www.mesolube.com\/wp-content\/uploads\/fittings.pdf\" target=\"_blank\" class=\"oew-brands-link\">\t\t\t\t\t\t\t<div class=\"oew-brands-img\">\n\t\t\t\t\t\t\t\t<img decoding=\"async\" src=\"https:\/\/www.mesolube.com\/wp-content\/uploads\/fittings.jpg\" alt=\"fittings\" \/>\n\t\t\t\t\t\t\t<\/div>\n\t\t\t\t\t\t\t<h5 class=\"oew-brands-name\">Link para download do cat\u00e1logo de conex\u00f5es do sistema de lubrifica\u00e7\u00e3o<\/h5>\n\t\t\t\t\t\t\t<div class=\"oew-brands-desc\"><\/div>\n\t\t\t\t\t\t\t\t\t\t\t\t\t<\/a>\n\t\t\t\t\t\t\t\t\t\t\t<\/div>\n\n\t\t\t\t\n\t\t\t\t\t<div class=\"oew-brands-item\">\n\t\t\t\t\t\t<a href=\"https:\/\/www.mesolube.com\/wp-content\/uploads\/P300-series-pump-and-metering-device-.pdf\" target=\"_blank\" class=\"oew-brands-link\">\t\t\t\t\t\t\t<div class=\"oew-brands-img\">\n\t\t\t\t\t\t\t\t<img decoding=\"async\" src=\"https:\/\/www.mesolube.com\/wp-content\/uploads\/MESOLUBE-P300-1.jpg\" \/>\n\t\t\t\t\t\t\t<\/div>\n\t\t\t\t\t\t\t<h5 class=\"oew-brands-name\">Link para download do cat\u00e1logo da bomba MESOLUBE P300<\/h5>\n\t\t\t\t\t\t\t<div class=\"oew-brands-desc\"><\/div>\n\t\t\t\t\t\t\t\t\t\t\t\t\t<\/a>\n\t\t\t\t\t\t\t\t\t\t\t<\/div>\n\n\t\t\t\t\n\t\t\t\t\t<div class=\"oew-brands-item\">\n\t\t\t\t\t\t<a href=\"https:\/\/www.mesolube.com\/wp-content\/uploads\/single-points-lubricator.pdf\" target=\"_blank\" class=\"oew-brands-link\">\t\t\t\t\t\t\t<div class=\"oew-brands-img\">\n\t\t\t\t\t\t\t\t<img decoding=\"async\" src=\"https:\/\/www.mesolube.com\/wp-content\/uploads\/single-points-lubricator-1.jpg\" alt=\"single-points lubricator\" \/>\n\t\t\t\t\t\t\t<\/div>\n\t\t\t\t\t\t\t<h5 class=\"oew-brands-name\"> Link para download do cat\u00e1logo do lubrificador de ponto \u00fanico<\/h5>\n\t\t\t\t\t\t\t<div class=\"oew-brands-desc\"><\/div>\n\t\t\t\t\t\t\t\t\t\t\t\t\t<\/a>\n\t\t\t\t\t\t\t\t\t\t\t<\/div>\n\n\t\t\t\t\n\t\t\t\t\t<div class=\"oew-brands-item\">\n\t\t\t\t\t\t<a href=\"https:\/\/www.mesolube.com\/wp-content\/uploads\/WD-DRB-Manual.pdf\" target=\"_blank\" class=\"oew-brands-link\">\t\t\t\t\t\t\t<div class=\"oew-brands-img\">\n\t\t\t\t\t\t\t\t<img decoding=\"async\" src=\"https:\/\/www.mesolube.com\/wp-content\/uploads\/WD-DRB-Manual.jpg\" alt=\"WD-DRB-Manual\" \/>\n\t\t\t\t\t\t\t<\/div>\n\t\t\t\t\t\t\t<h5 class=\"oew-brands-name\">Link para download do cat\u00e1logo da bomba WD-DRB<\/h5>\n\t\t\t\t\t\t\t<div class=\"oew-brands-desc\"><\/div>\n\t\t\t\t\t\t\t\t\t\t\t\t\t<\/a>\n\t\t\t\t\t\t\t\t\t\t\t<\/div>\n\n\t\t\t\t\n\t\t\t\t\t<div class=\"oew-brands-item\">\n\t\t\t\t\t\t<a href=\"https:\/\/www.mesolube.com\/wp-content\/uploads\/SL-injector.pdf\" target=\"_blank\" class=\"oew-brands-link\">\t\t\t\t\t\t\t<div class=\"oew-brands-img\">\n\t\t\t\t\t\t\t\t<img decoding=\"async\" src=\"https:\/\/www.mesolube.com\/wp-content\/uploads\/SL-injectors.jpg\" alt=\"SL injectors\" \/>\n\t\t\t\t\t\t\t<\/div>\n\t\t\t\t\t\t\t<h5 class=\"oew-brands-name\">Link para download do cat\u00e1logo do injetor SL<\/h5>\n\t\t\t\t\t\t\t<div class=\"oew-brands-desc\"><\/div>\n\t\t\t\t\t\t\t\t\t\t\t\t\t<\/a>\n\t\t\t\t\t\t\t\t\t\t\t<\/div>\n\n\t\t\t\t\n\t\t\t\t\t<div class=\"oew-brands-item\">\n\t\t\t\t\t\t<a href=\"https:\/\/www.mesolube.com\/wp-content\/uploads\/hose-fittings-.pdf\" target=\"_blank\" class=\"oew-brands-link\">\t\t\t\t\t\t\t<div class=\"oew-brands-img\">\n\t\t\t\t\t\t\t\t<img decoding=\"async\" src=\"https:\/\/www.mesolube.com\/wp-content\/uploads\/hose-fittings.jpg\" \/>\n\t\t\t\t\t\t\t<\/div>\n\t\t\t\t\t\t\t<h5 class=\"oew-brands-name\">Link para download do cat\u00e1logo de conex\u00f5es para mangueiras de graxa<\/h5>\n\t\t\t\t\t\t\t<div class=\"oew-brands-desc\"><\/div>\n\t\t\t\t\t\t\t\t\t\t\t\t\t<\/a>\n\t\t\t\t\t\t\t\t\t\t\t<\/div>\n\n\t\t\t\t\t\t\t<\/div>\n\t\t<\/div>\n\n\t\t\t\t\t<\/div>\n\t\t\t\t<\/div>\n\t\t\t\t\t<\/div>\n\t\t<\/div>\n\t\t\t\t\t<\/div>\n\t\t<\/section>\n\t\t\t\t<\/div>","protected":false},"excerpt":{"rendered":"<p>P400 Lubrication Pump Catalog Download Link P300 Lubrication Pump Catalog Download Link P100 and P200 Grease Pump Catalog Download Link MQL Lubrication System Pump Catalog Download Link D300 Single-line Distributor Catalog Download Link D200 Pressurised Distributor Catalog Download Link D100 Progressive Distributor Catalog Download Link P200 Electric Grease Pump Catalog Download Link P100 Electric Grease [&hellip;]<\/p>","protected":false},"author":1,"featured_media":0,"parent":0,"menu_order":0,"comment_status":"closed","ping_status":"closed","template":"elementor_header_footer","meta":{"ocean_post_layout":"","ocean_both_sidebars_style":"","ocean_both_sidebars_content_width":0,"ocean_both_sidebars_sidebars_width":0,"ocean_sidebar":"0","ocean_second_sidebar":"0","ocean_disable_margins":"enable","ocean_add_body_class":"","ocean_shortcode_before_top_bar":"","ocean_shortcode_after_top_bar":"","ocean_shortcode_before_header":"","ocean_shortcode_after_header":"","ocean_has_shortcode":"","ocean_shortcode_after_title":"","ocean_shortcode_before_footer_widgets":"","ocean_shortcode_after_footer_widgets":"","ocean_shortcode_before_footer_bottom":"","ocean_shortcode_after_footer_bottom":"","ocean_display_top_bar":"default","ocean_display_header":"default","ocean_header_style":"","ocean_center_header_left_menu":"0","ocean_custom_header_template":"0","ocean_custom_logo":0,"ocean_custom_retina_logo":0,"ocean_custom_logo_max_width":0,"ocean_custom_logo_tablet_max_width":0,"ocean_custom_logo_mobile_max_width":0,"ocean_custom_logo_max_height":0,"ocean_custom_logo_tablet_max_height":0,"ocean_custom_logo_mobile_max_height":0,"ocean_header_custom_menu":"0","ocean_menu_typo_font_family":"0","ocean_menu_typo_font_subset":"","ocean_menu_typo_font_size":0,"ocean_menu_typo_font_size_tablet":0,"ocean_menu_typo_font_size_mobile":0,"ocean_menu_typo_font_size_unit":"px","ocean_menu_typo_font_weight":"","ocean_menu_typo_font_weight_tablet":"","ocean_menu_typo_font_weight_mobile":"","ocean_menu_typo_transform":"","ocean_menu_typo_transform_tablet":"","ocean_menu_typo_transform_mobile":"","ocean_menu_typo_line_height":0,"ocean_menu_typo_line_height_tablet":0,"ocean_menu_typo_line_height_mobile":0,"ocean_menu_typo_line_height_unit":"","ocean_menu_typo_spacing":0,"ocean_menu_typo_spacing_tablet":0,"ocean_menu_typo_spacing_mobile":0,"ocean_menu_typo_spacing_unit":"","ocean_menu_link_color":"","ocean_menu_link_color_hover":"","ocean_menu_link_color_active":"","ocean_menu_link_background":"","ocean_menu_link_hover_background":"","ocean_menu_link_active_background":"","ocean_menu_social_links_bg":"","ocean_menu_social_hover_links_bg":"","ocean_menu_social_links_color":"","ocean_menu_social_hover_links_color":"","ocean_disable_title":"enable","ocean_disable_heading":"enable","ocean_post_title":"Catalog","ocean_post_subheading":"","ocean_post_title_style":"","ocean_post_title_background_color":"","ocean_post_title_background":0,"ocean_post_title_bg_image_position":"","ocean_post_title_bg_image_attachment":"","ocean_post_title_bg_image_repeat":"","ocean_post_title_bg_image_size":"","ocean_post_title_height":0,"ocean_post_title_bg_overlay":0.5,"ocean_post_title_bg_overlay_color":"","ocean_disable_breadcrumbs":"default","ocean_breadcrumbs_color":"","ocean_breadcrumbs_separator_color":"","ocean_breadcrumbs_links_color":"","ocean_breadcrumbs_links_hover_color":"","ocean_display_footer_widgets":"default","ocean_display_footer_bottom":"default","ocean_custom_footer_template":"0","osh_disable_topbar_sticky":"default","osh_disable_header_sticky":"default","osh_sticky_header_style":"default","osh_sticky_header_effect":"","osh_custom_sticky_logo":0,"osh_custom_retina_sticky_logo":0,"osh_custom_sticky_logo_height":0,"osh_background_color":"","osh_links_color":"","osh_links_hover_color":"","osh_links_active_color":"","osh_links_bg_color":"","osh_links_hover_bg_color":"","osh_links_active_bg_color":"","osh_menu_social_links_color":"","osh_menu_social_hover_links_color":"","footnotes":""},"class_list":["post-2699","page","type-page","status-publish","hentry","entry","owp-thumbs-layout-horizontal","owp-btn-normal","owp-tabs-layout-horizontal","has-no-thumbnails"],"_links":{"self":[{"href":"https:\/\/www.mesolube.com\/pt\/wp-json\/wp\/v2\/pages\/2699","targetHints":{"allow":["GET"]}}],"collection":[{"href":"https:\/\/www.mesolube.com\/pt\/wp-json\/wp\/v2\/pages"}],"about":[{"href":"https:\/\/www.mesolube.com\/pt\/wp-json\/wp\/v2\/types\/page"}],"author":[{"embeddable":true,"href":"https:\/\/www.mesolube.com\/pt\/wp-json\/wp\/v2\/users\/1"}],"replies":[{"embeddable":true,"href":"https:\/\/www.mesolube.com\/pt\/wp-json\/wp\/v2\/comments?post=2699"}],"version-history":[{"count":62,"href":"https:\/\/www.mesolube.com\/pt\/wp-json\/wp\/v2\/pages\/2699\/revisions"}],"predecessor-version":[{"id":5086,"href":"https:\/\/www.mesolube.com\/pt\/wp-json\/wp\/v2\/pages\/2699\/revisions\/5086"}],"wp:attachment":[{"href":"https:\/\/www.mesolube.com\/pt\/wp-json\/wp\/v2\/media?parent=2699"}],"curies":[{"name":"wp","href":"https:\/\/api.w.org\/{rel}","templated":true}]}}