{"id":1260,"date":"2020-12-03T09:03:34","date_gmt":"2020-12-03T09:03:34","guid":{"rendered":"https:\/\/www.mesolube.com\/?post_type=product&#038;p=1260"},"modified":"2020-12-16T07:12:54","modified_gmt":"2020-12-16T07:12:54","slug":"p100-07c2410-electric-grease-lubrication-pump","status":"publish","type":"product","link":"https:\/\/www.mesolube.com\/pt\/produto\/p100-07c2410-electric-grease-lubrication-pump","title":{"rendered":"Bomba el\u00e9trica de lubrifica\u00e7\u00e3o com graxa P100-07C2410"},"content":{"rendered":"<p>O sistema de bombas da s\u00e9rie P100 pode lubrificar at\u00e9 100 pontos de lubrifica\u00e7\u00e3o e a linha principal pode ter at\u00e9 15 metros de comprimento.<br \/>\nPossui v\u00e1lvula limitadora de press\u00e3o para torn\u00e1-lo adequado para uso no sistema de lubrifica\u00e7\u00e3o de um distribuidor pressurizado de linha \u00fanica.<br \/>\nDuas vers\u00f5es da s\u00e9rie P100, vers\u00e3o reservat\u00f3rio e cartucho.<\/p>\n<p><strong>Reservat\u00f3rio de pl\u00e1stico transparente<\/strong><br \/>\nCapacidade: 0,3L, 0,5L, 1L, 1,2L, 1,7L, etc., incluindo filtros padr\u00e3o.<br \/>\nVantagens<br \/>\n1. Flex\u00edvel e f\u00e1cil de injetar<br \/>\n2. Com capacidade diferente<br \/>\n3. Prolongue o tempo de manuten\u00e7\u00e3o<br \/>\n4. Esgote somente quando o sistema for iniciado<\/p>\n<p><strong>Cartucho pr\u00e9-cheio<\/strong><br \/>\nCom interruptor de n\u00edvel de l\u00edquido, pode ser preenchido com v\u00e1rias graxas NLGI000 ~ 2<br \/>\nVantagens<br \/>\n1. Evite usar lubrificantes errados ou contaminados<br \/>\n2. Reduzir a polui\u00e7\u00e3o por gordura no meio ambiente<br \/>\n3. Pode simplificar o gerenciamento de estoque<br \/>\n4. Substitua o pacote de \u00f3leo de forma segura e limpa<\/p>","protected":false},"excerpt":{"rendered":"<p>The P100 series pump system can lubricate up to 100 lubrication points, and the main line can be up to 15 meters. It has a pressure relief valve to make it suitable for use in the single-line lubrication system. Two versions of P100 series, reservoir and cartridge version.<\/p>","protected":false},"featured_media":1261,"template":"","meta":{"ocean_post_layout":"","ocean_both_sidebars_style":"","ocean_both_sidebars_content_width":0,"ocean_both_sidebars_sidebars_width":0,"ocean_sidebar":"0","ocean_second_sidebar":"0","ocean_disable_margins":"enable","ocean_add_body_class":"","ocean_shortcode_before_top_bar":"","ocean_shortcode_after_top_bar":"","ocean_shortcode_before_header":"","ocean_shortcode_after_header":"","ocean_has_shortcode":"","ocean_shortcode_after_title":"","ocean_shortcode_before_footer_widgets":"","ocean_shortcode_after_footer_widgets":"","ocean_shortcode_before_footer_bottom":"","ocean_shortcode_after_footer_bottom":"","ocean_display_top_bar":"default","ocean_display_header":"default","ocean_header_style":"","ocean_center_header_left_menu":"0","ocean_custom_header_template":"0","ocean_custom_logo":0,"ocean_custom_retina_logo":0,"ocean_custom_logo_max_width":0,"ocean_custom_logo_tablet_max_width":0,"ocean_custom_logo_mobile_max_width":0,"ocean_custom_logo_max_height":0,"ocean_custom_logo_tablet_max_height":0,"ocean_custom_logo_mobile_max_height":0,"ocean_header_custom_menu":"0","ocean_menu_typo_font_family":"0","ocean_menu_typo_font_subset":"","ocean_menu_typo_font_size":0,"ocean_menu_typo_font_size_tablet":0,"ocean_menu_typo_font_size_mobile":0,"ocean_menu_typo_font_size_unit":"px","ocean_menu_typo_font_weight":"","ocean_menu_typo_font_weight_tablet":"","ocean_menu_typo_font_weight_mobile":"","ocean_menu_typo_transform":"","ocean_menu_typo_transform_tablet":"","ocean_menu_typo_transform_mobile":"","ocean_menu_typo_line_height":0,"ocean_menu_typo_line_height_tablet":0,"ocean_menu_typo_line_height_mobile":0,"ocean_menu_typo_line_height_unit":"","ocean_menu_typo_spacing":0,"ocean_menu_typo_spacing_tablet":0,"ocean_menu_typo_spacing_mobile":0,"ocean_menu_typo_spacing_unit":"","ocean_menu_link_color":"","ocean_menu_link_color_hover":"","ocean_menu_link_color_active":"","ocean_menu_link_background":"","ocean_menu_link_hover_background":"","ocean_menu_link_active_background":"","ocean_menu_social_links_bg":"","ocean_menu_social_hover_links_bg":"","ocean_menu_social_links_color":"","ocean_menu_social_hover_links_color":"","ocean_disable_title":"default","ocean_disable_heading":"default","ocean_post_title":"","ocean_post_subheading":"","ocean_post_title_style":"","ocean_post_title_background_color":"","ocean_post_title_background":0,"ocean_post_title_bg_image_position":"","ocean_post_title_bg_image_attachment":"","ocean_post_title_bg_image_repeat":"","ocean_post_title_bg_image_size":"","ocean_post_title_height":0,"ocean_post_title_bg_overlay":0.5,"ocean_post_title_bg_overlay_color":"","ocean_disable_breadcrumbs":"default","ocean_breadcrumbs_color":"","ocean_breadcrumbs_separator_color":"","ocean_breadcrumbs_links_color":"","ocean_breadcrumbs_links_hover_color":"","ocean_display_footer_widgets":"default","ocean_display_footer_bottom":"default","ocean_custom_footer_template":"0","osh_disable_topbar_sticky":"default","osh_disable_header_sticky":"default","osh_sticky_header_style":"default","osh_sticky_header_effect":"","osh_custom_sticky_logo":0,"osh_custom_retina_sticky_logo":0,"osh_custom_sticky_logo_height":0,"osh_background_color":"","osh_links_color":"","osh_links_hover_color":"","osh_links_active_color":"","osh_links_bg_color":"","osh_links_hover_bg_color":"","osh_links_active_bg_color":"","osh_menu_social_links_color":"","osh_menu_social_hover_links_color":""},"product_brand":[],"product_cat":[42],"product_tag":[51,50,54],"class_list":{"0":"post-1260","1":"product","2":"type-product","3":"status-publish","4":"has-post-thumbnail","6":"product_cat-electric-grease-pumps","7":"product_tag-automatic-pump","8":"product_tag-electric-pump","9":"product_tag-pressure-relief","11":"entry","12":"has-media","14":"first","15":"instock","16":"featured","17":"shipping-taxable","18":"product-type-external","19":"col","20":"span_1_of_3","21":"owp-content-left","22":"owp-thumbs-layout-horizontal","23":"owp-btn-normal","24":"owp-tabs-layout-horizontal"},"_links":{"self":[{"href":"https:\/\/www.mesolube.com\/pt\/wp-json\/wp\/v2\/product\/1260","targetHints":{"allow":["GET"]}}],"collection":[{"href":"https:\/\/www.mesolube.com\/pt\/wp-json\/wp\/v2\/product"}],"about":[{"href":"https:\/\/www.mesolube.com\/pt\/wp-json\/wp\/v2\/types\/product"}],"wp:featuredmedia":[{"embeddable":true,"href":"https:\/\/www.mesolube.com\/pt\/wp-json\/wp\/v2\/media\/1261"}],"wp:attachment":[{"href":"https:\/\/www.mesolube.com\/pt\/wp-json\/wp\/v2\/media?parent=1260"}],"wp:term":[{"taxonomy":"product_brand","embeddable":true,"href":"https:\/\/www.mesolube.com\/pt\/wp-json\/wp\/v2\/product_brand?post=1260"},{"taxonomy":"product_cat","embeddable":true,"href":"https:\/\/www.mesolube.com\/pt\/wp-json\/wp\/v2\/product_cat?post=1260"},{"taxonomy":"product_tag","embeddable":true,"href":"https:\/\/www.mesolube.com\/pt\/wp-json\/wp\/v2\/product_tag?post=1260"}],"curies":[{"name":"wp","href":"https:\/\/api.w.org\/{rel}","templated":true}]}}