{"id":1358,"date":"2020-12-04T07:17:21","date_gmt":"2020-12-04T07:17:21","guid":{"rendered":"https:\/\/www.mesolube.com\/?post_type=product&#038;p=1358"},"modified":"2021-04-07T01:14:39","modified_gmt":"2021-04-07T01:14:39","slug":"d100-66401p-progressive-lubrication-metering-device","status":"publish","type":"product","link":"https:\/\/www.mesolube.com\/pt\/produto\/d100-66401p-progressive-lubrication-metering-device","title":{"rendered":"Distribuidor de lubrifica\u00e7\u00e3o progressiva D100-66401P"},"content":{"rendered":"<p>O dispositivo de medi\u00e7\u00e3o da s\u00e9rie D100 \u00e9 adequado para todos os sistemas de lubrifica\u00e7\u00e3o centralizada progressiva.<\/p>\n<p><strong>Caracter\u00edsticas<\/strong><br \/>\nO dispositivo de medi\u00e7\u00e3o da s\u00e9rie D100 \u00e9 do tipo \u00eambolo.<br \/>\nDistribui automaticamente o lubrificante da bomba para os pontos de lubrifica\u00e7\u00e3o conectados.<br \/>\nA quantidade de dosagem de cada sa\u00edda \u00e9 de 0,2mL por ciclo.<br \/>\nQuando uma ou mais sa\u00eddas s\u00e3o fechadas, a quantidade medida de cada sa\u00edda muda em m\u00faltiplos.<br \/>\nUm dispositivo de medi\u00e7\u00e3o com 6 a 12 sa\u00eddas pode ser selecionado, at\u00e9 22 sa\u00eddas.<br \/>\nLubrificante utilizado: Graxa mineral acima de \u221240mm\u00b2\/s(cS) ou graxa abaixo de NLGI2.<\/p>\n<p><strong>Montagem<\/strong><br \/>\nInstale o medidor no local apropriado conforme diagrama de lubrifica\u00e7\u00e3o.<br \/>\nRecomenda-se que ao montar o medidor, n\u00e3o permita que a sa\u00edda fique muito pr\u00f3xima da placa inferior de instala\u00e7\u00e3o, caso contr\u00e1rio n\u00e3o ser\u00e1 f\u00e1cil solucionar problemas quando o sistema estiver bloqueado.<br \/>\nAo montar uma v\u00e1lvula dosadora com ponteiro, deve-se garantir que seu ponteiro seja de f\u00e1cil observa\u00e7\u00e3o visual.<br \/>\nAo usar conectores r\u00e1pidos, preste aten\u00e7\u00e3o aos seguintes problemas:<br \/>\nNa entrada do medidor, somente pode ser utilizado conector r\u00e1pido com fivelas refor\u00e7adas e an\u00e9is de veda\u00e7\u00e3o.<br \/>\nPara mangueiras de alta press\u00e3o (\u03a68,6\u00d72,3mm), deve-se utilizar conector r\u00e1pido com fivelas refor\u00e7adas e an\u00e9is de veda\u00e7\u00e3o; para mangueiras pl\u00e1sticas (\u03a66\u00d71,5mm), devem ser usados acoplamentos r\u00e1pidos com fivelas roscadas a \u00f3leo.<br \/>\nNota: Para m\u00e1quinas de constru\u00e7\u00e3o e m\u00e1quinas agr\u00edcolas, devem ser utilizadas mangueiras de alta press\u00e3o para a linha de lubrifica\u00e7\u00e3o. Neste caso, tanto o medidor de segundo n\u00edvel quanto as juntas dos tubos no ponto de lubrifica\u00e7\u00e3o podem adotar juntas r\u00e1pidas com an\u00e9is de veda\u00e7\u00e3o refor\u00e7ados.<br \/>\nUse apenas a tubula\u00e7\u00e3o de lubrifica\u00e7\u00e3o designada por nossa empresa e atenda aos requisitos de press\u00e3o do sistema especificados.<\/p>","protected":false},"excerpt":{"rendered":"<p>A quantidade de dosagem de cada sa\u00edda \u00e9 de 0,2mL por ciclo. Quando uma ou mais sa\u00eddas s\u00e3o fechadas, a vaz\u00e3o varia em m\u00faltiplos. Um dispositivo de medi\u00e7\u00e3o com 6 a 12 sa\u00eddas pode ser selecionado, at\u00e9 22 sa\u00eddas. Lubrificante utilizado: Graxa mineral abaixo de NLGI2.<\/p>","protected":false},"featured_media":2025,"template":"","meta":{"ocean_post_layout":"","ocean_both_sidebars_style":"","ocean_both_sidebars_content_width":0,"ocean_both_sidebars_sidebars_width":0,"ocean_sidebar":"0","ocean_second_sidebar":"0","ocean_disable_margins":"enable","ocean_add_body_class":"","ocean_shortcode_before_top_bar":"","ocean_shortcode_after_top_bar":"","ocean_shortcode_before_header":"","ocean_shortcode_after_header":"","ocean_has_shortcode":"","ocean_shortcode_after_title":"","ocean_shortcode_before_footer_widgets":"","ocean_shortcode_after_footer_widgets":"","ocean_shortcode_before_footer_bottom":"","ocean_shortcode_after_footer_bottom":"","ocean_display_top_bar":"default","ocean_display_header":"default","ocean_header_style":"","ocean_center_header_left_menu":"0","ocean_custom_header_template":"0","ocean_custom_logo":0,"ocean_custom_retina_logo":0,"ocean_custom_logo_max_width":0,"ocean_custom_logo_tablet_max_width":0,"ocean_custom_logo_mobile_max_width":0,"ocean_custom_logo_max_height":0,"ocean_custom_logo_tablet_max_height":0,"ocean_custom_logo_mobile_max_height":0,"ocean_header_custom_menu":"0","ocean_menu_typo_font_family":"0","ocean_menu_typo_font_subset":"","ocean_menu_typo_font_size":0,"ocean_menu_typo_font_size_tablet":0,"ocean_menu_typo_font_size_mobile":0,"ocean_menu_typo_font_size_unit":"px","ocean_menu_typo_font_weight":"","ocean_menu_typo_font_weight_tablet":"","ocean_menu_typo_font_weight_mobile":"","ocean_menu_typo_transform":"","ocean_menu_typo_transform_tablet":"","ocean_menu_typo_transform_mobile":"","ocean_menu_typo_line_height":0,"ocean_menu_typo_line_height_tablet":0,"ocean_menu_typo_line_height_mobile":0,"ocean_menu_typo_line_height_unit":"","ocean_menu_typo_spacing":0,"ocean_menu_typo_spacing_tablet":0,"ocean_menu_typo_spacing_mobile":0,"ocean_menu_typo_spacing_unit":"","ocean_menu_link_color":"","ocean_menu_link_color_hover":"","ocean_menu_link_color_active":"","ocean_menu_link_background":"","ocean_menu_link_hover_background":"","ocean_menu_link_active_background":"","ocean_menu_social_links_bg":"","ocean_menu_social_hover_links_bg":"","ocean_menu_social_links_color":"","ocean_menu_social_hover_links_color":"","ocean_disable_title":"default","ocean_disable_heading":"default","ocean_post_title":"","ocean_post_subheading":"","ocean_post_title_style":"","ocean_post_title_background_color":"","ocean_post_title_background":0,"ocean_post_title_bg_image_position":"","ocean_post_title_bg_image_attachment":"","ocean_post_title_bg_image_repeat":"","ocean_post_title_bg_image_size":"","ocean_post_title_height":0,"ocean_post_title_bg_overlay":0.5,"ocean_post_title_bg_overlay_color":"","ocean_disable_breadcrumbs":"default","ocean_breadcrumbs_color":"","ocean_breadcrumbs_separator_color":"","ocean_breadcrumbs_links_color":"","ocean_breadcrumbs_links_hover_color":"","ocean_display_footer_widgets":"default","ocean_display_footer_bottom":"default","ocean_custom_footer_template":"0","osh_disable_topbar_sticky":"default","osh_disable_header_sticky":"default","osh_sticky_header_style":"default","osh_sticky_header_effect":"","osh_custom_sticky_logo":0,"osh_custom_retina_sticky_logo":0,"osh_custom_sticky_logo_height":0,"osh_background_color":"","osh_links_color":"","osh_links_hover_color":"","osh_links_active_color":"","osh_links_bg_color":"","osh_links_hover_bg_color":"","osh_links_active_bg_color":"","osh_menu_social_links_color":"","osh_menu_social_hover_links_color":""},"product_brand":[],"product_cat":[47],"product_tag":[60,62,63],"class_list":{"0":"post-1358","1":"product","2":"type-product","3":"status-publish","4":"has-post-thumbnail","6":"product_cat-lubrication-metering-devices","7":"product_tag-distributor","8":"product_tag-lubrication-metering","9":"product_tag-metering-device","11":"entry","12":"has-media","14":"first","15":"instock","16":"shipping-taxable","17":"product-type-external","18":"col","19":"span_1_of_3","20":"owp-content-left","21":"owp-thumbs-layout-horizontal","22":"owp-btn-normal","23":"owp-tabs-layout-horizontal"},"_links":{"self":[{"href":"https:\/\/www.mesolube.com\/pt\/wp-json\/wp\/v2\/product\/1358","targetHints":{"allow":["GET"]}}],"collection":[{"href":"https:\/\/www.mesolube.com\/pt\/wp-json\/wp\/v2\/product"}],"about":[{"href":"https:\/\/www.mesolube.com\/pt\/wp-json\/wp\/v2\/types\/product"}],"wp:featuredmedia":[{"embeddable":true,"href":"https:\/\/www.mesolube.com\/pt\/wp-json\/wp\/v2\/media\/2025"}],"wp:attachment":[{"href":"https:\/\/www.mesolube.com\/pt\/wp-json\/wp\/v2\/media?parent=1358"}],"wp:term":[{"taxonomy":"product_brand","embeddable":true,"href":"https:\/\/www.mesolube.com\/pt\/wp-json\/wp\/v2\/product_brand?post=1358"},{"taxonomy":"product_cat","embeddable":true,"href":"https:\/\/www.mesolube.com\/pt\/wp-json\/wp\/v2\/product_cat?post=1358"},{"taxonomy":"product_tag","embeddable":true,"href":"https:\/\/www.mesolube.com\/pt\/wp-json\/wp\/v2\/product_tag?post=1358"}],"curies":[{"name":"wp","href":"https:\/\/api.w.org\/{rel}","templated":true}]}}