{"id":1517,"date":"2020-12-07T08:28:38","date_gmt":"2020-12-07T08:28:38","guid":{"rendered":"https:\/\/www.mesolube.com\/?post_type=product&#038;p=1517"},"modified":"2020-12-16T07:17:51","modified_gmt":"2020-12-16T07:17:51","slug":"d200-416161616-grease-pressurized-distributor","status":"publish","type":"product","link":"https:\/\/www.mesolube.com\/pt\/produto\/d200-416161616-grease-pressurized-distributor","title":{"rendered":"D200-416161616 Distribuidor pressurizado de graxa"},"content":{"rendered":"<p>1. A graxa enviada pela bomba entra no distribuidor, de modo que a v\u00e1lvula guarda-chuva no distribuidor come\u00e7a a empurrar para cima;<br \/>\n2. Ap\u00f3s a v\u00e1lvula guarda-chuva fechar o orif\u00edcio central da haste central, ela for\u00e7a o pist\u00e3o a superar a for\u00e7a da mola e come\u00e7ar a subir para descarregar a graxa armazenada na cavidade superior;<br \/>\n3. Quando o pist\u00e3o se move para o \u00e1pice da cavidade superior, a descarga da graxa \u00e9 conclu\u00edda ao mesmo tempo;<br \/>\n4. Quando a bomba para de fornecer graxa, sua v\u00e1lvula de al\u00edvio de press\u00e3o abre automaticamente, e a press\u00e3o na linha principal solicita que a v\u00e1lvula de al\u00edvio de press\u00e3o retorne a graxa. Neste momento, a press\u00e3o do sistema cai e o pist\u00e3o no distribuidor come\u00e7a a se recuperar sob a a\u00e7\u00e3o da mola. Quando a v\u00e1lvula guarda-chuva retorna para fechar a entrada do distribuidor, o pist\u00e3o pressiona a graxa armazenada na cavidade inferior para a cavidade superior atrav\u00e9s do pequeno orif\u00edcio da haste central, e o trabalho de armazenamento de graxa \u00e9 conclu\u00eddo.<\/p>","protected":false},"excerpt":{"rendered":"<p>Esta s\u00e9rie de dispositivos de medi\u00e7\u00e3o de lubrificantes pressurizados pode ser combinada com v\u00e1rias bombas de lubrifica\u00e7\u00e3o com v\u00e1lvulas de al\u00edvio de press\u00e3o para formar um sistema de lubrifica\u00e7\u00e3o de linha \u00fanica; a press\u00e3o do sistema deve atingir a press\u00e3o operacional dos distribuidores.<\/p>","protected":false},"featured_media":1522,"template":"","meta":{"ocean_post_layout":"","ocean_both_sidebars_style":"","ocean_both_sidebars_content_width":0,"ocean_both_sidebars_sidebars_width":0,"ocean_sidebar":"0","ocean_second_sidebar":"0","ocean_disable_margins":"enable","ocean_add_body_class":"","ocean_shortcode_before_top_bar":"","ocean_shortcode_after_top_bar":"","ocean_shortcode_before_header":"","ocean_shortcode_after_header":"","ocean_has_shortcode":"","ocean_shortcode_after_title":"","ocean_shortcode_before_footer_widgets":"","ocean_shortcode_after_footer_widgets":"","ocean_shortcode_before_footer_bottom":"","ocean_shortcode_after_footer_bottom":"","ocean_display_top_bar":"default","ocean_display_header":"default","ocean_header_style":"","ocean_center_header_left_menu":"0","ocean_custom_header_template":"0","ocean_custom_logo":0,"ocean_custom_retina_logo":0,"ocean_custom_logo_max_width":0,"ocean_custom_logo_tablet_max_width":0,"ocean_custom_logo_mobile_max_width":0,"ocean_custom_logo_max_height":0,"ocean_custom_logo_tablet_max_height":0,"ocean_custom_logo_mobile_max_height":0,"ocean_header_custom_menu":"0","ocean_menu_typo_font_family":"0","ocean_menu_typo_font_subset":"","ocean_menu_typo_font_size":0,"ocean_menu_typo_font_size_tablet":0,"ocean_menu_typo_font_size_mobile":0,"ocean_menu_typo_font_size_unit":"px","ocean_menu_typo_font_weight":"","ocean_menu_typo_font_weight_tablet":"","ocean_menu_typo_font_weight_mobile":"","ocean_menu_typo_transform":"","ocean_menu_typo_transform_tablet":"","ocean_menu_typo_transform_mobile":"","ocean_menu_typo_line_height":0,"ocean_menu_typo_line_height_tablet":0,"ocean_menu_typo_line_height_mobile":0,"ocean_menu_typo_line_height_unit":"","ocean_menu_typo_spacing":0,"ocean_menu_typo_spacing_tablet":0,"ocean_menu_typo_spacing_mobile":0,"ocean_menu_typo_spacing_unit":"","ocean_menu_link_color":"","ocean_menu_link_color_hover":"","ocean_menu_link_color_active":"","ocean_menu_link_background":"","ocean_menu_link_hover_background":"","ocean_menu_link_active_background":"","ocean_menu_social_links_bg":"","ocean_menu_social_hover_links_bg":"","ocean_menu_social_links_color":"","ocean_menu_social_hover_links_color":"","ocean_disable_title":"default","ocean_disable_heading":"default","ocean_post_title":"","ocean_post_subheading":"","ocean_post_title_style":"","ocean_post_title_background_color":"","ocean_post_title_background":0,"ocean_post_title_bg_image_position":"","ocean_post_title_bg_image_attachment":"","ocean_post_title_bg_image_repeat":"","ocean_post_title_bg_image_size":"","ocean_post_title_height":0,"ocean_post_title_bg_overlay":0.5,"ocean_post_title_bg_overlay_color":"","ocean_disable_breadcrumbs":"default","ocean_breadcrumbs_color":"","ocean_breadcrumbs_separator_color":"","ocean_breadcrumbs_links_color":"","ocean_breadcrumbs_links_hover_color":"","ocean_display_footer_widgets":"default","ocean_display_footer_bottom":"default","ocean_custom_footer_template":"0","osh_disable_topbar_sticky":"default","osh_disable_header_sticky":"default","osh_sticky_header_style":"default","osh_sticky_header_effect":"","osh_custom_sticky_logo":0,"osh_custom_retina_sticky_logo":0,"osh_custom_sticky_logo_height":0,"osh_background_color":"","osh_links_color":"","osh_links_hover_color":"","osh_links_active_color":"","osh_links_bg_color":"","osh_links_hover_bg_color":"","osh_links_active_bg_color":"","osh_menu_social_links_color":"","osh_menu_social_hover_links_color":""},"product_brand":[],"product_cat":[47],"product_tag":[67,66,63],"class_list":{"0":"post-1517","1":"product","2":"type-product","3":"status-publish","4":"has-post-thumbnail","6":"product_cat-lubrication-metering-devices","7":"product_tag-grease-distributor","8":"product_tag-lubricant-distributor","9":"product_tag-metering-device","11":"entry","12":"has-media","14":"first","15":"instock","16":"shipping-taxable","17":"product-type-external","18":"col","19":"span_1_of_3","20":"owp-content-left","21":"owp-thumbs-layout-horizontal","22":"owp-btn-normal","23":"owp-tabs-layout-horizontal"},"_links":{"self":[{"href":"https:\/\/www.mesolube.com\/pt\/wp-json\/wp\/v2\/product\/1517","targetHints":{"allow":["GET"]}}],"collection":[{"href":"https:\/\/www.mesolube.com\/pt\/wp-json\/wp\/v2\/product"}],"about":[{"href":"https:\/\/www.mesolube.com\/pt\/wp-json\/wp\/v2\/types\/product"}],"wp:featuredmedia":[{"embeddable":true,"href":"https:\/\/www.mesolube.com\/pt\/wp-json\/wp\/v2\/media\/1522"}],"wp:attachment":[{"href":"https:\/\/www.mesolube.com\/pt\/wp-json\/wp\/v2\/media?parent=1517"}],"wp:term":[{"taxonomy":"product_brand","embeddable":true,"href":"https:\/\/www.mesolube.com\/pt\/wp-json\/wp\/v2\/product_brand?post=1517"},{"taxonomy":"product_cat","embeddable":true,"href":"https:\/\/www.mesolube.com\/pt\/wp-json\/wp\/v2\/product_cat?post=1517"},{"taxonomy":"product_tag","embeddable":true,"href":"https:\/\/www.mesolube.com\/pt\/wp-json\/wp\/v2\/product_tag?post=1517"}],"curies":[{"name":"wp","href":"https:\/\/api.w.org\/{rel}","templated":true}]}}