{"id":1574,"date":"2020-12-08T01:38:49","date_gmt":"2020-12-08T01:38:49","guid":{"rendered":"https:\/\/www.mesolube.com\/?post_type=product&#038;p=1574"},"modified":"2020-12-16T07:19:30","modified_gmt":"2020-12-16T07:19:30","slug":"p100-152400-electric-lubrication-grease-pump","status":"publish","type":"product","link":"https:\/\/www.mesolube.com\/pt\/produto\/p100-152400-electric-lubrication-grease-pump","title":{"rendered":"Bomba de graxa de lubrifica\u00e7\u00e3o el\u00e9trica P100-152400"},"content":{"rendered":"<p>Caracter\u00edsticas da s\u00e9rie<br \/>\n1. Duas vers\u00f5es com reservat\u00f3rio ou cartucho<br \/>\n2. At\u00e9 2 sa\u00eddas de lubrificante<br \/>\n3. Com fun\u00e7\u00e3o de monitoramento de n\u00edvel de l\u00edquido<br \/>\n4. Voltagem 12\/24 VCC, 110\/220 VCA<br \/>\n5. Press\u00e3o m\u00e1xima de opera\u00e7\u00e3o 8MPa<br \/>\n6. Controlado por CLP externo ou com controlador<br \/>\n7. Seis furos de montagem opcionais oferecem uma variedade de possibilidades de instala\u00e7\u00e3o<br \/>\n8. Bot\u00e3o de lubrifica\u00e7\u00e3o manual para facilitar a inicializa\u00e7\u00e3o ou exaust\u00e3o do sistema<br \/>\n9. Parafuso de ventila\u00e7\u00e3o para ventila\u00e7\u00e3o simples durante a inicializa\u00e7\u00e3o do sistema ou ap\u00f3s a troca do cartucho<br \/>\n10. Uso interno<\/p>\n<p>Caracter\u00edsticas do sistema progressivo<br \/>\nO comprimento m\u00e1ximo da tubula\u00e7\u00e3o de lubrifica\u00e7\u00e3o do sistema progressivo pode atingir 14 metros<br \/>\nQuando o sistema falha e o distribuidor \u00e9 bloqueado, o sistema emite um alarme.<br \/>\nO lubrificante pode ser distribu\u00eddo para cada ponto de lubrifica\u00e7\u00e3o em uma propor\u00e7\u00e3o pr\u00e9-determinada<br \/>\nCom fun\u00e7\u00e3o de monitoramento visual ou el\u00e9trico<br \/>\nSe o sistema estiver bloqueado, \u00e9 poss\u00edvel verificar pela v\u00e1lvula de seguran\u00e7a que h\u00e1 transbordamento de graxa.<\/p>","protected":false},"excerpt":{"rendered":"<p>A bomba pode ser conectada a um distribuidor pressurizado para formar um sistema de linha \u00fanica e a um distribuidor progressivo para formar um sistema progressivo. A linha principal do sistema pode ter at\u00e9 15 metros de comprimento e pode lubrificar at\u00e9 100 pontos.<\/p>","protected":false},"featured_media":1334,"template":"","meta":{"ocean_post_layout":"","ocean_both_sidebars_style":"","ocean_both_sidebars_content_width":0,"ocean_both_sidebars_sidebars_width":0,"ocean_sidebar":"0","ocean_second_sidebar":"0","ocean_disable_margins":"enable","ocean_add_body_class":"","ocean_shortcode_before_top_bar":"","ocean_shortcode_after_top_bar":"","ocean_shortcode_before_header":"","ocean_shortcode_after_header":"","ocean_has_shortcode":"","ocean_shortcode_after_title":"","ocean_shortcode_before_footer_widgets":"","ocean_shortcode_after_footer_widgets":"","ocean_shortcode_before_footer_bottom":"","ocean_shortcode_after_footer_bottom":"","ocean_display_top_bar":"default","ocean_display_header":"default","ocean_header_style":"","ocean_center_header_left_menu":"0","ocean_custom_header_template":"0","ocean_custom_logo":0,"ocean_custom_retina_logo":0,"ocean_custom_logo_max_width":0,"ocean_custom_logo_tablet_max_width":0,"ocean_custom_logo_mobile_max_width":0,"ocean_custom_logo_max_height":0,"ocean_custom_logo_tablet_max_height":0,"ocean_custom_logo_mobile_max_height":0,"ocean_header_custom_menu":"0","ocean_menu_typo_font_family":"0","ocean_menu_typo_font_subset":"","ocean_menu_typo_font_size":0,"ocean_menu_typo_font_size_tablet":0,"ocean_menu_typo_font_size_mobile":0,"ocean_menu_typo_font_size_unit":"px","ocean_menu_typo_font_weight":"","ocean_menu_typo_font_weight_tablet":"","ocean_menu_typo_font_weight_mobile":"","ocean_menu_typo_transform":"","ocean_menu_typo_transform_tablet":"","ocean_menu_typo_transform_mobile":"","ocean_menu_typo_line_height":0,"ocean_menu_typo_line_height_tablet":0,"ocean_menu_typo_line_height_mobile":0,"ocean_menu_typo_line_height_unit":"","ocean_menu_typo_spacing":0,"ocean_menu_typo_spacing_tablet":0,"ocean_menu_typo_spacing_mobile":0,"ocean_menu_typo_spacing_unit":"","ocean_menu_link_color":"","ocean_menu_link_color_hover":"","ocean_menu_link_color_active":"","ocean_menu_link_background":"","ocean_menu_link_hover_background":"","ocean_menu_link_active_background":"","ocean_menu_social_links_bg":"","ocean_menu_social_hover_links_bg":"","ocean_menu_social_links_color":"","ocean_menu_social_hover_links_color":"","ocean_disable_title":"default","ocean_disable_heading":"default","ocean_post_title":"","ocean_post_subheading":"","ocean_post_title_style":"","ocean_post_title_background_color":"","ocean_post_title_background":0,"ocean_post_title_bg_image_position":"","ocean_post_title_bg_image_attachment":"","ocean_post_title_bg_image_repeat":"","ocean_post_title_bg_image_size":"","ocean_post_title_height":0,"ocean_post_title_bg_overlay":0.5,"ocean_post_title_bg_overlay_color":"","ocean_disable_breadcrumbs":"default","ocean_breadcrumbs_color":"","ocean_breadcrumbs_separator_color":"","ocean_breadcrumbs_links_color":"","ocean_breadcrumbs_links_hover_color":"","ocean_display_footer_widgets":"default","ocean_display_footer_bottom":"default","ocean_custom_footer_template":"0","osh_disable_topbar_sticky":"default","osh_disable_header_sticky":"default","osh_sticky_header_style":"default","osh_sticky_header_effect":"","osh_custom_sticky_logo":0,"osh_custom_retina_sticky_logo":0,"osh_custom_sticky_logo_height":0,"osh_background_color":"","osh_links_color":"","osh_links_hover_color":"","osh_links_active_color":"","osh_links_bg_color":"","osh_links_hover_bg_color":"","osh_links_active_bg_color":"","osh_menu_social_links_color":"","osh_menu_social_hover_links_color":""},"product_brand":[],"product_cat":[42],"product_tag":[58,72,57],"class_list":{"0":"post-1574","1":"product","2":"type-product","3":"status-publish","4":"has-post-thumbnail","6":"product_cat-electric-grease-pumps","7":"product_tag-lubricant-pump","8":"product_tag-progressive-pump","9":"product_tag-reservoir-version","11":"entry","12":"has-media","14":"first","15":"instock","16":"shipping-taxable","17":"product-type-external","18":"col","19":"span_1_of_3","20":"owp-content-left","21":"owp-thumbs-layout-horizontal","22":"owp-btn-normal","23":"owp-tabs-layout-horizontal"},"_links":{"self":[{"href":"https:\/\/www.mesolube.com\/pt\/wp-json\/wp\/v2\/product\/1574","targetHints":{"allow":["GET"]}}],"collection":[{"href":"https:\/\/www.mesolube.com\/pt\/wp-json\/wp\/v2\/product"}],"about":[{"href":"https:\/\/www.mesolube.com\/pt\/wp-json\/wp\/v2\/types\/product"}],"wp:featuredmedia":[{"embeddable":true,"href":"https:\/\/www.mesolube.com\/pt\/wp-json\/wp\/v2\/media\/1334"}],"wp:attachment":[{"href":"https:\/\/www.mesolube.com\/pt\/wp-json\/wp\/v2\/media?parent=1574"}],"wp:term":[{"taxonomy":"product_brand","embeddable":true,"href":"https:\/\/www.mesolube.com\/pt\/wp-json\/wp\/v2\/product_brand?post=1574"},{"taxonomy":"product_cat","embeddable":true,"href":"https:\/\/www.mesolube.com\/pt\/wp-json\/wp\/v2\/product_cat?post=1574"},{"taxonomy":"product_tag","embeddable":true,"href":"https:\/\/www.mesolube.com\/pt\/wp-json\/wp\/v2\/product_tag?post=1574"}],"curies":[{"name":"wp","href":"https:\/\/api.w.org\/{rel}","templated":true}]}}