{"id":2431,"date":"2022-03-30T07:18:12","date_gmt":"2022-03-30T07:18:12","guid":{"rendered":"https:\/\/www.mesolube.com\/?post_type=product&#038;p=2431"},"modified":"2022-08-06T03:13:49","modified_gmt":"2022-08-06T03:13:49","slug":"mql-3021-2l-minimum-quantity-lubrication-system-2","status":"publish","type":"product","link":"https:\/\/www.mesolube.com\/pt\/produto\/mql-3021-2l-minimum-quantity-lubrication-system-2","title":{"rendered":"MQL-3021 -1L Sistema de Lubrifica\u00e7\u00e3o de Quantidade M\u00ednima"},"content":{"rendered":"<p>Introdu\u00e7\u00e3o ao sistema<\/p>\n<p>O sistema de lubrifica\u00e7\u00e3o de quantidade m\u00ednima usa uma bomba de deslocamento positivo para dar um spray cont\u00ednuo de fluido a uma taxa precisa. O sistema oferece flexibilidade, mantendo a simplicidade e pode ser operado usando apenas ar comprimido<\/p>\n<p>O MQL fornece lubrifica\u00e7\u00e3o simples e precisa. Dois tipos de bombas est\u00e3o dispon\u00edveis: bombas atomizadoras que fornecem uma mistura de ar e \u00f3leo e bombas somente de \u00f3leo. Essas bombas de deslocamento positivo ajust\u00e1veis s\u00e3o comprovadas com um hist\u00f3rico de consist\u00eancia e confiabilidade. Seu design modular permite que v\u00e1rias bombas sejam empilhadas juntas quando mais de uma sa\u00edda \u00e9 necess\u00e1ria, para que cada sistema possa ser adaptado especificamente para a aplica\u00e7\u00e3o. Cada pilha de bombas inclui um ajuste de curso para a sa\u00edda da bomba e um gerador de pulso para controlar a taxa de ciclo da bomba.<\/p>\n<p>As bombas atomizadoras tamb\u00e9m t\u00eam um parafuso de medi\u00e7\u00e3o de ar para regular o fluxo de ar de sa\u00edda. A combina\u00e7\u00e3o desses ajustes fornece controle completo da sa\u00edda de pulveriza\u00e7\u00e3o. Nossas bombas atomizadoras s\u00e3o constru\u00eddas para fornecer anos de servi\u00e7o em ambientes industriais dif\u00edceis, e cada sistema \u00e9 completamente testado antes de chegar ao mercado.<\/p>","protected":false},"excerpt":{"rendered":"<p>O sistema de lubrifica\u00e7\u00e3o de quantidade m\u00ednima usa uma bomba de deslocamento positivo para dar um spray cont\u00ednuo de fluido a uma taxa precisa. O sistema oferece flexibilidade, mantendo a simplicidade e pode ser operado usando apenas ar comprimido.<\/p>","protected":false},"featured_media":2432,"template":"","meta":{"ocean_post_layout":"","ocean_both_sidebars_style":"","ocean_both_sidebars_content_width":0,"ocean_both_sidebars_sidebars_width":0,"ocean_sidebar":"0","ocean_second_sidebar":"0","ocean_disable_margins":"enable","ocean_add_body_class":"","ocean_shortcode_before_top_bar":"","ocean_shortcode_after_top_bar":"","ocean_shortcode_before_header":"","ocean_shortcode_after_header":"","ocean_has_shortcode":"","ocean_shortcode_after_title":"","ocean_shortcode_before_footer_widgets":"","ocean_shortcode_after_footer_widgets":"","ocean_shortcode_before_footer_bottom":"","ocean_shortcode_after_footer_bottom":"","ocean_display_top_bar":"default","ocean_display_header":"default","ocean_header_style":"","ocean_center_header_left_menu":"0","ocean_custom_header_template":"0","ocean_custom_logo":0,"ocean_custom_retina_logo":0,"ocean_custom_logo_max_width":0,"ocean_custom_logo_tablet_max_width":0,"ocean_custom_logo_mobile_max_width":0,"ocean_custom_logo_max_height":0,"ocean_custom_logo_tablet_max_height":0,"ocean_custom_logo_mobile_max_height":0,"ocean_header_custom_menu":"0","ocean_menu_typo_font_family":"0","ocean_menu_typo_font_subset":"","ocean_menu_typo_font_size":0,"ocean_menu_typo_font_size_tablet":0,"ocean_menu_typo_font_size_mobile":0,"ocean_menu_typo_font_size_unit":"px","ocean_menu_typo_font_weight":"","ocean_menu_typo_font_weight_tablet":"","ocean_menu_typo_font_weight_mobile":"","ocean_menu_typo_transform":"","ocean_menu_typo_transform_tablet":"","ocean_menu_typo_transform_mobile":"","ocean_menu_typo_line_height":0,"ocean_menu_typo_line_height_tablet":0,"ocean_menu_typo_line_height_mobile":0,"ocean_menu_typo_line_height_unit":"","ocean_menu_typo_spacing":0,"ocean_menu_typo_spacing_tablet":0,"ocean_menu_typo_spacing_mobile":0,"ocean_menu_typo_spacing_unit":"","ocean_menu_link_color":"","ocean_menu_link_color_hover":"","ocean_menu_link_color_active":"","ocean_menu_link_background":"","ocean_menu_link_hover_background":"","ocean_menu_link_active_background":"","ocean_menu_social_links_bg":"","ocean_menu_social_hover_links_bg":"","ocean_menu_social_links_color":"","ocean_menu_social_hover_links_color":"","ocean_disable_title":"default","ocean_disable_heading":"default","ocean_post_title":"","ocean_post_subheading":"","ocean_post_title_style":"","ocean_post_title_background_color":"","ocean_post_title_background":0,"ocean_post_title_bg_image_position":"","ocean_post_title_bg_image_attachment":"","ocean_post_title_bg_image_repeat":"","ocean_post_title_bg_image_size":"","ocean_post_title_height":0,"ocean_post_title_bg_overlay":0.5,"ocean_post_title_bg_overlay_color":"","ocean_disable_breadcrumbs":"default","ocean_breadcrumbs_color":"","ocean_breadcrumbs_separator_color":"","ocean_breadcrumbs_links_color":"","ocean_breadcrumbs_links_hover_color":"","ocean_display_footer_widgets":"default","ocean_display_footer_bottom":"default","ocean_custom_footer_template":"0","osh_disable_topbar_sticky":"default","osh_disable_header_sticky":"default","osh_sticky_header_style":"default","osh_sticky_header_effect":"","osh_custom_sticky_logo":0,"osh_custom_retina_sticky_logo":0,"osh_custom_sticky_logo_height":0,"osh_background_color":"","osh_links_color":"","osh_links_hover_color":"","osh_links_active_color":"","osh_links_bg_color":"","osh_links_hover_bg_color":"","osh_links_active_bg_color":"","osh_menu_social_links_color":"","osh_menu_social_hover_links_color":""},"product_brand":[],"product_cat":[46],"product_tag":[106,105,101,79,102],"class_list":{"0":"post-2431","1":"product","2":"type-product","3":"status-publish","4":"has-post-thumbnail","6":"product_cat-minimal-quantity-lubrication-pumps","7":"product_tag-automatic-control-of-air-and-oil-lubrication-system","8":"product_tag-bearing-air-and-oil-central-lubrication-system","9":"product_tag-minimal-quantity-lubrication-system","10":"product_tag-mql","11":"product_tag-pneumatic-lubrication-pump","13":"entry","14":"has-media","16":"first","17":"instock","18":"shipping-taxable","19":"product-type-external","20":"col","21":"span_1_of_3","22":"owp-content-left","23":"owp-thumbs-layout-horizontal","24":"owp-btn-normal","25":"owp-tabs-layout-horizontal"},"_links":{"self":[{"href":"https:\/\/www.mesolube.com\/pt\/wp-json\/wp\/v2\/product\/2431","targetHints":{"allow":["GET"]}}],"collection":[{"href":"https:\/\/www.mesolube.com\/pt\/wp-json\/wp\/v2\/product"}],"about":[{"href":"https:\/\/www.mesolube.com\/pt\/wp-json\/wp\/v2\/types\/product"}],"wp:featuredmedia":[{"embeddable":true,"href":"https:\/\/www.mesolube.com\/pt\/wp-json\/wp\/v2\/media\/2432"}],"wp:attachment":[{"href":"https:\/\/www.mesolube.com\/pt\/wp-json\/wp\/v2\/media?parent=2431"}],"wp:term":[{"taxonomy":"product_brand","embeddable":true,"href":"https:\/\/www.mesolube.com\/pt\/wp-json\/wp\/v2\/product_brand?post=2431"},{"taxonomy":"product_cat","embeddable":true,"href":"https:\/\/www.mesolube.com\/pt\/wp-json\/wp\/v2\/product_cat?post=2431"},{"taxonomy":"product_tag","embeddable":true,"href":"https:\/\/www.mesolube.com\/pt\/wp-json\/wp\/v2\/product_tag?post=2431"}],"curies":[{"name":"wp","href":"https:\/\/api.w.org\/{rel}","templated":true}]}}