{"id":3678,"date":"2025-12-25T05:53:59","date_gmt":"2025-12-24T21:53:59","guid":{"rendered":"https:\/\/www.mesolube.com\/?post_type=product&#038;p=3678"},"modified":"2025-12-25T16:02:00","modified_gmt":"2025-12-25T08:02:00","slug":"p300-8l-auto-grease-lubrication-pump-with-controller-in-excavator-industury","status":"publish","type":"product","link":"https:\/\/www.mesolube.com\/pt\/produto\/p300-8l-auto-grease-lubrication-pump-with-controller-in-excavator-industury","title":{"rendered":"Bomba de lubrifica\u00e7\u00e3o com graxa autom\u00e1tica P300-8L com controlador na ind\u00fastria de escavadeiras"},"content":{"rendered":"<p class=\"responsive-video-wrap clr\"><iframe title=\"bomba de lubrifica\u00e7\u00e3o mesolube para bomba de graxa el\u00e9trica 2L\" width=\"1200\" height=\"675\" src=\"https:\/\/www.youtube.com\/embed\/Q2adyU_t-i0?feature=oembed\" frameborder=\"0\" allow=\"accelerometer; autoplay; clipboard-write; encrypted-media; gyroscope; picture-in-picture; web-share\" referrerpolicy=\"strict-origin-when-cross-origin\" allowfullscreen><\/iframe><\/p>\n<p>Para sistemas de lubrifica\u00e7\u00e3o progressivos<br \/>\nA bomba de lubrifica\u00e7\u00e3o P300 \u00e9 vers\u00e1til, compacta e econ\u00f4mica. Dependendo do comprimento da tubula\u00e7\u00e3o, podem ser fornecidos at\u00e9 150 pontos de lubrifica\u00e7\u00e3o. \u00c9 composto por uma carca\u00e7a com motor integrado, um tanque de armazenamento de l\u00edquido com l\u00e2mina agitadora, um elemento bomba com v\u00e1lvula redutora de press\u00e3o, um bico de inje\u00e7\u00e3o de \u00f3leo e pe\u00e7as de conex\u00e3o el\u00e9trica. Esta poderosa bomba pode acionar at\u00e9 tr\u00eas elementos de bomba e pode ser equipada com uma bomba el\u00e9trica de lubrifica\u00e7\u00e3o com graxa de controle de baixo n\u00edvel usada em equipamentos de escavadeira.<strong>Bombas de lubrifica\u00e7\u00e3o<\/strong>\u00a0alimente o lubrificante do reservat\u00f3rio de lubrificante para o sistema de tubula\u00e7\u00e3o do sistema centralizado autom\u00e1tico\u00a0<strong>Sistema de lubrifica\u00e7\u00e3o<\/strong>. A press\u00e3o manom\u00e9trica deve ser alta o suficiente para compensar quedas de press\u00e3o na tubula\u00e7\u00e3o, nos componentes (filtros, v\u00e1lvulas, distribuidores) e nos pontos de atrito.<\/p>","protected":false},"excerpt":{"rendered":"<p><strong>Tipos de sistemas de lubrifica\u00e7\u00e3o<\/strong>:<\/p>\n<ul>\n<li style=\"list-style-type: none;\">\n<ul>\n<li><strong>Sistema de lubrifica\u00e7\u00e3o progressiva autom\u00e1tica<\/strong>: Este sistema fornece lubrificante gradualmente a v\u00e1rios pontos da escavadeira. Utiliza blocos divisores progressivos para distribuir graxa ou \u00f3leo. Esses sistemas s\u00e3o confi\u00e1veis e adequados para m\u00e1quinas pesadas como escavadeiras.<\/li>\n<li><strong>Sistema de lubrifica\u00e7\u00e3o autom\u00e1tica centralizada<\/strong>: Um sistema centralizado fornece lubrificante a v\u00e1rios pontos simultaneamente. Garante uma lubrifica\u00e7\u00e3o consistente e reduz o esfor\u00e7o manual.<\/li>\n<\/ul>\n<\/li>\n<\/ul>","protected":false},"featured_media":3358,"template":"","meta":{"ocean_post_layout":"","ocean_both_sidebars_style":"","ocean_both_sidebars_content_width":0,"ocean_both_sidebars_sidebars_width":0,"ocean_sidebar":"0","ocean_second_sidebar":"0","ocean_disable_margins":"enable","ocean_add_body_class":"","ocean_shortcode_before_top_bar":"","ocean_shortcode_after_top_bar":"","ocean_shortcode_before_header":"","ocean_shortcode_after_header":"","ocean_has_shortcode":"","ocean_shortcode_after_title":"","ocean_shortcode_before_footer_widgets":"","ocean_shortcode_after_footer_widgets":"","ocean_shortcode_before_footer_bottom":"","ocean_shortcode_after_footer_bottom":"","ocean_display_top_bar":"default","ocean_display_header":"default","ocean_header_style":"","ocean_center_header_left_menu":"0","ocean_custom_header_template":"0","ocean_custom_logo":0,"ocean_custom_retina_logo":0,"ocean_custom_logo_max_width":0,"ocean_custom_logo_tablet_max_width":0,"ocean_custom_logo_mobile_max_width":0,"ocean_custom_logo_max_height":0,"ocean_custom_logo_tablet_max_height":0,"ocean_custom_logo_mobile_max_height":0,"ocean_header_custom_menu":"0","ocean_menu_typo_font_family":"0","ocean_menu_typo_font_subset":"","ocean_menu_typo_font_size":0,"ocean_menu_typo_font_size_tablet":0,"ocean_menu_typo_font_size_mobile":0,"ocean_menu_typo_font_size_unit":"px","ocean_menu_typo_font_weight":"","ocean_menu_typo_font_weight_tablet":"","ocean_menu_typo_font_weight_mobile":"","ocean_menu_typo_transform":"","ocean_menu_typo_transform_tablet":"","ocean_menu_typo_transform_mobile":"","ocean_menu_typo_line_height":0,"ocean_menu_typo_line_height_tablet":0,"ocean_menu_typo_line_height_mobile":0,"ocean_menu_typo_line_height_unit":"","ocean_menu_typo_spacing":0,"ocean_menu_typo_spacing_tablet":0,"ocean_menu_typo_spacing_mobile":0,"ocean_menu_typo_spacing_unit":"","ocean_menu_link_color":"","ocean_menu_link_color_hover":"","ocean_menu_link_color_active":"","ocean_menu_link_background":"","ocean_menu_link_hover_background":"","ocean_menu_link_active_background":"","ocean_menu_social_links_bg":"","ocean_menu_social_hover_links_bg":"","ocean_menu_social_links_color":"","ocean_menu_social_hover_links_color":"","ocean_disable_title":"default","ocean_disable_heading":"default","ocean_post_title":"","ocean_post_subheading":"","ocean_post_title_style":"","ocean_post_title_background_color":"","ocean_post_title_background":0,"ocean_post_title_bg_image_position":"","ocean_post_title_bg_image_attachment":"","ocean_post_title_bg_image_repeat":"","ocean_post_title_bg_image_size":"","ocean_post_title_height":0,"ocean_post_title_bg_overlay":0.5,"ocean_post_title_bg_overlay_color":"","ocean_disable_breadcrumbs":"default","ocean_breadcrumbs_color":"","ocean_breadcrumbs_separator_color":"","ocean_breadcrumbs_links_color":"","ocean_breadcrumbs_links_hover_color":"","ocean_display_footer_widgets":"default","ocean_display_footer_bottom":"default","ocean_custom_footer_template":"0","osh_disable_topbar_sticky":"default","osh_disable_header_sticky":"default","osh_sticky_header_style":"default","osh_sticky_header_effect":"","osh_custom_sticky_logo":0,"osh_custom_retina_sticky_logo":0,"osh_custom_sticky_logo_height":0,"osh_background_color":"","osh_links_color":"","osh_links_hover_color":"","osh_links_active_color":"","osh_links_bg_color":"","osh_links_hover_bg_color":"","osh_links_active_bg_color":"","osh_menu_social_links_color":"","osh_menu_social_hover_links_color":""},"product_brand":[],"product_cat":[42],"product_tag":[138,50,52,140,139],"class_list":{"0":"post-3678","1":"product","2":"type-product","3":"status-publish","4":"has-post-thumbnail","6":"product_cat-electric-grease-pumps","7":"product_tag-centralized-lubrication-pump","8":"product_tag-electric-pump","9":"product_tag-lubrication-pump","10":"product_tag-lubrication-pumps","11":"product_tag-p203-grease-pump","13":"entry","14":"has-media","16":"first","17":"instock","18":"featured","19":"shipping-taxable","20":"product-type-external","21":"col","22":"span_1_of_3","23":"owp-content-left","24":"owp-thumbs-layout-horizontal","25":"owp-btn-normal","26":"owp-tabs-layout-horizontal"},"_links":{"self":[{"href":"https:\/\/www.mesolube.com\/pt\/wp-json\/wp\/v2\/product\/3678","targetHints":{"allow":["GET"]}}],"collection":[{"href":"https:\/\/www.mesolube.com\/pt\/wp-json\/wp\/v2\/product"}],"about":[{"href":"https:\/\/www.mesolube.com\/pt\/wp-json\/wp\/v2\/types\/product"}],"wp:featuredmedia":[{"embeddable":true,"href":"https:\/\/www.mesolube.com\/pt\/wp-json\/wp\/v2\/media\/3358"}],"wp:attachment":[{"href":"https:\/\/www.mesolube.com\/pt\/wp-json\/wp\/v2\/media?parent=3678"}],"wp:term":[{"taxonomy":"product_brand","embeddable":true,"href":"https:\/\/www.mesolube.com\/pt\/wp-json\/wp\/v2\/product_brand?post=3678"},{"taxonomy":"product_cat","embeddable":true,"href":"https:\/\/www.mesolube.com\/pt\/wp-json\/wp\/v2\/product_cat?post=3678"},{"taxonomy":"product_tag","embeddable":true,"href":"https:\/\/www.mesolube.com\/pt\/wp-json\/wp\/v2\/product_tag?post=3678"}],"curies":[{"name":"wp","href":"https:\/\/api.w.org\/{rel}","templated":true}]}}