{"id":3995,"date":"2024-09-15T01:56:40","date_gmt":"2024-09-15T01:56:40","guid":{"rendered":"https:\/\/www.mesolube.com\/?post_type=product&#038;p=3995"},"modified":"2024-10-18T09:28:07","modified_gmt":"2024-10-18T09:28:07","slug":"p200-0-4l-electric-lubricaton-pump-for-cnc-machine","status":"publish","type":"product","link":"https:\/\/www.mesolube.com\/pt\/produto\/p200-0-4l-electric-lubricaton-pump-for-cnc-machine","title":{"rendered":"Bomba de lubrifica\u00e7\u00e3o el\u00e9trica P200-0.4L para m\u00e1quina CNC"},"content":{"rendered":"<p>Vantagens<br \/>\nEsta bomba de lubrifica\u00e7\u00e3o \u00e9 usada em conjunto com dispositivos de medi\u00e7\u00e3o de lubrifica\u00e7\u00e3o. O deslocamento preciso pode fazer com que cada ponto do equipamento lubrificado fique totalmente lubrificado. A bomba \u00e9 pequena em tamanho e leve em peso. Ela usa um cartucho de lubrificante, que \u00e9 f\u00e1cil de instalar e amplamente utilizado.<\/p>\n<p>Reabastecimento<br \/>\nCertifique-se de que a graxa foi completamente consumida antes de trocar o cartucho.<br \/>\nN\u00e3o ligue a energia sem o cartucho, caso contr\u00e1rio a bomba ir\u00e1 sugar ar ou corpos estranhos e causar sua falha.<br \/>\nAo substituir o cartucho, n\u00e3o limpe ao redor da entrada da bomba com um pano sujo. Isso far\u00e1 com que a bomba sugue mat\u00e9ria estranha e cause sua falha.<br \/>\nSomente o saco de \u00f3leo LHL padr\u00e3o \u00e9 suportado. Usar outra graxa pode causar falha no sistema e danificar pe\u00e7as importantes do equipamento.<br \/>\nN\u00e3o injete graxa em um cartucho vazio e reutilize-o, pois isso pode causar a ruptura do cartucho ou o mau funcionamento da bomba devido \u00e0 entrada de ar ou objetos estranhos.<\/p>\n<p>Formul\u00e1rios<br \/>\nM\u00e1quinas-ferramentas, automa\u00e7\u00e3o, m\u00e1quinas de impress\u00e3o, m\u00e1quinas on\/off-road, m\u00e1quinas de constru\u00e7\u00e3o e florestais, ind\u00fastria de cimento, alimentos e bebidas, aplica\u00e7\u00f5es ferrovi\u00e1rias, ind\u00fastria sider\u00fargica e muito mais.<\/p>","protected":false},"excerpt":{"rendered":"<p>As bombas de lubrifica\u00e7\u00e3o da s\u00e9rie P200 t\u00eam boa estabilidade e precis\u00e3o, tamanho pequeno e peso leve, que s\u00e3o muito adequadas para lubrifica\u00e7\u00e3o precisa de equipamentos. Elas podem ser combinadas com distribuidores para formar um sistema de lubrifica\u00e7\u00e3o progressiva.<\/p>","protected":false},"featured_media":4051,"template":"","meta":{"ocean_post_layout":"","ocean_both_sidebars_style":"","ocean_both_sidebars_content_width":0,"ocean_both_sidebars_sidebars_width":0,"ocean_sidebar":"0","ocean_second_sidebar":"0","ocean_disable_margins":"enable","ocean_add_body_class":"","ocean_shortcode_before_top_bar":"","ocean_shortcode_after_top_bar":"","ocean_shortcode_before_header":"","ocean_shortcode_after_header":"","ocean_has_shortcode":"","ocean_shortcode_after_title":"","ocean_shortcode_before_footer_widgets":"","ocean_shortcode_after_footer_widgets":"","ocean_shortcode_before_footer_bottom":"","ocean_shortcode_after_footer_bottom":"","ocean_display_top_bar":"default","ocean_display_header":"default","ocean_header_style":"","ocean_center_header_left_menu":"0","ocean_custom_header_template":"0","ocean_custom_logo":0,"ocean_custom_retina_logo":0,"ocean_custom_logo_max_width":0,"ocean_custom_logo_tablet_max_width":0,"ocean_custom_logo_mobile_max_width":0,"ocean_custom_logo_max_height":0,"ocean_custom_logo_tablet_max_height":0,"ocean_custom_logo_mobile_max_height":0,"ocean_header_custom_menu":"0","ocean_menu_typo_font_family":"0","ocean_menu_typo_font_subset":"","ocean_menu_typo_font_size":0,"ocean_menu_typo_font_size_tablet":0,"ocean_menu_typo_font_size_mobile":0,"ocean_menu_typo_font_size_unit":"px","ocean_menu_typo_font_weight":"","ocean_menu_typo_font_weight_tablet":"","ocean_menu_typo_font_weight_mobile":"","ocean_menu_typo_transform":"","ocean_menu_typo_transform_tablet":"","ocean_menu_typo_transform_mobile":"","ocean_menu_typo_line_height":0,"ocean_menu_typo_line_height_tablet":0,"ocean_menu_typo_line_height_mobile":0,"ocean_menu_typo_line_height_unit":"","ocean_menu_typo_spacing":0,"ocean_menu_typo_spacing_tablet":0,"ocean_menu_typo_spacing_mobile":0,"ocean_menu_typo_spacing_unit":"","ocean_menu_link_color":"","ocean_menu_link_color_hover":"","ocean_menu_link_color_active":"","ocean_menu_link_background":"","ocean_menu_link_hover_background":"","ocean_menu_link_active_background":"","ocean_menu_social_links_bg":"","ocean_menu_social_hover_links_bg":"","ocean_menu_social_links_color":"","ocean_menu_social_hover_links_color":"","ocean_disable_title":"default","ocean_disable_heading":"default","ocean_post_title":"","ocean_post_subheading":"","ocean_post_title_style":"","ocean_post_title_background_color":"","ocean_post_title_background":0,"ocean_post_title_bg_image_position":"","ocean_post_title_bg_image_attachment":"","ocean_post_title_bg_image_repeat":"","ocean_post_title_bg_image_size":"","ocean_post_title_height":0,"ocean_post_title_bg_overlay":0.5,"ocean_post_title_bg_overlay_color":"","ocean_disable_breadcrumbs":"default","ocean_breadcrumbs_color":"","ocean_breadcrumbs_separator_color":"","ocean_breadcrumbs_links_color":"","ocean_breadcrumbs_links_hover_color":"","ocean_display_footer_widgets":"default","ocean_display_footer_bottom":"default","ocean_custom_footer_template":"0","osh_disable_topbar_sticky":"default","osh_disable_header_sticky":"default","osh_sticky_header_style":"default","osh_sticky_header_effect":"","osh_custom_sticky_logo":0,"osh_custom_retina_sticky_logo":0,"osh_custom_sticky_logo_height":0,"osh_background_color":"","osh_links_color":"","osh_links_hover_color":"","osh_links_active_color":"","osh_links_bg_color":"","osh_links_hover_bg_color":"","osh_links_active_bg_color":"","osh_menu_social_links_color":"","osh_menu_social_hover_links_color":""},"product_brand":[],"product_cat":[42],"product_tag":[73,138,141,50,156,52,56,155],"class_list":{"0":"post-3995","1":"product","2":"type-product","3":"status-publish","4":"has-post-thumbnail","6":"product_cat-electric-grease-pumps","7":"product_tag-automatic","8":"product_tag-centralized-lubrication-pump","9":"product_tag-electric-lubrication-pump","10":"product_tag-electric-pump","11":"product_tag-installing-a-lhl-grease-pump","12":"product_tag-lubrication-pump","13":"product_tag-lubrication-system","14":"product_tag-p207-lubrication-pump","16":"entry","17":"has-media","19":"first","20":"instock","21":"featured","22":"shipping-taxable","23":"product-type-external","24":"col","25":"span_1_of_3","26":"owp-content-left","27":"owp-thumbs-layout-horizontal","28":"owp-btn-normal","29":"owp-tabs-layout-horizontal"},"_links":{"self":[{"href":"https:\/\/www.mesolube.com\/pt\/wp-json\/wp\/v2\/product\/3995","targetHints":{"allow":["GET"]}}],"collection":[{"href":"https:\/\/www.mesolube.com\/pt\/wp-json\/wp\/v2\/product"}],"about":[{"href":"https:\/\/www.mesolube.com\/pt\/wp-json\/wp\/v2\/types\/product"}],"wp:featuredmedia":[{"embeddable":true,"href":"https:\/\/www.mesolube.com\/pt\/wp-json\/wp\/v2\/media\/4051"}],"wp:attachment":[{"href":"https:\/\/www.mesolube.com\/pt\/wp-json\/wp\/v2\/media?parent=3995"}],"wp:term":[{"taxonomy":"product_brand","embeddable":true,"href":"https:\/\/www.mesolube.com\/pt\/wp-json\/wp\/v2\/product_brand?post=3995"},{"taxonomy":"product_cat","embeddable":true,"href":"https:\/\/www.mesolube.com\/pt\/wp-json\/wp\/v2\/product_cat?post=3995"},{"taxonomy":"product_tag","embeddable":true,"href":"https:\/\/www.mesolube.com\/pt\/wp-json\/wp\/v2\/product_tag?post=3995"}],"curies":[{"name":"wp","href":"https:\/\/api.w.org\/{rel}","templated":true}]}}