{"id":5042,"date":"2025-12-25T01:30:51","date_gmt":"2025-12-25T01:30:51","guid":{"rendered":"https:\/\/www.mesolube.com\/?post_type=product&#038;p=5042"},"modified":"2025-12-25T02:04:46","modified_gmt":"2025-12-25T02:04:46","slug":"p-215-30l-lubrication-pump-for-multi-line-lubrication-system","status":"publish","type":"product","link":"https:\/\/www.mesolube.com\/pt\/produto\/p-215-30l-lubrication-pump-for-multi-line-lubrication-system","title":{"rendered":"Bomba de lubrifica\u00e7\u00e3o el\u00e9trica P 215- 15\/30L -M10 para sistema de lubrifica\u00e7\u00e3o autom\u00e1tica multilinhas com reservat\u00f3rio de 15L e 30L."},"content":{"rendered":"<p class=\"responsive-video-wrap clr\"><iframe title=\"mesolube  electric  lubrication  pump  P215\" width=\"563\" height=\"1000\" src=\"https:\/\/www.youtube.com\/embed\/IHAI5oLDIBo?feature=oembed\" frameborder=\"0\" allow=\"accelerometer; autoplay; clipboard-write; encrypted-media; gyroscope; picture-in-picture; web-share\" referrerpolicy=\"strict-origin-when-cross-origin\" allowfullscreen><\/iframe><\/p>\n<p>Para sistemas de lubrifica\u00e7\u00e3o progressivos<br \/>\nA bomba de graxa el\u00e9trica Tmesolube P304 \u00e9 usada tanto em sistemas de lubrifica\u00e7\u00e3o de linha \u00fanica quanto em sistemas de lubrifica\u00e7\u00e3o progressiva. Forneceremos todos os produtos de lubrifica\u00e7\u00e3o, manuten\u00e7\u00e3o e instala\u00e7\u00e3o. Eles s\u00e3o adequados para muitos setores, incluindo escavadeiras, energia e\u00f3lica, caminh\u00f5es de rodas, carregadeiras, minas de carv\u00e3o, cimento e assim por diante. Como escolher um sistema de lubrifica\u00e7\u00e3o adequado para seu equipamento.<br \/>\nsob as seguintes circunst\u00e2ncias, qual sistema de lubrifica\u00e7\u00e3o pode ser usado,<br \/>\nprimeiro. se cada ponto de lubrifica\u00e7\u00e3o precisa de quantidades grandes e diferentes para cada vez,<br \/>\nsegundo, n\u00e3o \u00e9 necess\u00e1rio monitorar cada ponto de lubrifica\u00e7\u00e3o,<br \/>\nterceiro, o comprimento dos tubos principais \u00e9 ainda maior que 50 metros. Recomendamos que seja utilizado um sistema de lubrifica\u00e7\u00e3o de linha \u00fanica.<\/p>","protected":false},"excerpt":{"rendered":"<p><strong>Bombas de lubrifica\u00e7\u00e3o mesolube<\/strong>:<\/p>\n<p>This high-pressure, multi-line pump can drive up to 15 elements. Different sizes of adjustable elements are available. It is capable of handling direct supply of lubrication points or can be used as a centralized lubrication pump in large-sized progressive systems.<\/p>\n<p>P 215 pumps are available with a three-phase, multi-range motor, with a single-range motor, with a free shaft end for use with other motors, or with an oscillating drive. Various gear ratios and reservoirs of different sizes and materials are available. The reservoirs are suitable for both grease and oil and are offered with or without level control.<\/p>\n<ul>\n<li>These pumps P 215 lubrication pump feed lubricant from the reservoir into the tubing system of an automatic centralized lubrication system.<\/li>\n<li>Eles mant\u00eam press\u00e3o suficiente para compensar quedas de press\u00e3o em tubula\u00e7\u00f5es, filtros, v\u00e1lvulas, distribuidores e pontos de fric\u00e7\u00e3o.<\/li>\n<li>Diferentes tipos incluem:\n<ul>\n<li><strong>multi-line lubrication systems<\/strong><\/li>\n<li><strong>Sistemas de lubrifica\u00e7\u00e3o progressiva<\/strong><\/li>\n<li>Stationary machines with a high lubricant consumption<\/li>\n<li>Screens and crushers in quarries<\/li>\n<li>Material handling equipment<\/li>\n<li>Roller coasters<\/li>\n<\/ul>\n<\/li>\n<\/ul>\n<p>&nbsp;<\/p>","protected":false},"featured_media":5043,"template":"","meta":{"ocean_post_layout":"","ocean_both_sidebars_style":"","ocean_both_sidebars_content_width":0,"ocean_both_sidebars_sidebars_width":0,"ocean_sidebar":"0","ocean_second_sidebar":"0","ocean_disable_margins":"enable","ocean_add_body_class":"","ocean_shortcode_before_top_bar":"","ocean_shortcode_after_top_bar":"","ocean_shortcode_before_header":"","ocean_shortcode_after_header":"","ocean_has_shortcode":"","ocean_shortcode_after_title":"","ocean_shortcode_before_footer_widgets":"","ocean_shortcode_after_footer_widgets":"","ocean_shortcode_before_footer_bottom":"","ocean_shortcode_after_footer_bottom":"","ocean_display_top_bar":"default","ocean_display_header":"default","ocean_header_style":"","ocean_center_header_left_menu":"0","ocean_custom_header_template":"0","ocean_custom_logo":0,"ocean_custom_retina_logo":0,"ocean_custom_logo_max_width":0,"ocean_custom_logo_tablet_max_width":0,"ocean_custom_logo_mobile_max_width":0,"ocean_custom_logo_max_height":0,"ocean_custom_logo_tablet_max_height":0,"ocean_custom_logo_mobile_max_height":0,"ocean_header_custom_menu":"0","ocean_menu_typo_font_family":"0","ocean_menu_typo_font_subset":"","ocean_menu_typo_font_size":0,"ocean_menu_typo_font_size_tablet":0,"ocean_menu_typo_font_size_mobile":0,"ocean_menu_typo_font_size_unit":"px","ocean_menu_typo_font_weight":"","ocean_menu_typo_font_weight_tablet":"","ocean_menu_typo_font_weight_mobile":"","ocean_menu_typo_transform":"","ocean_menu_typo_transform_tablet":"","ocean_menu_typo_transform_mobile":"","ocean_menu_typo_line_height":0,"ocean_menu_typo_line_height_tablet":0,"ocean_menu_typo_line_height_mobile":0,"ocean_menu_typo_line_height_unit":"","ocean_menu_typo_spacing":0,"ocean_menu_typo_spacing_tablet":0,"ocean_menu_typo_spacing_mobile":0,"ocean_menu_typo_spacing_unit":"","ocean_menu_link_color":"","ocean_menu_link_color_hover":"","ocean_menu_link_color_active":"","ocean_menu_link_background":"","ocean_menu_link_hover_background":"","ocean_menu_link_active_background":"","ocean_menu_social_links_bg":"","ocean_menu_social_hover_links_bg":"","ocean_menu_social_links_color":"","ocean_menu_social_hover_links_color":"","ocean_disable_title":"default","ocean_disable_heading":"default","ocean_post_title":"","ocean_post_subheading":"","ocean_post_title_style":"","ocean_post_title_background_color":"","ocean_post_title_background":0,"ocean_post_title_bg_image_position":"","ocean_post_title_bg_image_attachment":"","ocean_post_title_bg_image_repeat":"","ocean_post_title_bg_image_size":"","ocean_post_title_height":0,"ocean_post_title_bg_overlay":0.5,"ocean_post_title_bg_overlay_color":"","ocean_disable_breadcrumbs":"default","ocean_breadcrumbs_color":"","ocean_breadcrumbs_separator_color":"","ocean_breadcrumbs_links_color":"","ocean_breadcrumbs_links_hover_color":"","ocean_display_footer_widgets":"default","ocean_display_footer_bottom":"default","ocean_custom_footer_template":"0","osh_disable_topbar_sticky":"default","osh_disable_header_sticky":"default","osh_sticky_header_style":"default","osh_sticky_header_effect":"","osh_custom_sticky_logo":0,"osh_custom_retina_sticky_logo":0,"osh_custom_sticky_logo_height":0,"osh_background_color":"","osh_links_color":"","osh_links_hover_color":"","osh_links_active_color":"","osh_links_bg_color":"","osh_links_hover_bg_color":"","osh_links_active_bg_color":"","osh_menu_social_links_color":"","osh_menu_social_hover_links_color":""},"product_brand":[],"product_cat":[42],"product_tag":[106,138,50,108,140,179,139,207,206],"class_list":{"0":"post-5042","1":"product","2":"type-product","3":"status-publish","4":"has-post-thumbnail","6":"product_cat-electric-grease-pumps","7":"product_tag-automatic-control-of-air-and-oil-lubrication-system","8":"product_tag-centralized-lubrication-pump","9":"product_tag-electric-pump","10":"product_tag-electrically-operated-lubrication-pump","11":"product_tag-lubrication-pumps","12":"product_tag-lubricaton-parts","13":"product_tag-p203-grease-pump","14":"product_tag-p215-lubrication-pump","15":"product_tag-p215-multi-line-lubricaion-pump","17":"entry","18":"has-media","20":"first","21":"instock","22":"featured","23":"shipping-taxable","24":"product-type-external","25":"col","26":"span_1_of_3","27":"owp-content-left","28":"owp-thumbs-layout-horizontal","29":"owp-btn-normal","30":"owp-tabs-layout-horizontal"},"_links":{"self":[{"href":"https:\/\/www.mesolube.com\/pt\/wp-json\/wp\/v2\/product\/5042","targetHints":{"allow":["GET"]}}],"collection":[{"href":"https:\/\/www.mesolube.com\/pt\/wp-json\/wp\/v2\/product"}],"about":[{"href":"https:\/\/www.mesolube.com\/pt\/wp-json\/wp\/v2\/types\/product"}],"wp:featuredmedia":[{"embeddable":true,"href":"https:\/\/www.mesolube.com\/pt\/wp-json\/wp\/v2\/media\/5043"}],"wp:attachment":[{"href":"https:\/\/www.mesolube.com\/pt\/wp-json\/wp\/v2\/media?parent=5042"}],"wp:term":[{"taxonomy":"product_brand","embeddable":true,"href":"https:\/\/www.mesolube.com\/pt\/wp-json\/wp\/v2\/product_brand?post=5042"},{"taxonomy":"product_cat","embeddable":true,"href":"https:\/\/www.mesolube.com\/pt\/wp-json\/wp\/v2\/product_cat?post=5042"},{"taxonomy":"product_tag","embeddable":true,"href":"https:\/\/www.mesolube.com\/pt\/wp-json\/wp\/v2\/product_tag?post=5042"}],"curies":[{"name":"wp","href":"https:\/\/api.w.org\/{rel}","templated":true}]}}