{"id":5054,"date":"2025-12-25T02:28:27","date_gmt":"2025-12-25T02:28:27","guid":{"rendered":"https:\/\/www.mesolube.com\/?post_type=product&#038;p=5054"},"modified":"2025-12-25T03:10:23","modified_gmt":"2025-12-25T03:10:23","slug":"electrically-operated-flowmaster-high-performance-pumps-for-single-line-automatic-lubrication-system-with-reservoir-30l-50l","status":"publish","type":"product","link":"https:\/\/www.mesolube.com\/pt\/produto\/electrically-operated-flowmaster-high-performance-pumps-for-single-line-automatic-lubrication-system-with-reservoir-30l-50l","title":{"rendered":"Bombas FlowMaster de alto desempenho com acionamento el\u00e9trico para sistema de lubrifica\u00e7\u00e3o autom\u00e1tica de linha \u00fanica com reservat\u00f3rio de 30L\/50L."},"content":{"rendered":"<p class=\"responsive-video-wrap clr\"><iframe title=\"electric  big grease pump #lubricationpump\" width=\"563\" height=\"1000\" src=\"https:\/\/www.youtube.com\/embed\/CfWgKfF386Y?feature=oembed\" frameborder=\"0\" allow=\"accelerometer; autoplay; clipboard-write; encrypted-media; gyroscope; picture-in-picture; web-share\" referrerpolicy=\"strict-origin-when-cross-origin\" allowfullscreen><\/iframe><\/p>\n<h3>Suitable for single-line lubrication systems<\/h3>\n<p>Compact and versatile, its unique rotary drive and modular gear set let you adjust the speed of the pump&#8217;s motor to exactly fit your application. FlowMaster pumps can save the cost of air and plug in 12\/24 V DC, 120\/230-1ph and 230\/460-3ph V AC models. The motion of pump created by the electric rotary motor is converted into reciprocating pump motion, providing an efficient lubricant flow. Because of its rotary drive,<\/p>","protected":false},"excerpt":{"rendered":"<p><strong>Bombas de lubrifica\u00e7\u00e3o mesolube<\/strong>:<\/p>\n<h3>Suitable for single-line lubrication systems<\/h3>\n<p>Compact and versatile, its unique rotary drive and modular gear set let you adjust the speed of the pump&#8217;s motor to exactly fit your application. FlowMaster pumps can save the cost of air and plug in 12\/24 V DC, 120\/230-1ph and 230\/460-3ph V AC models. The motion of pump created by the electric rotary motor is converted into reciprocating pump motion, providing an efficient lubricant flow. Because of its rotary drive, the motor can be placed directly on the pump. As a result, the pump is so compact it fits almost anywhere.\u00a0FlowMaster pumps are optionally available incl.\u00a0<strong><a class=\"embedded-entry redactor-component block-entry\" title=\"Product info - mechanical overflow prevention system\" href=\"https:\/\/www.skf.com\/products\/lubrication-management\/system-components\/monitoring-devices\/overflow-prevention-system\" target=\"_blank\" rel=\"noopener\" type=\"entry\" data-sys-entry-uid=\"bltda8e91dc5ecec42f\" data-sys-entry-locale=\"en\" data-sys-content-type-uid=\"products_page_type\">mechanical overflow prevention system<\/a><\/strong>\u00a0to improve worker and environmental safety by helping to prevent hazards associated with reservoir overfilling.<\/p>\n<p>The future of automatic lubrication lies in digitalization and intelligence\u2014and our recent cases prove its transformative power.<\/p>\n<p>Great conversations, new partnerships, and a clear demand for reliable lubrication tech!<\/p>\n<p>&nbsp;<\/p>","protected":false},"featured_media":5055,"template":"","meta":{"ocean_post_layout":"","ocean_both_sidebars_style":"","ocean_both_sidebars_content_width":0,"ocean_both_sidebars_sidebars_width":0,"ocean_sidebar":"0","ocean_second_sidebar":"0","ocean_disable_margins":"enable","ocean_add_body_class":"","ocean_shortcode_before_top_bar":"","ocean_shortcode_after_top_bar":"","ocean_shortcode_before_header":"","ocean_shortcode_after_header":"","ocean_has_shortcode":"","ocean_shortcode_after_title":"","ocean_shortcode_before_footer_widgets":"","ocean_shortcode_after_footer_widgets":"","ocean_shortcode_before_footer_bottom":"","ocean_shortcode_after_footer_bottom":"","ocean_display_top_bar":"default","ocean_display_header":"default","ocean_header_style":"","ocean_center_header_left_menu":"0","ocean_custom_header_template":"0","ocean_custom_logo":0,"ocean_custom_retina_logo":0,"ocean_custom_logo_max_width":0,"ocean_custom_logo_tablet_max_width":0,"ocean_custom_logo_mobile_max_width":0,"ocean_custom_logo_max_height":0,"ocean_custom_logo_tablet_max_height":0,"ocean_custom_logo_mobile_max_height":0,"ocean_header_custom_menu":"0","ocean_menu_typo_font_family":"0","ocean_menu_typo_font_subset":"","ocean_menu_typo_font_size":0,"ocean_menu_typo_font_size_tablet":0,"ocean_menu_typo_font_size_mobile":0,"ocean_menu_typo_font_size_unit":"px","ocean_menu_typo_font_weight":"","ocean_menu_typo_font_weight_tablet":"","ocean_menu_typo_font_weight_mobile":"","ocean_menu_typo_transform":"","ocean_menu_typo_transform_tablet":"","ocean_menu_typo_transform_mobile":"","ocean_menu_typo_line_height":0,"ocean_menu_typo_line_height_tablet":0,"ocean_menu_typo_line_height_mobile":0,"ocean_menu_typo_line_height_unit":"","ocean_menu_typo_spacing":0,"ocean_menu_typo_spacing_tablet":0,"ocean_menu_typo_spacing_mobile":0,"ocean_menu_typo_spacing_unit":"","ocean_menu_link_color":"","ocean_menu_link_color_hover":"","ocean_menu_link_color_active":"","ocean_menu_link_background":"","ocean_menu_link_hover_background":"","ocean_menu_link_active_background":"","ocean_menu_social_links_bg":"","ocean_menu_social_hover_links_bg":"","ocean_menu_social_links_color":"","ocean_menu_social_hover_links_color":"","ocean_disable_title":"default","ocean_disable_heading":"default","ocean_post_title":"","ocean_post_subheading":"","ocean_post_title_style":"","ocean_post_title_background_color":"","ocean_post_title_background":0,"ocean_post_title_bg_image_position":"","ocean_post_title_bg_image_attachment":"","ocean_post_title_bg_image_repeat":"","ocean_post_title_bg_image_size":"","ocean_post_title_height":0,"ocean_post_title_bg_overlay":0.5,"ocean_post_title_bg_overlay_color":"","ocean_disable_breadcrumbs":"default","ocean_breadcrumbs_color":"","ocean_breadcrumbs_separator_color":"","ocean_breadcrumbs_links_color":"","ocean_breadcrumbs_links_hover_color":"","ocean_display_footer_widgets":"default","ocean_display_footer_bottom":"default","ocean_custom_footer_template":"0","osh_disable_topbar_sticky":"default","osh_disable_header_sticky":"default","osh_sticky_header_style":"default","osh_sticky_header_effect":"","osh_custom_sticky_logo":0,"osh_custom_retina_sticky_logo":0,"osh_custom_sticky_logo_height":0,"osh_background_color":"","osh_links_color":"","osh_links_hover_color":"","osh_links_active_color":"","osh_links_bg_color":"","osh_links_hover_bg_color":"","osh_links_active_bg_color":"","osh_menu_social_links_color":"","osh_menu_social_hover_links_color":""},"product_brand":[],"product_cat":[42],"product_tag":[106,138,50,108,140,179,139,207,206],"class_list":{"0":"post-5054","1":"product","2":"type-product","3":"status-publish","4":"has-post-thumbnail","6":"product_cat-electric-grease-pumps","7":"product_tag-automatic-control-of-air-and-oil-lubrication-system","8":"product_tag-centralized-lubrication-pump","9":"product_tag-electric-pump","10":"product_tag-electrically-operated-lubrication-pump","11":"product_tag-lubrication-pumps","12":"product_tag-lubricaton-parts","13":"product_tag-p203-grease-pump","14":"product_tag-p215-lubrication-pump","15":"product_tag-p215-multi-line-lubricaion-pump","17":"entry","18":"has-media","20":"first","21":"instock","22":"featured","23":"shipping-taxable","24":"product-type-external","25":"col","26":"span_1_of_3","27":"owp-content-left","28":"owp-thumbs-layout-horizontal","29":"owp-btn-normal","30":"owp-tabs-layout-horizontal"},"_links":{"self":[{"href":"https:\/\/www.mesolube.com\/pt\/wp-json\/wp\/v2\/product\/5054","targetHints":{"allow":["GET"]}}],"collection":[{"href":"https:\/\/www.mesolube.com\/pt\/wp-json\/wp\/v2\/product"}],"about":[{"href":"https:\/\/www.mesolube.com\/pt\/wp-json\/wp\/v2\/types\/product"}],"wp:featuredmedia":[{"embeddable":true,"href":"https:\/\/www.mesolube.com\/pt\/wp-json\/wp\/v2\/media\/5055"}],"wp:attachment":[{"href":"https:\/\/www.mesolube.com\/pt\/wp-json\/wp\/v2\/media?parent=5054"}],"wp:term":[{"taxonomy":"product_brand","embeddable":true,"href":"https:\/\/www.mesolube.com\/pt\/wp-json\/wp\/v2\/product_brand?post=5054"},{"taxonomy":"product_cat","embeddable":true,"href":"https:\/\/www.mesolube.com\/pt\/wp-json\/wp\/v2\/product_cat?post=5054"},{"taxonomy":"product_tag","embeddable":true,"href":"https:\/\/www.mesolube.com\/pt\/wp-json\/wp\/v2\/product_tag?post=5054"}],"curies":[{"name":"wp","href":"https:\/\/api.w.org\/{rel}","templated":true}]}}